{"id":776370,"date":"2025-09-24T18:20:40","date_gmt":"2025-09-24T15:20:40","guid":{"rendered":"https:\/\/roveyayinevi.com.tr\/index.php\/urun\/mazideki-halimizin-golgesi\/"},"modified":"2026-04-15T03:42:37","modified_gmt":"2026-04-15T00:42:37","slug":"mazideki-halimizin-golgesi","status":"publish","type":"product","link":"https:\/\/roveyayinevi.com.tr\/index.php\/urun\/mazideki-halimizin-golgesi\/","title":{"rendered":"Mazideki Halimizin G\u00f6lgesi"},"content":{"rendered":"<p>\u201cCesur insan yoktur, sadece korkusuyla kol kola verip ilerleyen insanlar vard\u0131r.\u201d   \u201cKaybedenlerin\u201d yazar\u0131 Luis Sep\u00falveda, Mazideki Halimizin G\u00f6lgesi\u2019nde ge\u00e7mi\u015fin y\u00fck\u00fc alt\u0131nda ezilmi\u015f 3 solcu militan\u0131n hik\u00e2yesini g\u00f6zler \u00f6n\u00fcne seriyor. Okuru sadece bir kurguya de\u011fil; \u015eili tarihinin ac\u0131 dolu sayfalar\u0131na, G\u00fcney Amerika\u2019n\u0131n diktat\u00f6rlerinin g\u00f6lgesine ve Santiago gecelerinin \u00fcrpertici atmosferine ta\u015f\u0131yor. Siyasetin birey \u00fczerindeki ac\u0131mas\u0131z kontrol\u00fcn\u00fc, k\u0131tan\u0131n bask\u0131c\u0131 rejimlerinin insan ruhunu nas\u0131l yok etti\u011fini, hayat\u0131n tesad\u00fcflerini bir \u00f6r\u00fcmcek a\u011f\u0131 gibi ilmek ilmek \u00f6r\u00fcyor.   Luis Sep\u00falveda, kendine has inceli\u011fi ve keskin g\u00f6zlem g\u00fcc\u00fcyle, ge\u00e7mi\u015fin g\u00f6lgelerinin bug\u00fcn\u00fc nas\u0131l \u015fekillendirdi\u011fini, an\u0131lar\u0131n ne denli g\u00fc\u00e7l\u00fc bir miras oldu\u011funu hat\u0131rlat\u0131yor. Mazideki Halimizin G\u00f6lgesi direni\u015fin, an\u0131lar\u0131n ve tarihin pe\u015fine d\u00fc\u015fenlerin seyir defteri. Adalet diye bir \u015fey yoktu; sadece budalalar ya da \u00f6dlekler, devletin babacan bayra\u011f\u0131n\u0131n otuz y\u0131l boyunca d\u00f6kt\u00fckleri ya da i\u00e7lerine ak\u0131tt\u0131klar\u0131 g\u00f6zya\u015flar\u0131n\u0131 kurutabilece\u011fine inan\u0131rd\u0131. <\/p>\n","protected":false},"excerpt":{"rendered":"<p>\u201cCesur insan yoktur, sadece korkusuyla kol kola verip ilerleyen insanlar vard\u0131r.\u201d \u201cKaybedenlerin\u201d yazar\u0131 Luis Sep\u00falveda, Mazideki Halimizin G\u00f6lgesi\u2019nde ge\u00e7mi\u015fin y\u00fck\u00fc alt\u0131nda ezilmi\u015f 3 solcu militan\u0131n hik\u00e2yesini<span class=\"excerpt-hellip\"> [\u2026]<\/span><\/p>\n","protected":false},"featured_media":0,"template":"","meta":{"_monsterinsights_skip_tracking":false,"_monsterinsights_sitenote_active":false,"_monsterinsights_sitenote_note":"","_monsterinsights_sitenote_category":0},"product_brand":[],"product_cat":[12291,12711],"product_tag":[],"class_list":{"0":"post-776370","1":"product","2":"type-product","3":"status-publish","5":"product_cat-edebiyat","6":"product_cat-roman-oyku","7":"pa_cilt-ciltsiz","8":"pa_tur-kitap","9":"pa_yayinevi-everest-yayinlari","10":"pa_yazar-luis-sepulveda","12":"first","13":"instock","14":"sale","15":"shipping-taxable","16":"purchasable","17":"product-type-simple"},"_links":{"self":[{"href":"https:\/\/roveyayinevi.com.tr\/index.php\/wp-json\/wp\/v2\/product\/776370","targetHints":{"allow":["GET"]}}],"collection":[{"href":"https:\/\/roveyayinevi.com.tr\/index.php\/wp-json\/wp\/v2\/product"}],"about":[{"href":"https:\/\/roveyayinevi.com.tr\/index.php\/wp-json\/wp\/v2\/types\/product"}],"wp:attachment":[{"href":"https:\/\/roveyayinevi.com.tr\/index.php\/wp-json\/wp\/v2\/media?parent=776370"}],"wp:term":[{"taxonomy":"product_brand","embeddable":true,"href":"https:\/\/roveyayinevi.com.tr\/index.php\/wp-json\/wp\/v2\/product_brand?post=776370"},{"taxonomy":"product_cat","embeddable":true,"href":"https:\/\/roveyayinevi.com.tr\/index.php\/wp-json\/wp\/v2\/product_cat?post=776370"},{"taxonomy":"product_tag","embeddable":true,"href":"https:\/\/roveyayinevi.com.tr\/index.php\/wp-json\/wp\/v2\/product_tag?post=776370"}],"curies":[{"name":"wp","href":"https:\/\/api.w.org\/{rel}","templated":true}]}}