{"id":776368,"date":"2025-09-24T18:20:37","date_gmt":"2025-09-24T15:20:37","guid":{"rendered":"https:\/\/roveyayinevi.com.tr\/index.php\/urun\/danismend\/"},"modified":"2025-10-18T11:40:25","modified_gmt":"2025-10-18T08:40:25","slug":"danismend","status":"publish","type":"product","link":"https:\/\/roveyayinevi.com.tr\/index.php\/urun\/danismend\/","title":{"rendered":"Dani\u015fmend"},"content":{"rendered":"<p>\u0130smail H\u00e2mi Dani\u015fmend, b\u00fcy\u00fck bir tarih\u00e7i oldu\u011fu kadar, hem M\u00fctareke devrinde gazeteci olarak i\u015fgalcilerle kar\u015f\u0131 m\u00fccadele etti\u011fi, hem de Amerikan mandas\u0131n\u0131 savundu\u011fu Sivas Kongresi\u2019nde Mustafa Kemal\u2019le ters d\u00fc\u015ferek ya\u015fad\u0131\u011f\u0131 ciddi savrulma y\u00fcz\u00fcnden Ankara \u0130stikl\u00e2l Mahkemesi\u2019nde yarg\u0131land\u0131\u011f\u0131 i\u00e7in ayn\u0131 zamanda tarih\u00e7ilerin ilgi alan\u0131na giren siyas\u00ee bir fig\u00fcrd\u00fcr. Dani\u015fmend, Arap\u00e7a, Fars\u00e7a, Frans\u0131zca, \u0130ngilizce, Latince ve S\u00fcmerce biliyordu. \u0130stikl\u00e2l Mahkemesi\u2019nde beraat ettikten sonra devlette hi\u00e7 g\u00f6rev almam\u0131\u015f, kendini tarih ara\u015ft\u0131rmalar\u0131na vererek d\u00f6rt ciltlik \u0130zahl\u0131 Osmanl\u0131 Tarihi Kronolojisi\u2019ni yazm\u0131\u015f, \u00f6te yandan R\u00e2bia H\u00e2tun imzas\u0131yla yazd\u0131\u011f\u0131 lirik k\u0131t\u2019alar\u0131yla hararetli tart\u0131\u015fmalara yol a\u00e7arak edebiyat d\u00fcnyas\u0131n\u0131 y\u0131llarca me\u015fgul etmi\u015fti. Be\u015f evlilik ya\u015fayan Dani\u015fmend, gen\u00e7 ya\u015f\u0131nda hayata veda eden ikinci e\u015fi N\u00e2zan Han\u0131m\u2019\u0131 son nefesine kadar sevdi ve onun mezar\u0131na g\u00f6m\u00fcld\u00fc. R\u00e2bia H\u00e2tun \u015fiirlerinin as\u0131l muhatab\u0131 olan N\u00e2zan Han\u0131m, Fethi Ahmed Pa\u015fa\u2019yla E\u011finli Said Pa\u015fa\u2019n\u0131n torunlar\u0131ndand\u0131. Tarih anlay\u0131\u015f\u0131yla ve R\u00e2bia H\u00e2tun kimli\u011fiyle \u00e7ok tart\u0131\u015f\u0131lan ve 1950\u2019lerde, evinde yapt\u0131\u011f\u0131 cumartesi toplant\u0131lar\u0131yla geni\u015f bir sanat ve edebiyat \u00e7evresi olu\u015fturan Dani\u015fmend\u2019in heyecan verici ve renkli hayat\u0131n\u0131 Be\u015fir Ayvazo\u011flu\u2019nun kaleminden soluk almaks\u0131z\u0131n okuyacaks\u0131n\u0131z. <\/p>\n","protected":false},"excerpt":{"rendered":"<p>\u0130smail H\u00e2mi Dani\u015fmend, b\u00fcy\u00fck bir tarih\u00e7i oldu\u011fu kadar, hem M\u00fctareke devrinde gazeteci olarak i\u015fgalcilerle kar\u015f\u0131 m\u00fccadele etti\u011fi, hem de Amerikan mandas\u0131n\u0131 savundu\u011fu Sivas Kongresi\u2019nde Mustafa Kemal\u2019le<span class=\"excerpt-hellip\"> [\u2026]<\/span><\/p>\n","protected":false},"featured_media":0,"template":"","meta":{"_monsterinsights_skip_tracking":false,"_monsterinsights_sitenote_active":false,"_monsterinsights_sitenote_note":"","_monsterinsights_sitenote_category":0},"product_brand":[],"product_cat":[141304],"product_tag":[],"class_list":{"0":"post-776368","1":"product","2":"type-product","3":"status-publish","5":"product_cat-yeni-cikanlar","6":"pa_cilt-ciltsiz","7":"pa_tur-kitap","8":"pa_yayinevi-kapi-yayinlari","9":"pa_yazar-besir-ayvazoglu","11":"first","12":"instock","13":"sale","14":"shipping-taxable","15":"purchasable","16":"product-type-simple"},"_links":{"self":[{"href":"https:\/\/roveyayinevi.com.tr\/index.php\/wp-json\/wp\/v2\/product\/776368","targetHints":{"allow":["GET"]}}],"collection":[{"href":"https:\/\/roveyayinevi.com.tr\/index.php\/wp-json\/wp\/v2\/product"}],"about":[{"href":"https:\/\/roveyayinevi.com.tr\/index.php\/wp-json\/wp\/v2\/types\/product"}],"wp:attachment":[{"href":"https:\/\/roveyayinevi.com.tr\/index.php\/wp-json\/wp\/v2\/media?parent=776368"}],"wp:term":[{"taxonomy":"product_brand","embeddable":true,"href":"https:\/\/roveyayinevi.com.tr\/index.php\/wp-json\/wp\/v2\/product_brand?post=776368"},{"taxonomy":"product_cat","embeddable":true,"href":"https:\/\/roveyayinevi.com.tr\/index.php\/wp-json\/wp\/v2\/product_cat?post=776368"},{"taxonomy":"product_tag","embeddable":true,"href":"https:\/\/roveyayinevi.com.tr\/index.php\/wp-json\/wp\/v2\/product_tag?post=776368"}],"curies":[{"name":"wp","href":"https:\/\/api.w.org\/{rel}","templated":true}]}}