{"id":776359,"date":"2025-09-24T18:19:44","date_gmt":"2025-09-24T15:19:44","guid":{"rendered":"https:\/\/roveyayinevi.com.tr\/index.php\/urun\/falez-ve-kirlangic\/"},"modified":"2026-04-15T03:42:31","modified_gmt":"2026-04-15T00:42:31","slug":"falez-ve-kirlangic","status":"publish","type":"product","link":"https:\/\/roveyayinevi.com.tr\/index.php\/urun\/falez-ve-kirlangic\/","title":{"rendered":"Falez ve K\u0131rlang\u0131\u00e7"},"content":{"rendered":"<p>\u0130rem Ard\u0131\u00e7, y\u0131llard\u0131r birlikte oldu\u011fu sevgilisinin ona evlenme teklif etmek \u00fczere oldu\u011funu fark etti\u011finde derin bir korku hisseder. B\u00f6ylece bir s\u00fcreli\u011fine \u0130stanbul\u2019dan uzakla\u015fmaya karar verir. Biraz kafa dinlemek, biraz da yeni eseri \u00c7imen&#8217;i yazmak i\u00e7in rotas\u0131z bir \u015fekilde yola \u00e7\u0131kar ve kendini Ka\u015f\u2019ta bulur. Ge\u00e7mi\u015fte ya\u015fad\u0131\u011f\u0131 t\u00fcm hayal k\u0131r\u0131kl\u0131klar\u0131n\u0131n \u00fcstesinden geldi\u011fini zanneden \u0130rem, onu seneler \u00f6nce terk eden Mira\u00e7 ile kar\u015f\u0131la\u015ft\u0131\u011f\u0131nda, bunu \u00e7oktan atlatt\u0131\u011f\u0131na ve ona kar\u015f\u0131 bir \u015fey hissetmedi\u011fine emindir. Ancak i\u015fler hi\u00e7 de onun d\u00fc\u015f\u00fcnd\u00fc\u011f\u00fc gibi gitmeyecektir. Mira\u00e7, neden bu sahil kasabas\u0131na ta\u015f\u0131nm\u0131\u015ft\u0131r? \u0130rem\u2019i terk eden kendisiyken, neden ona kar\u015f\u0131 h\u00e2l\u00e2 bir \u015feyler hissediyor gibi davranmaktad\u0131r? \u0130kinci \u015fanslar\u0131n, yaz kokusu ve Ka\u015f\u2019\u0131n muhte\u015fem atmosferiyle harmanland\u0131\u011f\u0131 bu hik\u00e2ye, sizi \u00c7imen\u2019in yaz\u0131m yolculu\u011funa ve affetmeye dair sat\u0131rlar\u0131na davet ediyor.<\/p>\n","protected":false},"excerpt":{"rendered":"<p>\u0130rem Ard\u0131\u00e7, y\u0131llard\u0131r birlikte oldu\u011fu sevgilisinin ona evlenme teklif etmek \u00fczere oldu\u011funu fark etti\u011finde derin bir korku hisseder. B\u00f6ylece bir s\u00fcreli\u011fine \u0130stanbul\u2019dan uzakla\u015fmaya karar verir. Biraz<span class=\"excerpt-hellip\"> [\u2026]<\/span><\/p>\n","protected":false},"featured_media":0,"template":"","meta":{"_monsterinsights_skip_tracking":false,"_monsterinsights_sitenote_active":false,"_monsterinsights_sitenote_note":"","_monsterinsights_sitenote_category":0},"product_brand":[],"product_cat":[12291,12711],"product_tag":[],"class_list":{"0":"post-776359","1":"product","2":"type-product","3":"status-publish","5":"product_cat-edebiyat","6":"product_cat-roman-oyku","7":"pa_cilt-ciltsiz","8":"pa_tur-kitap","9":"pa_yayinevi-artemis-yayinlari","10":"pa_yazar-r-ayca-kavraz","12":"first","13":"instock","14":"sale","15":"shipping-taxable","16":"purchasable","17":"product-type-simple"},"_links":{"self":[{"href":"https:\/\/roveyayinevi.com.tr\/index.php\/wp-json\/wp\/v2\/product\/776359","targetHints":{"allow":["GET"]}}],"collection":[{"href":"https:\/\/roveyayinevi.com.tr\/index.php\/wp-json\/wp\/v2\/product"}],"about":[{"href":"https:\/\/roveyayinevi.com.tr\/index.php\/wp-json\/wp\/v2\/types\/product"}],"wp:attachment":[{"href":"https:\/\/roveyayinevi.com.tr\/index.php\/wp-json\/wp\/v2\/media?parent=776359"}],"wp:term":[{"taxonomy":"product_brand","embeddable":true,"href":"https:\/\/roveyayinevi.com.tr\/index.php\/wp-json\/wp\/v2\/product_brand?post=776359"},{"taxonomy":"product_cat","embeddable":true,"href":"https:\/\/roveyayinevi.com.tr\/index.php\/wp-json\/wp\/v2\/product_cat?post=776359"},{"taxonomy":"product_tag","embeddable":true,"href":"https:\/\/roveyayinevi.com.tr\/index.php\/wp-json\/wp\/v2\/product_tag?post=776359"}],"curies":[{"name":"wp","href":"https:\/\/api.w.org\/{rel}","templated":true}]}}