{"id":776357,"date":"2025-09-24T18:09:15","date_gmt":"2025-09-24T15:09:15","guid":{"rendered":"https:\/\/roveyayinevi.com.tr\/index.php\/urun\/kayip-balik-dori-disney-egitsel-oyunla-buyuyelim-noktalari-birlestirme\/"},"modified":"2026-04-15T03:39:22","modified_gmt":"2026-04-15T00:39:22","slug":"kayip-balik-dori-disney-egitsel-oyunla-buyuyelim-noktalari-birlestirme","status":"publish","type":"product","link":"https:\/\/roveyayinevi.com.tr\/index.php\/urun\/kayip-balik-dori-disney-egitsel-oyunla-buyuyelim-noktalari-birlestirme\/","title":{"rendered":"Kay\u0131p Bal\u0131k Dori &#8211; Disney E\u011fitsel Oyunla B\u00fcy\u00fcyelim Noktalar\u0131 Birle\u015ftirme"},"content":{"rendered":"<p>Oyunla B\u00fcy\u00fcyelim Okul \u00d6ncesi \u00d6\u011frenme Serisi, Disney E\u011fitsel program\u0131n\u0131n bir par\u00e7as\u0131 olarak okul \u00f6ncesi \u00e7ocuklar\u0131n; \u2022 El becerilerini geli\u015ftirir. \u2022 Kalem tutmay\u0131 kolayla\u015ft\u0131r\u0131r. \u2022 Matematik bilgisini geli\u015ftirir. \u2022 Yarat\u0131c\u0131l\u0131k ve hayal g\u00fcc\u00fcn\u00fc destekler. Kitaplardaki e\u011flenceli faaliyetleri yaparak ailece harika vakit ge\u00e7irecek ve \u00e7ocu\u011funuz okula e\u011flenceli bir ad\u0131m atacak! <\/p>\n","protected":false},"excerpt":{"rendered":"<p>Oyunla B\u00fcy\u00fcyelim Okul \u00d6ncesi \u00d6\u011frenme Serisi, Disney E\u011fitsel program\u0131n\u0131n bir par\u00e7as\u0131 olarak okul \u00f6ncesi \u00e7ocuklar\u0131n; \u2022 El becerilerini geli\u015ftirir. \u2022 Kalem tutmay\u0131 kolayla\u015ft\u0131r\u0131r. \u2022 Matematik bilgisini<span class=\"excerpt-hellip\"> [\u2026]<\/span><\/p>\n","protected":false},"featured_media":0,"template":"","meta":{"_monsterinsights_skip_tracking":false,"_monsterinsights_sitenote_active":false,"_monsterinsights_sitenote_note":"","_monsterinsights_sitenote_category":0},"product_brand":[],"product_cat":[12644,12274],"product_tag":[],"class_list":{"0":"post-776357","1":"product","2":"type-product","3":"status-publish","5":"product_cat-boyama-kitaplari","6":"product_cat-cocuk-ve-genclik-kitaplari","7":"pa_cilt-ciltsiz","8":"pa_tur-kitap","9":"pa_yayinevi-beta-kids","10":"pa_yazar-kolektif","12":"first","13":"instock","14":"sale","15":"shipping-taxable","16":"purchasable","17":"product-type-simple"},"_links":{"self":[{"href":"https:\/\/roveyayinevi.com.tr\/index.php\/wp-json\/wp\/v2\/product\/776357","targetHints":{"allow":["GET"]}}],"collection":[{"href":"https:\/\/roveyayinevi.com.tr\/index.php\/wp-json\/wp\/v2\/product"}],"about":[{"href":"https:\/\/roveyayinevi.com.tr\/index.php\/wp-json\/wp\/v2\/types\/product"}],"wp:attachment":[{"href":"https:\/\/roveyayinevi.com.tr\/index.php\/wp-json\/wp\/v2\/media?parent=776357"}],"wp:term":[{"taxonomy":"product_brand","embeddable":true,"href":"https:\/\/roveyayinevi.com.tr\/index.php\/wp-json\/wp\/v2\/product_brand?post=776357"},{"taxonomy":"product_cat","embeddable":true,"href":"https:\/\/roveyayinevi.com.tr\/index.php\/wp-json\/wp\/v2\/product_cat?post=776357"},{"taxonomy":"product_tag","embeddable":true,"href":"https:\/\/roveyayinevi.com.tr\/index.php\/wp-json\/wp\/v2\/product_tag?post=776357"}],"curies":[{"name":"wp","href":"https:\/\/api.w.org\/{rel}","templated":true}]}}