{"id":776355,"date":"2025-09-24T17:17:10","date_gmt":"2025-09-24T14:17:10","guid":{"rendered":"https:\/\/roveyayinevi.com.tr\/index.php\/urun\/cagdas-siyasal-akimlar\/"},"modified":"2026-04-15T03:31:27","modified_gmt":"2026-04-15T00:31:27","slug":"cagdas-siyasal-akimlar","status":"publish","type":"product","link":"https:\/\/roveyayinevi.com.tr\/index.php\/urun\/cagdas-siyasal-akimlar\/","title":{"rendered":"\u00c7a\u011fda\u015f Siyasal Ak\u0131mlar"},"content":{"rendered":"<p>Siyasal d\u00fc\u015f\u00fcnceler ve siyaset alan\u0131nda e\u011fitim g\u00f6ren \u00f6\u011frencilerle birlikte siyasal ideolojiler konusunda kendini geli\u015ftirmek isteyen herkese kar\u015f\u0131la\u015ft\u0131rmal\u0131 ve derinlemesine bilgi veren \u00c7a\u011fda\u015f Siyasal Ak\u0131mlar kitab\u0131 \u00e7ok ciddi katk\u0131lar sunmaktad\u0131r.G\u00f6zden ge\u00e7irilmi\u015f ikinci bask\u0131s\u0131 ile kitap, \u00f6zellikle be\u015f ana siyasal ak\u0131m olan Liberalizm, Sosyalizm, Fa\u015fizm, Anar\u015fizm ve Muhafazakarl\u0131k hakk\u0131nda birincil kaynaklar ba\u015fvurusu ile yo\u011fun bir bilgi birikimi sa\u011flamaktad\u0131r. Her bir ideolojinin tarihi k\u00f6kenleri, felsefi k\u00f6kenleri ve temel ilkelerinin analiz edildi\u011fi b\u00f6l\u00fcmler arac\u0131l\u0131\u011f\u0131yla okuyucu da kendini evrensel tart\u0131\u015fmalar\u0131n i\u00e7inde bulmaktad\u0131r.\u00d6zg\u00fcrl\u00fck, e\u015fitlik, adalet, iktidar, devlet, m\u00fclkiyet, s\u0131n\u0131flar, ekonomi, insan do\u011fas\u0131, insan haklar\u0131, hukuk, demokrasi, din vb. konularda tek tek ideolojilerin bak\u0131\u015f a\u00e7\u0131s\u0131n\u0131n ve duru\u015funun da incelendi\u011fi bu eser kendi alan\u0131nda da \u00f6zg\u00fcn ve yetkin bir de\u011fere sahiptir.<\/p>\n","protected":false},"excerpt":{"rendered":"<p>Siyasal d\u00fc\u015f\u00fcnceler ve siyaset alan\u0131nda e\u011fitim g\u00f6ren \u00f6\u011frencilerle birlikte siyasal ideolojiler konusunda kendini geli\u015ftirmek isteyen herkese kar\u015f\u0131la\u015ft\u0131rmal\u0131 ve derinlemesine bilgi veren \u00c7a\u011fda\u015f Siyasal Ak\u0131mlar kitab\u0131 \u00e7ok<span class=\"excerpt-hellip\"> [\u2026]<\/span><\/p>\n","protected":false},"featured_media":0,"template":"","meta":{"_monsterinsights_skip_tracking":false,"_monsterinsights_sitenote_active":false,"_monsterinsights_sitenote_note":"","_monsterinsights_sitenote_category":0},"product_brand":[],"product_cat":[13590,12337],"product_tag":[],"class_list":{"0":"post-776355","1":"product","2":"type-product","3":"status-publish","5":"product_cat-arastirma-inceleme-politika-siyaset","6":"product_cat-politika-siyaset","7":"pa_cilt-ciltsiz","8":"pa_tur-kitap","9":"pa_yayinevi-orion-kitabevi","10":"pa_yazar-halis-cetin","12":"first","13":"instock","14":"sale","15":"shipping-taxable","16":"purchasable","17":"product-type-simple"},"_links":{"self":[{"href":"https:\/\/roveyayinevi.com.tr\/index.php\/wp-json\/wp\/v2\/product\/776355","targetHints":{"allow":["GET"]}}],"collection":[{"href":"https:\/\/roveyayinevi.com.tr\/index.php\/wp-json\/wp\/v2\/product"}],"about":[{"href":"https:\/\/roveyayinevi.com.tr\/index.php\/wp-json\/wp\/v2\/types\/product"}],"wp:attachment":[{"href":"https:\/\/roveyayinevi.com.tr\/index.php\/wp-json\/wp\/v2\/media?parent=776355"}],"wp:term":[{"taxonomy":"product_brand","embeddable":true,"href":"https:\/\/roveyayinevi.com.tr\/index.php\/wp-json\/wp\/v2\/product_brand?post=776355"},{"taxonomy":"product_cat","embeddable":true,"href":"https:\/\/roveyayinevi.com.tr\/index.php\/wp-json\/wp\/v2\/product_cat?post=776355"},{"taxonomy":"product_tag","embeddable":true,"href":"https:\/\/roveyayinevi.com.tr\/index.php\/wp-json\/wp\/v2\/product_tag?post=776355"}],"curies":[{"name":"wp","href":"https:\/\/api.w.org\/{rel}","templated":true}]}}