{"id":776353,"date":"2025-09-24T17:13:32","date_gmt":"2025-09-24T14:13:32","guid":{"rendered":"https:\/\/roveyayinevi.com.tr\/index.php\/urun\/kacis-rampasi-2\/"},"modified":"2025-12-30T11:30:56","modified_gmt":"2025-12-30T08:30:56","slug":"kacis-rampasi-2","status":"publish","type":"product","link":"https:\/\/roveyayinevi.com.tr\/index.php\/urun\/kacis-rampasi-2\/","title":{"rendered":"Ka\u00e7\u0131\u015f Rampas\u0131"},"content":{"rendered":"<p>Gel ve g\u00f6ster ba\u015fkal\u0131\u011f\u0131n\u0131.Al\u0131\u015fmadan birbirimize, daha a\u011flamadan&#8230;K\u0131z\u0131m\u0131z yok hen\u00fcz, o\u011flumuz okula ba\u015flamadanBize serin ininde saklad\u0131\u011f\u0131n i\u00e7kilerinden sun.Sevindir han\u00e7erinle, \u015fu bozk\u0131rda susayan kavunu.<\/p>\n","protected":false},"excerpt":{"rendered":"<p>Gel ve g\u00f6ster ba\u015fkal\u0131\u011f\u0131n\u0131.Al\u0131\u015fmadan birbirimize, daha a\u011flamadan&#8230;K\u0131z\u0131m\u0131z yok hen\u00fcz, o\u011flumuz okula ba\u015flamadanBize serin ininde saklad\u0131\u011f\u0131n i\u00e7kilerinden sun.Sevindir han\u00e7erinle, \u015fu bozk\u0131rda susayan kavunu.<\/p>\n","protected":false},"featured_media":0,"template":"","meta":{"_monsterinsights_skip_tracking":false,"_monsterinsights_sitenote_active":false,"_monsterinsights_sitenote_note":"","_monsterinsights_sitenote_category":0},"product_brand":[],"product_cat":[12291,12509],"product_tag":[],"class_list":{"0":"post-776353","1":"product","2":"type-product","3":"status-publish","5":"product_cat-edebiyat","6":"product_cat-siir","7":"pa_cilt-ciltsiz","8":"pa_tur-kitap","9":"pa_yayinevi-ozerk-bahce","10":"pa_yazar-ferruh-tunc","12":"first","13":"instock","14":"sale","15":"shipping-taxable","16":"purchasable","17":"product-type-simple"},"_links":{"self":[{"href":"https:\/\/roveyayinevi.com.tr\/index.php\/wp-json\/wp\/v2\/product\/776353","targetHints":{"allow":["GET"]}}],"collection":[{"href":"https:\/\/roveyayinevi.com.tr\/index.php\/wp-json\/wp\/v2\/product"}],"about":[{"href":"https:\/\/roveyayinevi.com.tr\/index.php\/wp-json\/wp\/v2\/types\/product"}],"wp:attachment":[{"href":"https:\/\/roveyayinevi.com.tr\/index.php\/wp-json\/wp\/v2\/media?parent=776353"}],"wp:term":[{"taxonomy":"product_brand","embeddable":true,"href":"https:\/\/roveyayinevi.com.tr\/index.php\/wp-json\/wp\/v2\/product_brand?post=776353"},{"taxonomy":"product_cat","embeddable":true,"href":"https:\/\/roveyayinevi.com.tr\/index.php\/wp-json\/wp\/v2\/product_cat?post=776353"},{"taxonomy":"product_tag","embeddable":true,"href":"https:\/\/roveyayinevi.com.tr\/index.php\/wp-json\/wp\/v2\/product_tag?post=776353"}],"curies":[{"name":"wp","href":"https:\/\/api.w.org\/{rel}","templated":true}]}}