{"id":776352,"date":"2025-09-24T17:13:30","date_gmt":"2025-09-24T14:13:30","guid":{"rendered":"https:\/\/roveyayinevi.com.tr\/index.php\/urun\/cehenneme-dogru\/"},"modified":"2025-12-30T11:30:56","modified_gmt":"2025-12-30T08:30:56","slug":"cehenneme-dogru","status":"publish","type":"product","link":"https:\/\/roveyayinevi.com.tr\/index.php\/urun\/cehenneme-dogru\/","title":{"rendered":"Cehenneme Do\u011fru"},"content":{"rendered":"<p>Yazm\u0131\u015f OlmakGocu\u011funu giymi\u015f bir kontrbassa\u00e7lar\u0131n\u0131 toplam\u0131\u015f bir kad\u0131nlasarma\u015f dola\u015f,otele do\u011fru y\u00fcr\u00fcyordu \u00f6n\u00fcmde.Pigalle&#8217;de sabaha kar\u015f\u0131yd\u0131, \u00e7\u0131kt\u0131\u011f\u0131mda mehyaneden.Yazmad\u0131m m\u0131?Yazd\u0131m.<\/p>\n","protected":false},"excerpt":{"rendered":"<p>Yazm\u0131\u015f OlmakGocu\u011funu giymi\u015f bir kontrbassa\u00e7lar\u0131n\u0131 toplam\u0131\u015f bir kad\u0131nlasarma\u015f dola\u015f,otele do\u011fru y\u00fcr\u00fcyordu \u00f6n\u00fcmde.Pigalle&#8217;de sabaha kar\u015f\u0131yd\u0131, \u00e7\u0131kt\u0131\u011f\u0131mda mehyaneden.Yazmad\u0131m m\u0131?Yazd\u0131m.<\/p>\n","protected":false},"featured_media":0,"template":"","meta":{"_monsterinsights_skip_tracking":false,"_monsterinsights_sitenote_active":false,"_monsterinsights_sitenote_note":"","_monsterinsights_sitenote_category":0},"product_brand":[],"product_cat":[12291,12509],"product_tag":[],"class_list":{"0":"post-776352","1":"product","2":"type-product","3":"status-publish","5":"product_cat-edebiyat","6":"product_cat-siir","7":"pa_cilt-ciltsiz","8":"pa_tur-kitap","9":"pa_yayinevi-ozerk-bahce","10":"pa_yazar-ferruh-tunc","12":"first","13":"instock","14":"sale","15":"shipping-taxable","16":"purchasable","17":"product-type-simple"},"_links":{"self":[{"href":"https:\/\/roveyayinevi.com.tr\/index.php\/wp-json\/wp\/v2\/product\/776352","targetHints":{"allow":["GET"]}}],"collection":[{"href":"https:\/\/roveyayinevi.com.tr\/index.php\/wp-json\/wp\/v2\/product"}],"about":[{"href":"https:\/\/roveyayinevi.com.tr\/index.php\/wp-json\/wp\/v2\/types\/product"}],"wp:attachment":[{"href":"https:\/\/roveyayinevi.com.tr\/index.php\/wp-json\/wp\/v2\/media?parent=776352"}],"wp:term":[{"taxonomy":"product_brand","embeddable":true,"href":"https:\/\/roveyayinevi.com.tr\/index.php\/wp-json\/wp\/v2\/product_brand?post=776352"},{"taxonomy":"product_cat","embeddable":true,"href":"https:\/\/roveyayinevi.com.tr\/index.php\/wp-json\/wp\/v2\/product_cat?post=776352"},{"taxonomy":"product_tag","embeddable":true,"href":"https:\/\/roveyayinevi.com.tr\/index.php\/wp-json\/wp\/v2\/product_tag?post=776352"}],"curies":[{"name":"wp","href":"https:\/\/api.w.org\/{rel}","templated":true}]}}