{"id":776351,"date":"2025-09-24T16:58:44","date_gmt":"2025-09-24T13:58:44","guid":{"rendered":"https:\/\/roveyayinevi.com.tr\/index.php\/urun\/yanan-alti-gul-ciltli\/"},"modified":"2026-04-15T03:27:42","modified_gmt":"2026-04-15T00:27:42","slug":"yanan-alti-gul-ciltli","status":"publish","type":"product","link":"https:\/\/roveyayinevi.com.tr\/index.php\/urun\/yanan-alti-gul-ciltli\/","title":{"rendered":"Yanan Alt\u0131 G\u00fcl (Ciltli)"},"content":{"rendered":"<p>Alt\u0131 g\u00fcl. Alt\u0131 \u015fi\u015fe kan. Bir vampire yap\u0131lan alt\u0131 ziyaret.   Bu ziyaretler Lilith&#8217;in kurtulu\u015fu ya da felaketi olacakt\u0131.   Lilith do\u011fdu\u011fu g\u00fcnden beri \u00f6l\u00fcm\u00fcn k\u0131y\u0131s\u0131ndayd\u0131 ve onun nefesini ensesinde hissetmeye uzun zaman \u00f6nce al\u0131\u015fm\u0131\u015ft\u0131. Ancak sevdi\u011fi herkesin \u00f6lece\u011fini d\u00fc\u015f\u00fcnmek tamamen farkl\u0131 bir konuydu. Kasabas\u0131, tanr\u0131lar\u0131n laneti sonucunda ortaya \u00e7\u0131kan gizemli bir hastal\u0131\u011f\u0131n pen\u00e7esinde yava\u015f yava\u015f kan kaybediyordu ve Lilith meseleyi kendi ba\u015f\u0131na \u00e7\u00f6zmeye karar vermi\u015fti. Fakat tedavi bulmak i\u00e7in \u00e7aresiz kald\u0131\u011f\u0131nda, bir vampir olan Vale&#8217;le pazarl\u0131k yapt\u0131. Kasabas\u0131n\u0131n kurtulu\u015fu i\u00e7in tek umut olan alt\u0131 \u015fi\u015fe vampir kan\u0131 kar\u015f\u0131l\u0131\u011f\u0131nda ona alt\u0131 g\u00fcl vermeyi teklif etmi\u015fti.   Basit bir al\u0131\u015fveri\u015f olarak ba\u015flayan \u015fey giderek daha karma\u015f\u0131k bir hal al\u0131nca korkun\u00e7 ger\u00e7ekle kar\u015f\u0131 kar\u015f\u0131ya kald\u0131. Bir vampirin pen\u00e7esine d\u00fc\u015fmek tehlikeliydi\u2026 Tanr\u0131lardan birinin gazab\u0131na u\u011fram\u0131\u015f bir yerde ya\u015fayan vampire \u00e2\u015f\u0131k olmak ise \u00f6l\u00fcmc\u00fcld\u00fc.<\/p>\n","protected":false},"excerpt":{"rendered":"<p>Alt\u0131 g\u00fcl. Alt\u0131 \u015fi\u015fe kan. Bir vampire yap\u0131lan alt\u0131 ziyaret. Bu ziyaretler Lilith&#8217;in kurtulu\u015fu ya da felaketi olacakt\u0131. Lilith do\u011fdu\u011fu g\u00fcnden beri \u00f6l\u00fcm\u00fcn k\u0131y\u0131s\u0131ndayd\u0131 ve onun<span class=\"excerpt-hellip\"> [\u2026]<\/span><\/p>\n","protected":false},"featured_media":0,"template":"","meta":{"_monsterinsights_skip_tracking":false,"_monsterinsights_sitenote_active":false,"_monsterinsights_sitenote_note":"","_monsterinsights_sitenote_category":0},"product_brand":[],"product_cat":[12291,14777],"product_tag":[],"class_list":{"0":"post-776351","1":"product","2":"type-product","3":"status-publish","5":"product_cat-edebiyat","6":"product_cat-fantastik","7":"pa_cilt-ciltli","8":"pa_tur-kitap","9":"pa_yayinevi-marti-yayinlari","10":"pa_yazar-carissa-broadbent","12":"first","13":"instock","14":"sale","15":"shipping-taxable","16":"purchasable","17":"product-type-simple"},"_links":{"self":[{"href":"https:\/\/roveyayinevi.com.tr\/index.php\/wp-json\/wp\/v2\/product\/776351","targetHints":{"allow":["GET"]}}],"collection":[{"href":"https:\/\/roveyayinevi.com.tr\/index.php\/wp-json\/wp\/v2\/product"}],"about":[{"href":"https:\/\/roveyayinevi.com.tr\/index.php\/wp-json\/wp\/v2\/types\/product"}],"wp:attachment":[{"href":"https:\/\/roveyayinevi.com.tr\/index.php\/wp-json\/wp\/v2\/media?parent=776351"}],"wp:term":[{"taxonomy":"product_brand","embeddable":true,"href":"https:\/\/roveyayinevi.com.tr\/index.php\/wp-json\/wp\/v2\/product_brand?post=776351"},{"taxonomy":"product_cat","embeddable":true,"href":"https:\/\/roveyayinevi.com.tr\/index.php\/wp-json\/wp\/v2\/product_cat?post=776351"},{"taxonomy":"product_tag","embeddable":true,"href":"https:\/\/roveyayinevi.com.tr\/index.php\/wp-json\/wp\/v2\/product_tag?post=776351"}],"curies":[{"name":"wp","href":"https:\/\/api.w.org\/{rel}","templated":true}]}}