{"id":776350,"date":"2025-09-24T16:54:42","date_gmt":"2025-09-24T13:54:42","guid":{"rendered":"https:\/\/roveyayinevi.com.tr\/index.php\/urun\/berserk-1\/"},"modified":"2026-04-15T03:27:11","modified_gmt":"2026-04-15T00:27:11","slug":"berserk-1","status":"publish","type":"product","link":"https:\/\/roveyayinevi.com.tr\/index.php\/urun\/berserk-1\/","title":{"rendered":"Berserk 1"},"content":{"rendered":"<p>Simsiyah ve kocaman bir adam, Guts! Boyunu bile a\u015fan devasa k\u0131l\u0131c\u0131 \u201cEjder\u00f6ldu\u0308ren\u201di istedi\u011fi gibi savuruyor ve demirden eliyle toplar\u0131 f\u0131rlat\u0131yor! \u0130\u00e7indeki korkuyu, \u00f6ldu\u0308rme arzusuyla besleyen Guts, tam anlam\u0131yla bir \u201cBerserk\u201d haline giriyor ve canavarlara, mu\u0308ritlere ve onlar\u0131n ba\u015f\u0131ndaki varl\u0131k \u201cGodhand\u201de kafa tutuyor! B\u00f6ylece, yolculukta tan\u0131\u015ft\u0131\u011f\u0131 elf Puck\u2019la birlikte bir intikam yolculu\u011funa \u00e7\u0131k\u0131yor. Buras\u0131, en gu\u0308\u00e7lu\u0308 karanl\u0131k fantezinin ba\u015flad\u0131\u011f\u0131 yer! <\/p>\n","protected":false},"excerpt":{"rendered":"<p>Simsiyah ve kocaman bir adam, Guts! Boyunu bile a\u015fan devasa k\u0131l\u0131c\u0131 \u201cEjder\u00f6ldu\u0308ren\u201di istedi\u011fi gibi savuruyor ve demirden eliyle toplar\u0131 f\u0131rlat\u0131yor! \u0130\u00e7indeki korkuyu, \u00f6ldu\u0308rme arzusuyla besleyen Guts,<span class=\"excerpt-hellip\"> [\u2026]<\/span><\/p>\n","protected":false},"featured_media":0,"template":"","meta":{"_monsterinsights_skip_tracking":false,"_monsterinsights_sitenote_active":false,"_monsterinsights_sitenote_note":"","_monsterinsights_sitenote_category":0},"product_brand":[],"product_cat":[12416,12291],"product_tag":[],"class_list":{"0":"post-776350","1":"product","2":"type-product","3":"status-publish","5":"product_cat-cizgi-roman","6":"product_cat-edebiyat","7":"pa_cilt-ciltsiz","8":"pa_tur-kitap","9":"pa_yayinevi-athica-yayinlari","10":"pa_yazar-kentaro-miura","12":"first","13":"instock","14":"sale","15":"shipping-taxable","16":"purchasable","17":"product-type-simple"},"_links":{"self":[{"href":"https:\/\/roveyayinevi.com.tr\/index.php\/wp-json\/wp\/v2\/product\/776350","targetHints":{"allow":["GET"]}}],"collection":[{"href":"https:\/\/roveyayinevi.com.tr\/index.php\/wp-json\/wp\/v2\/product"}],"about":[{"href":"https:\/\/roveyayinevi.com.tr\/index.php\/wp-json\/wp\/v2\/types\/product"}],"wp:attachment":[{"href":"https:\/\/roveyayinevi.com.tr\/index.php\/wp-json\/wp\/v2\/media?parent=776350"}],"wp:term":[{"taxonomy":"product_brand","embeddable":true,"href":"https:\/\/roveyayinevi.com.tr\/index.php\/wp-json\/wp\/v2\/product_brand?post=776350"},{"taxonomy":"product_cat","embeddable":true,"href":"https:\/\/roveyayinevi.com.tr\/index.php\/wp-json\/wp\/v2\/product_cat?post=776350"},{"taxonomy":"product_tag","embeddable":true,"href":"https:\/\/roveyayinevi.com.tr\/index.php\/wp-json\/wp\/v2\/product_tag?post=776350"}],"curies":[{"name":"wp","href":"https:\/\/api.w.org\/{rel}","templated":true}]}}