{"id":776347,"date":"2025-09-24T16:29:46","date_gmt":"2025-09-24T13:29:46","guid":{"rendered":"https:\/\/roveyayinevi.com.tr\/index.php\/urun\/icimdeki-gunes-ciltli\/"},"modified":"2026-04-16T03:11:41","modified_gmt":"2026-04-16T00:11:41","slug":"icimdeki-gunes-ciltli","status":"publish","type":"product","link":"https:\/\/roveyayinevi.com.tr\/index.php\/urun\/icimdeki-gunes-ciltli\/","title":{"rendered":"\u0130\u00e7imdeki G\u00fcne\u015f (Ciltli)"},"content":{"rendered":"<p>Planlar d\u00e2hilinde ya\u015fayan biri, ataca\u011f\u0131 ad\u0131mlar\u0131 \u00e7ok \u00f6nceden hesaplar. Fakat hayat, bu planlar\u0131n en b\u00fcy\u00fck d\u00fc\u015fman\u0131d\u0131r. Ela Mercan, elleriyle \u00e7izdi\u011fi g\u00fcvenli bir haritan\u0131n i\u00e7inde ya\u015farken bir kalp k\u0131r\u0131kl\u0131\u011f\u0131 b\u00fct\u00fcn planlar\u0131n\u0131 da\u011f\u0131tt\u0131\u011f\u0131nda her \u015feyin tepetaklak oldu\u011funu d\u00fc\u015f\u00fcn\u00fcr. Sorunlar\u0131ndan ka\u00e7maya \u00e7al\u0131\u015f\u0131rken k\u00fc\u00e7\u00fck bir k\u00f6y okuluna \u00f6\u011fretmen olarak atanan Ela i\u00e7in yeni bir \u015fehirde, yabanc\u0131 insanlar\u0131n ve k\u0131s\u0131tl\u0131 imk\u00e2nlar\u0131n i\u00e7inde tutunabilece\u011fi tek \u015fey mesle\u011fidir. K\u00f6y \u00f6\u011fretmenli\u011fi ona bilmedi\u011fi yeni bir hayat\u0131 deneyimleme f\u0131rsat\u0131 sunarken \u00e7ocuklarla kurdu\u011fu ili\u015fkiler hayat\u0131n\u0131 de\u011fi\u015ftirecek, a\u015fka kar\u015f\u0131 \u00f6rd\u00fc\u011f\u00fc duvarlar ise beklenmedik biri taraf\u0131ndan y\u0131k\u0131lacakt\u0131r.   \u0130\u00e7imdeki G\u00fcne\u015f so\u011fuk bir k\u0131\u015f gecesinde \u00e7\u0131t\u0131rdayan alevleri, soban\u0131n \u00fczerinde kuruyan portakal kabuklar\u0131n\u0131n kokusunu, \u00f6zlenen b\u00fct\u00fcn sadelikleri hat\u0131rlatan bir hik\u00e2ye.<\/p>\n","protected":false},"excerpt":{"rendered":"<p>Planlar d\u00e2hilinde ya\u015fayan biri, ataca\u011f\u0131 ad\u0131mlar\u0131 \u00e7ok \u00f6nceden hesaplar. Fakat hayat, bu planlar\u0131n en b\u00fcy\u00fck d\u00fc\u015fman\u0131d\u0131r. Ela Mercan, elleriyle \u00e7izdi\u011fi g\u00fcvenli bir haritan\u0131n i\u00e7inde ya\u015farken bir<span class=\"excerpt-hellip\"> [\u2026]<\/span><\/p>\n","protected":false},"featured_media":0,"template":"","meta":{"_monsterinsights_skip_tracking":false,"_monsterinsights_sitenote_active":false,"_monsterinsights_sitenote_note":"","_monsterinsights_sitenote_category":0},"product_brand":[],"product_cat":[12291,12711],"product_tag":[],"class_list":{"0":"post-776347","1":"product","2":"type-product","3":"status-publish","5":"product_cat-edebiyat","6":"product_cat-roman-oyku","7":"pa_cilt-ciltli","8":"pa_tur-kitap","9":"pa_yayinevi-ren-kitap","10":"pa_yazar-betul-guclu","12":"first","13":"instock","14":"sale","15":"shipping-taxable","16":"purchasable","17":"product-type-simple"},"_links":{"self":[{"href":"https:\/\/roveyayinevi.com.tr\/index.php\/wp-json\/wp\/v2\/product\/776347","targetHints":{"allow":["GET"]}}],"collection":[{"href":"https:\/\/roveyayinevi.com.tr\/index.php\/wp-json\/wp\/v2\/product"}],"about":[{"href":"https:\/\/roveyayinevi.com.tr\/index.php\/wp-json\/wp\/v2\/types\/product"}],"wp:attachment":[{"href":"https:\/\/roveyayinevi.com.tr\/index.php\/wp-json\/wp\/v2\/media?parent=776347"}],"wp:term":[{"taxonomy":"product_brand","embeddable":true,"href":"https:\/\/roveyayinevi.com.tr\/index.php\/wp-json\/wp\/v2\/product_brand?post=776347"},{"taxonomy":"product_cat","embeddable":true,"href":"https:\/\/roveyayinevi.com.tr\/index.php\/wp-json\/wp\/v2\/product_cat?post=776347"},{"taxonomy":"product_tag","embeddable":true,"href":"https:\/\/roveyayinevi.com.tr\/index.php\/wp-json\/wp\/v2\/product_tag?post=776347"}],"curies":[{"name":"wp","href":"https:\/\/api.w.org\/{rel}","templated":true}]}}