{"id":776346,"date":"2025-09-24T16:29:37","date_gmt":"2025-09-24T13:29:37","guid":{"rendered":"https:\/\/roveyayinevi.com.tr\/index.php\/urun\/51-bolge\/"},"modified":"2026-04-16T03:11:41","modified_gmt":"2026-04-16T00:11:41","slug":"51-bolge","status":"publish","type":"product","link":"https:\/\/roveyayinevi.com.tr\/index.php\/urun\/51-bolge\/","title":{"rendered":"51. B\u00f6lge"},"content":{"rendered":"<p>muktedir bill\u00e2h gibi sevgili geldi ve y\u00fczd\u00fc gitti derimizi kalk ya hallac! tenimiz ki ibrahim oca\u011f\u0131 g\u00fcl bizde s\u00f6ns\u00fcn art\u0131k hi\u00e7bir \u015fey giydiremez bizi<\/p>\n","protected":false},"excerpt":{"rendered":"<p>muktedir bill\u00e2h gibi sevgili geldi ve y\u00fczd\u00fc gitti derimizi kalk ya hallac! tenimiz ki ibrahim oca\u011f\u0131 g\u00fcl bizde s\u00f6ns\u00fcn art\u0131k hi\u00e7bir \u015fey giydiremez bizi<\/p>\n","protected":false},"featured_media":0,"template":"","meta":{"_monsterinsights_skip_tracking":false,"_monsterinsights_sitenote_active":false,"_monsterinsights_sitenote_note":"","_monsterinsights_sitenote_category":0},"product_brand":[],"product_cat":[12291,12509],"product_tag":[],"class_list":{"0":"post-776346","1":"product","2":"type-product","3":"status-publish","5":"product_cat-edebiyat","6":"product_cat-siir","7":"pa_cilt-ciltsiz","8":"pa_tur-kitap","9":"pa_yayinevi-everest-yayinlari","10":"pa_yazar-elcin-sevgi-sucin","12":"first","13":"instock","14":"sale","15":"shipping-taxable","16":"purchasable","17":"product-type-simple"},"_links":{"self":[{"href":"https:\/\/roveyayinevi.com.tr\/index.php\/wp-json\/wp\/v2\/product\/776346","targetHints":{"allow":["GET"]}}],"collection":[{"href":"https:\/\/roveyayinevi.com.tr\/index.php\/wp-json\/wp\/v2\/product"}],"about":[{"href":"https:\/\/roveyayinevi.com.tr\/index.php\/wp-json\/wp\/v2\/types\/product"}],"wp:attachment":[{"href":"https:\/\/roveyayinevi.com.tr\/index.php\/wp-json\/wp\/v2\/media?parent=776346"}],"wp:term":[{"taxonomy":"product_brand","embeddable":true,"href":"https:\/\/roveyayinevi.com.tr\/index.php\/wp-json\/wp\/v2\/product_brand?post=776346"},{"taxonomy":"product_cat","embeddable":true,"href":"https:\/\/roveyayinevi.com.tr\/index.php\/wp-json\/wp\/v2\/product_cat?post=776346"},{"taxonomy":"product_tag","embeddable":true,"href":"https:\/\/roveyayinevi.com.tr\/index.php\/wp-json\/wp\/v2\/product_tag?post=776346"}],"curies":[{"name":"wp","href":"https:\/\/api.w.org\/{rel}","templated":true}]}}