{"id":776342,"date":"2025-09-24T15:41:45","date_gmt":"2025-09-24T12:41:45","guid":{"rendered":"https:\/\/roveyayinevi.com.tr\/index.php\/urun\/dunya-cok-uzak\/"},"modified":"2026-04-16T03:04:49","modified_gmt":"2026-04-16T00:04:49","slug":"dunya-cok-uzak","status":"publish","type":"product","link":"https:\/\/roveyayinevi.com.tr\/index.php\/urun\/dunya-cok-uzak\/","title":{"rendered":"D\u00fcnya \u00c7ok Uzak"},"content":{"rendered":"<p>bak\u0131\u015f\u0131 \u00fcst\u00fcme sinmi\u015f, leylak a\u00e7t\u0131 b\u00fct\u00fcn g\u00fcn bildi\u011fim dilleri unuttum, r\u00fcyalar\u0131 da \u015fehir, nas\u0131l ayd\u0131nl\u0131k \u00f6yle ka\u00e7amak bir g\u00f6ky\u00fcz\u00fc her nas\u0131lsa bulutlar edinmi\u015f kendine d\u00fcnyay\u0131 temize \u00e7eken bir g\u00fcne\u015f defterde ate\u015f yenisi s\u00f6zc\u00fckler, \u00fcst\u00fcm ba\u015f\u0131m bahar b\u00fct\u00fcn \u00e7a\u011flar\u0131 gezdim eflatun bir r\u00fcya i\u00e7inde <\/p>\n","protected":false},"excerpt":{"rendered":"<p>bak\u0131\u015f\u0131 \u00fcst\u00fcme sinmi\u015f, leylak a\u00e7t\u0131 b\u00fct\u00fcn g\u00fcn bildi\u011fim dilleri unuttum, r\u00fcyalar\u0131 da \u015fehir, nas\u0131l ayd\u0131nl\u0131k \u00f6yle ka\u00e7amak bir g\u00f6ky\u00fcz\u00fc her nas\u0131lsa bulutlar edinmi\u015f kendine d\u00fcnyay\u0131 temize<span class=\"excerpt-hellip\"> [\u2026]<\/span><\/p>\n","protected":false},"featured_media":0,"template":"","meta":{"_monsterinsights_skip_tracking":false,"_monsterinsights_sitenote_active":false,"_monsterinsights_sitenote_note":"","_monsterinsights_sitenote_category":0},"product_brand":[],"product_cat":[12291,12509],"product_tag":[],"class_list":{"0":"post-776342","1":"product","2":"type-product","3":"status-publish","5":"product_cat-edebiyat","6":"product_cat-siir","7":"pa_cilt-ciltsiz","8":"pa_tur-kitap","9":"pa_yayinevi-everest-yayinlari","10":"pa_yazar-aydin-afacan","12":"first","13":"instock","14":"sale","15":"shipping-taxable","16":"purchasable","17":"product-type-simple"},"_links":{"self":[{"href":"https:\/\/roveyayinevi.com.tr\/index.php\/wp-json\/wp\/v2\/product\/776342","targetHints":{"allow":["GET"]}}],"collection":[{"href":"https:\/\/roveyayinevi.com.tr\/index.php\/wp-json\/wp\/v2\/product"}],"about":[{"href":"https:\/\/roveyayinevi.com.tr\/index.php\/wp-json\/wp\/v2\/types\/product"}],"wp:attachment":[{"href":"https:\/\/roveyayinevi.com.tr\/index.php\/wp-json\/wp\/v2\/media?parent=776342"}],"wp:term":[{"taxonomy":"product_brand","embeddable":true,"href":"https:\/\/roveyayinevi.com.tr\/index.php\/wp-json\/wp\/v2\/product_brand?post=776342"},{"taxonomy":"product_cat","embeddable":true,"href":"https:\/\/roveyayinevi.com.tr\/index.php\/wp-json\/wp\/v2\/product_cat?post=776342"},{"taxonomy":"product_tag","embeddable":true,"href":"https:\/\/roveyayinevi.com.tr\/index.php\/wp-json\/wp\/v2\/product_tag?post=776342"}],"curies":[{"name":"wp","href":"https:\/\/api.w.org\/{rel}","templated":true}]}}