{"id":776341,"date":"2025-09-24T14:54:59","date_gmt":"2025-09-24T11:54:59","guid":{"rendered":"https:\/\/roveyayinevi.com.tr\/index.php\/urun\/gunesin-iki-yuzu\/"},"modified":"2026-02-02T03:00:44","modified_gmt":"2026-02-02T00:00:44","slug":"gunesin-iki-yuzu","status":"publish","type":"product","link":"https:\/\/roveyayinevi.com.tr\/index.php\/urun\/gunesin-iki-yuzu\/","title":{"rendered":"G\u00fcne\u015fin \u0130ki Y\u00fcz\u00fc"},"content":{"rendered":"<p>Bahar Eri\u015f, modern zamanlar\u0131n Sylvia Plath\u2019\u0131 olan Zeynep\u2019in hik\u00e2yesini i\u00e7e i\u015fleyen bir duyarl\u0131l\u0131kla kaleme al\u0131yor. Okuru kimi zaman e\u011flenceli, kimi zaman h\u00fcz\u00fcnl\u00fc ama ne olursa olsun umutlu bir yolculu\u011fa \u00e7\u0131kar\u0131yor.   \u0130nsan ruhunun k\u00fc\u00e7\u00fck kusurlar\u0131n\u0131 ince bir mizahla i\u015flerken, arka planda kendisiyle y\u00fczle\u015fen, kendisini yeniden in\u015fa eden bir kad\u0131n\u0131n zaman i\u00e7indeki d\u00f6n\u00fc\u015f\u00fcm\u00fcn\u00fc b\u00fcy\u00fcleyici bir kameradan yans\u0131t\u0131yor.   Zeynep, insan\u0131n farkl\u0131 kimliklerini bulmas\u0131n\u0131n yollar\u0131n\u0131 ararken, ac\u0131y\u0131, melankoliyi, i\u00e7imizde ta\u015f\u0131d\u0131\u011f\u0131m\u0131z ve sonra birbirimize aktard\u0131\u011f\u0131m\u0131z \u00fcz\u00fcnt\u00fcleri, ad\u0131m ad\u0131m yol alarak, kabuk de\u011fi\u015ftirerek, kendimizi ger\u00e7ekle\u015ftirme \u00e7abas\u0131yla d\u00f6n\u00fc\u015ft\u00fcrebilece\u011fimizi g\u00f6steriyor.   G\u00fcne\u015f \u0131\u015f\u0131\u011f\u0131ndan \u00f6r\u00fclm\u00fc\u015f bir eldivenle ya\u015fama dokunulabilir mi? Dokunulur, evet. Bahar Eri\u015f,  ilk roman\u0131ndaki her c\u00fcmlesiyle bunu yap\u0131yor. <\/p>\n","protected":false},"excerpt":{"rendered":"<p>Bahar Eri\u015f, modern zamanlar\u0131n Sylvia Plath\u2019\u0131 olan Zeynep\u2019in hik\u00e2yesini i\u00e7e i\u015fleyen bir duyarl\u0131l\u0131kla kaleme al\u0131yor. Okuru kimi zaman e\u011flenceli, kimi zaman h\u00fcz\u00fcnl\u00fc ama ne olursa olsun<span class=\"excerpt-hellip\"> [\u2026]<\/span><\/p>\n","protected":false},"featured_media":0,"template":"","meta":{"_monsterinsights_skip_tracking":false,"_monsterinsights_sitenote_active":false,"_monsterinsights_sitenote_note":"","_monsterinsights_sitenote_category":0},"product_brand":[],"product_cat":[12291,12711],"product_tag":[],"class_list":{"0":"post-776341","1":"product","2":"type-product","3":"status-publish","5":"product_cat-edebiyat","6":"product_cat-roman-oyku","7":"pa_cilt-ciltsiz","8":"pa_tur-kitap","9":"pa_yayinevi-alfa-yayinlari","10":"pa_yazar-bahar-eris","12":"first","13":"instock","14":"sale","15":"shipping-taxable","16":"purchasable","17":"product-type-simple"},"_links":{"self":[{"href":"https:\/\/roveyayinevi.com.tr\/index.php\/wp-json\/wp\/v2\/product\/776341","targetHints":{"allow":["GET"]}}],"collection":[{"href":"https:\/\/roveyayinevi.com.tr\/index.php\/wp-json\/wp\/v2\/product"}],"about":[{"href":"https:\/\/roveyayinevi.com.tr\/index.php\/wp-json\/wp\/v2\/types\/product"}],"wp:attachment":[{"href":"https:\/\/roveyayinevi.com.tr\/index.php\/wp-json\/wp\/v2\/media?parent=776341"}],"wp:term":[{"taxonomy":"product_brand","embeddable":true,"href":"https:\/\/roveyayinevi.com.tr\/index.php\/wp-json\/wp\/v2\/product_brand?post=776341"},{"taxonomy":"product_cat","embeddable":true,"href":"https:\/\/roveyayinevi.com.tr\/index.php\/wp-json\/wp\/v2\/product_cat?post=776341"},{"taxonomy":"product_tag","embeddable":true,"href":"https:\/\/roveyayinevi.com.tr\/index.php\/wp-json\/wp\/v2\/product_tag?post=776341"}],"curies":[{"name":"wp","href":"https:\/\/api.w.org\/{rel}","templated":true}]}}