{"id":776338,"date":"2025-09-24T09:59:44","date_gmt":"2025-09-24T06:59:44","guid":{"rendered":"https:\/\/roveyayinevi.com.tr\/index.php\/urun\/kucuk-seylerin-tanrisi\/"},"modified":"2026-04-16T02:10:10","modified_gmt":"2026-04-15T23:10:10","slug":"kucuk-seylerin-tanrisi","status":"publish","type":"product","link":"https:\/\/roveyayinevi.com.tr\/index.php\/urun\/kucuk-seylerin-tanrisi\/","title":{"rendered":"K\u00fc\u00e7\u00fck \u015eeylerin Tanr\u0131s\u0131"},"content":{"rendered":"<p>Arundhati Roy, \u0130ngiltere\u2019nin en sayg\u0131n edebiyat \u00f6d\u00fcl\u00fc olan Booker \u00d6d\u00fcl\u00fcn\u00fc 1997 y\u0131l\u0131nda K\u00fc\u00e7\u00fck \u015eeylerin Tanr\u0131s\u0131 adl\u0131 roman\u0131yla ald\u0131. Lirik bir dille, \u015fiirsi bir anlat\u0131mla, bir s\u00f6z-b\u00fcy\u00fcc\u00fcs\u00fc gibi kulland\u0131\u011f\u0131 s\u00f6zc\u00fcklerle, yasak bir a\u015fk\u0131n \u00e7\u00f6kertti\u011fi bir ailenin soluk kesen dram\u0131n\u0131 anlatt\u0131. Varl\u0131kl\u0131 bir Hindu ailesinin g\u00fczel k\u0131z\u0131 Ammu, ailesinin yan\u0131nda \u00e7al\u0131\u015fan bir i\u015f\u00e7iye a\u015f\u0131k olur. \u00d6n\u00fcne ge\u00e7ilmez, kural tan\u0131maz, tutkulu bir a\u015fkla ba\u011flan\u0131rlar birbirlerine. Oysa gen\u00e7 adam Dokunulmazlar s\u0131n\u0131f\u0131ndand\u0131r, toplumun en alt kademesinden. Sonu olmad\u0131\u011f\u0131n\u0131 bildikleri bu a\u015fkta K\u00fc\u00e7\u00fck \u015eeylerle yetinirler, gelece\u011fi d\u00fc\u015f\u00fcnemezler. Gen\u00e7 kad\u0131n\u0131n ayr\u0131ld\u0131\u011f\u0131 kocas\u0131ndan olan biri k\u0131z, biri erkek ikiz \u00e7ocuklar\u0131 bu a\u015fk\u0131n do\u011fal tan\u0131klar\u0131d\u0131r. Olaylar, birbirinden ayr\u0131lmayan bu \u00e7ift yumurta ikizlerinin \u00e7evresinde d\u00f6ner; k\u0131z\u0131n g\u00f6z\u00fcyle anlat\u0131l\u0131r. Arundhati Roy, geriye d\u00f6n\u00fc\u015flerle \u00f6r\u00fcyor kurgusunu ve beklenmedik, deh\u015fet verici sona ula\u015ft\u0131r\u0131yor. 1960\u2019l\u0131 y\u0131llar\u0131n sonunda, Hindistan\u2019\u0131n g\u00fcneyinde ge\u00e7en bu \u00f6yk\u00fcde, arka planda \u0130ngiltere\u2019den ba\u011f\u0131ms\u0131zl\u0131\u011f\u0131n\u0131 yeni kazanm\u0131\u015f, siyasal \u00e7alkant\u0131lar i\u00e7indeki bir Hindistan\u2019\u0131, kast sisteminin \u00fcrk\u00fct\u00fcc\u00fc ko\u015fullar\u0131n\u0131 ve toplumsal tabular\u0131 buluyoruz. Hindistan\u2019da yay\u0131nland\u0131\u011f\u0131nda, H\u0131ristiyan bir Hindu kad\u0131n\u0131yla alt kasttan bir erkek aras\u0131ndaki a\u015fk ve a\u015fk sahneleri Hint gelenek ve g\u00f6reneklerine ayk\u0131r\u0131 d\u00fc\u015ft\u00fc\u011f\u00fc i\u00e7in b\u00fcy\u00fck tart\u0131\u015fmalara yol a\u00e7an K\u00fc\u00e7\u00fck \u015eeylerin Tanr\u0131s\u0131 , bir solukta okunan unutulmaz bir roman.<\/p>\n","protected":false},"excerpt":{"rendered":"<p>Arundhati Roy, \u0130ngiltere\u2019nin en sayg\u0131n edebiyat \u00f6d\u00fcl\u00fc olan Booker \u00d6d\u00fcl\u00fcn\u00fc 1997 y\u0131l\u0131nda K\u00fc\u00e7\u00fck \u015eeylerin Tanr\u0131s\u0131 adl\u0131 roman\u0131yla ald\u0131. Lirik bir dille, \u015fiirsi bir anlat\u0131mla, bir s\u00f6z-b\u00fcy\u00fcc\u00fcs\u00fc<span class=\"excerpt-hellip\"> [\u2026]<\/span><\/p>\n","protected":false},"featured_media":0,"template":"","meta":{"_monsterinsights_skip_tracking":false,"_monsterinsights_sitenote_active":false,"_monsterinsights_sitenote_note":"","_monsterinsights_sitenote_category":0},"product_brand":[],"product_cat":[12312,12304],"product_tag":[],"class_list":{"0":"post-776338","1":"product","2":"type-product","3":"status-publish","5":"product_cat-diger","6":"product_cat-tarih","7":"pa_cilt-ciltsiz","8":"pa_tur-kitap","9":"pa_yayinevi-can-yayinlari","10":"pa_yazar-arundhati-roy","12":"first","13":"instock","14":"sale","15":"shipping-taxable","16":"purchasable","17":"product-type-simple"},"_links":{"self":[{"href":"https:\/\/roveyayinevi.com.tr\/index.php\/wp-json\/wp\/v2\/product\/776338","targetHints":{"allow":["GET"]}}],"collection":[{"href":"https:\/\/roveyayinevi.com.tr\/index.php\/wp-json\/wp\/v2\/product"}],"about":[{"href":"https:\/\/roveyayinevi.com.tr\/index.php\/wp-json\/wp\/v2\/types\/product"}],"wp:attachment":[{"href":"https:\/\/roveyayinevi.com.tr\/index.php\/wp-json\/wp\/v2\/media?parent=776338"}],"wp:term":[{"taxonomy":"product_brand","embeddable":true,"href":"https:\/\/roveyayinevi.com.tr\/index.php\/wp-json\/wp\/v2\/product_brand?post=776338"},{"taxonomy":"product_cat","embeddable":true,"href":"https:\/\/roveyayinevi.com.tr\/index.php\/wp-json\/wp\/v2\/product_cat?post=776338"},{"taxonomy":"product_tag","embeddable":true,"href":"https:\/\/roveyayinevi.com.tr\/index.php\/wp-json\/wp\/v2\/product_tag?post=776338"}],"curies":[{"name":"wp","href":"https:\/\/api.w.org\/{rel}","templated":true}]}}