{"id":776335,"date":"2025-09-24T02:11:09","date_gmt":"2025-09-23T23:11:09","guid":{"rendered":"https:\/\/roveyayinevi.com.tr\/index.php\/urun\/kimlik-mekanlari\/"},"modified":"2026-04-16T01:59:55","modified_gmt":"2026-04-15T22:59:55","slug":"kimlik-mekanlari","status":"publish","type":"product","link":"https:\/\/roveyayinevi.com.tr\/index.php\/urun\/kimlik-mekanlari\/","title":{"rendered":"Kimlik Mekanlar\u0131"},"content":{"rendered":"<p>Ya\u015fad\u0131\u011f\u0131m\u0131z kaosun ilk belirtileri, 70\u2019li y\u0131llarda, nicelle\u015fme ve metala\u015fman\u0131n karakterize etti\u011fi modern k\u00fclt\u00fcr\u00fcn derinliklerinden beslenerek Bat\u0131 Avrupa\u2019daki politik sistemlerde   me\u015fruluk krizi  ne d\u00f6n\u00fc\u015fm\u00fc\u015ft\u00fc. Tarihin tuhaf bir ironisiyle, tam Bat\u0131 Avrupa entelekt\u00fcel d\u00fcnyas\u0131 bu krizle ba\u015f etmenin yollar\u0131n\u0131 ararken, Do\u011fu Bloku i\u00e7i ge\u00e7mi\u015f temsili demokrasinin ve meta d\u00fcnyas\u0131n\u0131n vaatleri pe\u015finde ko\u015fan kitleler taraf\u0131ndan berhava edilince, \u00f6nceleri pek kulak asmad\u0131\u011f\u0131m\u0131z ne kadar sorun varsa hepsi birbirinin pe\u015fi s\u0131ra s\u00f6k\u00fcn etti: Ulusal ve budunsal kimlikler, ulus-\u00f6tesi \u015firketlerin damgas\u0131n\u0131 ta\u015f\u0131yan k\u00fcresel kapitalizm, b\u00f6lgesel hegemonya m\u00fccadeleleri, mikro milliyet\u00e7ilikler, \u0131rk\u00e7\u0131l\u0131k ve bunlar\u0131n hem iktisadi hem de simgesel tepi\u015fme uzamlar\u0131n\u0131n en ba\u015f\u0131nda gelen yeni ileti\u015fim teknolojileri. <\/p>\n","protected":false},"excerpt":{"rendered":"<p>Ya\u015fad\u0131\u011f\u0131m\u0131z kaosun ilk belirtileri, 70\u2019li y\u0131llarda, nicelle\u015fme ve metala\u015fman\u0131n karakterize etti\u011fi modern k\u00fclt\u00fcr\u00fcn derinliklerinden beslenerek Bat\u0131 Avrupa\u2019daki politik sistemlerde me\u015fruluk krizi ne d\u00f6n\u00fc\u015fm\u00fc\u015ft\u00fc. Tarihin tuhaf bir<span class=\"excerpt-hellip\"> [\u2026]<\/span><\/p>\n","protected":false},"featured_media":0,"template":"","meta":{"_monsterinsights_skip_tracking":false,"_monsterinsights_sitenote_active":false,"_monsterinsights_sitenote_note":"","_monsterinsights_sitenote_category":0},"product_brand":[],"product_cat":[13633,12324],"product_tag":[],"class_list":{"0":"post-776335","1":"product","2":"type-product","3":"status-publish","5":"product_cat-kultur-ve-bilim","6":"product_cat-sosyoloji","7":"pa_cilt-ciltsiz","8":"pa_tur-kitap","9":"pa_yayinevi-ayrinti-yayinlari","10":"pa_yazar-david-morley","12":"first","13":"instock","14":"sale","15":"shipping-taxable","16":"purchasable","17":"product-type-simple"},"_links":{"self":[{"href":"https:\/\/roveyayinevi.com.tr\/index.php\/wp-json\/wp\/v2\/product\/776335","targetHints":{"allow":["GET"]}}],"collection":[{"href":"https:\/\/roveyayinevi.com.tr\/index.php\/wp-json\/wp\/v2\/product"}],"about":[{"href":"https:\/\/roveyayinevi.com.tr\/index.php\/wp-json\/wp\/v2\/types\/product"}],"wp:attachment":[{"href":"https:\/\/roveyayinevi.com.tr\/index.php\/wp-json\/wp\/v2\/media?parent=776335"}],"wp:term":[{"taxonomy":"product_brand","embeddable":true,"href":"https:\/\/roveyayinevi.com.tr\/index.php\/wp-json\/wp\/v2\/product_brand?post=776335"},{"taxonomy":"product_cat","embeddable":true,"href":"https:\/\/roveyayinevi.com.tr\/index.php\/wp-json\/wp\/v2\/product_cat?post=776335"},{"taxonomy":"product_tag","embeddable":true,"href":"https:\/\/roveyayinevi.com.tr\/index.php\/wp-json\/wp\/v2\/product_tag?post=776335"}],"curies":[{"name":"wp","href":"https:\/\/api.w.org\/{rel}","templated":true}]}}