{"id":776334,"date":"2025-09-24T02:05:50","date_gmt":"2025-09-23T23:05:50","guid":{"rendered":"https:\/\/roveyayinevi.com.tr\/index.php\/urun\/ruzgarin-adi-kralkatili-guncesi-1-gun\/"},"modified":"2026-04-16T01:59:20","modified_gmt":"2026-04-15T22:59:20","slug":"ruzgarin-adi-kralkatili-guncesi-1-gun","status":"publish","type":"product","link":"https:\/\/roveyayinevi.com.tr\/index.php\/urun\/ruzgarin-adi-kralkatili-guncesi-1-gun\/","title":{"rendered":"R\u00fczgar\u0131n Ad\u0131 \u2013 Kralkatili G\u00fcncesi: 1. G\u00fcn"},"content":{"rendered":"<p>Belki beni duymu\u015fsunuzdur. Fantastik kurgu edebiyat\u0131n\u0131n e\u015fsiz bir masal\u0131, bir kahraman\u0131n kendi a\u011fz\u0131yla anlatt\u0131\u011f\u0131 \u00f6yk\u00fcs\u00fc i\u015fte b\u00f6yle ba\u015fl\u0131yor. Bir keder \u00f6yk\u00fcs\u00fc bu&#8230; bir kurtulu\u015f \u00f6yk\u00fcs\u00fc&#8230; bir adam\u0131n evrenin anlam\u0131n\u0131 aray\u0131\u015f\u0131n\u0131n ve gerek o aray\u0131\u015f\u0131n gerekse de onu s\u00fcrd\u00fcrmesini sa\u011flayan gem vurulamaz iradenin bir efsaneye d\u00f6n\u00fc\u015fmesinin \u00f6yk\u00fcs\u00fc&#8230; &#8220;Rothfuss, R\u00fczgar\u0131n Ad\u0131 ile ba\u015flayan bu muazzam hik\u00e2yede nereye giderse gitsin iyi bir \u015fark\u0131y\u0131 ta\u015f\u0131mas\u0131 gibi bizi de yan\u0131nda g\u00f6t\u00fcrecek.&#8221;Ursula K. Le Guin <\/p>\n","protected":false},"excerpt":{"rendered":"<p>Belki beni duymu\u015fsunuzdur. Fantastik kurgu edebiyat\u0131n\u0131n e\u015fsiz bir masal\u0131, bir kahraman\u0131n kendi a\u011fz\u0131yla anlatt\u0131\u011f\u0131 \u00f6yk\u00fcs\u00fc i\u015fte b\u00f6yle ba\u015fl\u0131yor. Bir keder \u00f6yk\u00fcs\u00fc bu&#8230; bir kurtulu\u015f \u00f6yk\u00fcs\u00fc&#8230; bir<span class=\"excerpt-hellip\"> [\u2026]<\/span><\/p>\n","protected":false},"featured_media":0,"template":"","meta":{"_monsterinsights_skip_tracking":false,"_monsterinsights_sitenote_active":false,"_monsterinsights_sitenote_note":"","_monsterinsights_sitenote_category":0},"product_brand":[],"product_cat":[12291,14777],"product_tag":[],"class_list":{"0":"post-776334","1":"product","2":"type-product","3":"status-publish","5":"product_cat-edebiyat","6":"product_cat-fantastik","7":"pa_cilt-ciltsiz","8":"pa_tur-kitap","9":"pa_yayinevi-ithaki-yayinlari","10":"pa_yazar-patrick-rothfuss","12":"first","13":"instock","14":"sale","15":"shipping-taxable","16":"purchasable","17":"product-type-simple"},"_links":{"self":[{"href":"https:\/\/roveyayinevi.com.tr\/index.php\/wp-json\/wp\/v2\/product\/776334","targetHints":{"allow":["GET"]}}],"collection":[{"href":"https:\/\/roveyayinevi.com.tr\/index.php\/wp-json\/wp\/v2\/product"}],"about":[{"href":"https:\/\/roveyayinevi.com.tr\/index.php\/wp-json\/wp\/v2\/types\/product"}],"wp:attachment":[{"href":"https:\/\/roveyayinevi.com.tr\/index.php\/wp-json\/wp\/v2\/media?parent=776334"}],"wp:term":[{"taxonomy":"product_brand","embeddable":true,"href":"https:\/\/roveyayinevi.com.tr\/index.php\/wp-json\/wp\/v2\/product_brand?post=776334"},{"taxonomy":"product_cat","embeddable":true,"href":"https:\/\/roveyayinevi.com.tr\/index.php\/wp-json\/wp\/v2\/product_cat?post=776334"},{"taxonomy":"product_tag","embeddable":true,"href":"https:\/\/roveyayinevi.com.tr\/index.php\/wp-json\/wp\/v2\/product_tag?post=776334"}],"curies":[{"name":"wp","href":"https:\/\/api.w.org\/{rel}","templated":true}]}}