{"id":776333,"date":"2025-09-24T02:05:24","date_gmt":"2025-09-23T23:05:24","guid":{"rendered":"https:\/\/roveyayinevi.com.tr\/index.php\/urun\/ayandon\/"},"modified":"2025-11-10T02:07:41","modified_gmt":"2025-11-09T23:07:41","slug":"ayandon","status":"publish","type":"product","link":"https:\/\/roveyayinevi.com.tr\/index.php\/urun\/ayandon\/","title":{"rendered":"Ayandon"},"content":{"rendered":"<p>Deniz, kur\u015funi g\u00f6ky\u00fcz\u00fcn\u00fcn alt\u0131nda, heybetli k\u00fckreyi\u015fleriyle, u\u00e7suz bucaks\u0131z koskoca meydan bana kald\u0131, der gibiydi. Azg\u0131n dalgalar h\u00fcz\u00fcnle \u00fcrperen k\u0131y\u0131lar\u0131 olanca g\u00fcc\u00fcyle d\u00f6v\u00fcyordu. Ya\u015fl\u0131 kad\u0131n sahile inen yamac\u0131n \u00fcst\u00fcnde durdu. R\u00fczgarla sertle\u015fen kar serpintilerinden y\u00fcz\u00fcn\u00fc sak\u0131nmak i\u00e7in defne a\u011fa\u00e7lar\u0131n\u0131 kendine siper yapmaya gayret ederek, kar\u015f\u0131s\u0131ndaki \u00e7etin ve sonsuz suya bakt\u0131. Bu g\u00f6zler, geni\u015f g\u00f6klere, a\u00e7\u0131k ufuklara, deli r\u00fczgarlar\u0131n \u00e7\u0131\u011fl\u0131klar\u0131na, denizlere, ormanlara, da\u011flar\u0131n \u00f6tesine, yaln\u0131z bir a\u011faca; bir ard\u0131\u00e7, bir p\u0131nar, bir dereye hep a\u015finayd\u0131. Bu deniz ne istiyordu? Her yer siyah, karanl\u0131k ve sinsiydi&#8230; Bug\u00fcn deniz ve orman s\u0131n\u0131r\u0131nda kartal\u0131n hava nak\u015f\u0131n\u0131 seyretme g\u00fcn\u00fc olmad\u0131\u011f\u0131n\u0131 o da biliyordu. U\u00e7uk benziyle y\u0131rt\u0131lan denize dald\u0131 g\u00f6zleri&#8230; Buraya her geli\u015finde oldu\u011fu gibi, yine o\u011flundan duydu\u011fu Son s\u00f6zleri akl\u0131ndan ge\u00e7irdi:  Ana, ver \u00e7\u0131k\u0131n\u0131m\u0131, g\u00fcn do\u011fdu yolum gider; k\u00f6z iner y\u00fcre\u011fime&#8230; <\/p>\n","protected":false},"excerpt":{"rendered":"<p>Deniz, kur\u015funi g\u00f6ky\u00fcz\u00fcn\u00fcn alt\u0131nda, heybetli k\u00fckreyi\u015fleriyle, u\u00e7suz bucaks\u0131z koskoca meydan bana kald\u0131, der gibiydi. Azg\u0131n dalgalar h\u00fcz\u00fcnle \u00fcrperen k\u0131y\u0131lar\u0131 olanca g\u00fcc\u00fcyle d\u00f6v\u00fcyordu. Ya\u015fl\u0131 kad\u0131n sahile inen<span class=\"excerpt-hellip\"> [\u2026]<\/span><\/p>\n","protected":false},"featured_media":0,"template":"","meta":{"_monsterinsights_skip_tracking":false,"_monsterinsights_sitenote_active":false,"_monsterinsights_sitenote_note":"","_monsterinsights_sitenote_category":0},"product_brand":[],"product_cat":[12291,12292],"product_tag":[],"class_list":{"0":"post-776333","1":"product","2":"type-product","3":"status-publish","5":"product_cat-edebiyat","6":"product_cat-turk-edebiyati","7":"pa_cilt-ciltsiz","8":"pa_tur-kitap","9":"pa_yayinevi-inkilap-kitabevi","10":"pa_yazar-osman-pamukoglu","12":"first","13":"instock","14":"sale","15":"shipping-taxable","16":"purchasable","17":"product-type-simple"},"_links":{"self":[{"href":"https:\/\/roveyayinevi.com.tr\/index.php\/wp-json\/wp\/v2\/product\/776333","targetHints":{"allow":["GET"]}}],"collection":[{"href":"https:\/\/roveyayinevi.com.tr\/index.php\/wp-json\/wp\/v2\/product"}],"about":[{"href":"https:\/\/roveyayinevi.com.tr\/index.php\/wp-json\/wp\/v2\/types\/product"}],"wp:attachment":[{"href":"https:\/\/roveyayinevi.com.tr\/index.php\/wp-json\/wp\/v2\/media?parent=776333"}],"wp:term":[{"taxonomy":"product_brand","embeddable":true,"href":"https:\/\/roveyayinevi.com.tr\/index.php\/wp-json\/wp\/v2\/product_brand?post=776333"},{"taxonomy":"product_cat","embeddable":true,"href":"https:\/\/roveyayinevi.com.tr\/index.php\/wp-json\/wp\/v2\/product_cat?post=776333"},{"taxonomy":"product_tag","embeddable":true,"href":"https:\/\/roveyayinevi.com.tr\/index.php\/wp-json\/wp\/v2\/product_tag?post=776333"}],"curies":[{"name":"wp","href":"https:\/\/api.w.org\/{rel}","templated":true}]}}