{"id":776332,"date":"2025-09-24T00:40:36","date_gmt":"2025-09-23T21:40:36","guid":{"rendered":"https:\/\/roveyayinevi.com.tr\/index.php\/urun\/ali-can-ve-arkadaslari\/"},"modified":"2026-04-15T03:42:39","modified_gmt":"2026-04-15T00:42:39","slug":"ali-can-ve-arkadaslari","status":"publish","type":"product","link":"https:\/\/roveyayinevi.com.tr\/index.php\/urun\/ali-can-ve-arkadaslari\/","title":{"rendered":"Ali Can ve Arkada\u015flar\u0131"},"content":{"rendered":"<p>Bir varm\u0131\u015f, iki yokmu\u015f, \u00dc\u00e7 \u00e7okmu\u015f, d\u00f6rt uykudaym\u0131\u015f! Be\u015f gelmi\u015f, \u201cHaydi kalk\u0131n!\u201d demi\u015f.   \u201cUyansana \u00c7ocuk\u201dun sihirli sayfalar\u0131ndan sonra \u015fimdi s\u0131ra yepyeni bir yolculukta: Bir bitki gerekmi\u015f \u015fifal\u0131. Cesaretle dolu bir \u00e7ocuk masal\u0131! Ali Can ve arkada\u015flar\u0131, G\u00fclm\u00fc\u015f, ko\u015fmu\u015f, yollar a\u015fm\u0131\u015flar, Birlikte olup g\u00fc\u00e7 bulmu\u015flar, Kalpleriyle y\u0131ld\u0131zlara ula\u015fm\u0131\u015flar, Haydi, sayfay\u0131 \u00e7evir, sen de kat\u0131l oyuna\u2026 Kim bilir, belki bu masal\u0131n kahraman\u0131 da sensin sonunda!   Bu sadece bir kitap de\u011fil. Belki de senin ilk kahramanl\u0131k hik\u00e2yen! <\/p>\n","protected":false},"excerpt":{"rendered":"<p>Bir varm\u0131\u015f, iki yokmu\u015f, \u00dc\u00e7 \u00e7okmu\u015f, d\u00f6rt uykudaym\u0131\u015f! Be\u015f gelmi\u015f, \u201cHaydi kalk\u0131n!\u201d demi\u015f. \u201cUyansana \u00c7ocuk\u201dun sihirli sayfalar\u0131ndan sonra \u015fimdi s\u0131ra yepyeni bir yolculukta: Bir bitki gerekmi\u015f<span class=\"excerpt-hellip\"> [\u2026]<\/span><\/p>\n","protected":false},"featured_media":0,"template":"","meta":{"_monsterinsights_skip_tracking":false,"_monsterinsights_sitenote_active":false,"_monsterinsights_sitenote_note":"","_monsterinsights_sitenote_category":0},"product_brand":[],"product_cat":[141304],"product_tag":[],"class_list":{"0":"post-776332","1":"product","2":"type-product","3":"status-publish","5":"product_cat-yeni-cikanlar","6":"pa_cilt-ciltsiz","7":"pa_tur-kitap","8":"pa_yayinevi-us-yayinlari","9":"pa_yazar-fatih-sancakli","11":"first","12":"instock","13":"sale","14":"shipping-taxable","15":"purchasable","16":"product-type-simple"},"_links":{"self":[{"href":"https:\/\/roveyayinevi.com.tr\/index.php\/wp-json\/wp\/v2\/product\/776332","targetHints":{"allow":["GET"]}}],"collection":[{"href":"https:\/\/roveyayinevi.com.tr\/index.php\/wp-json\/wp\/v2\/product"}],"about":[{"href":"https:\/\/roveyayinevi.com.tr\/index.php\/wp-json\/wp\/v2\/types\/product"}],"wp:attachment":[{"href":"https:\/\/roveyayinevi.com.tr\/index.php\/wp-json\/wp\/v2\/media?parent=776332"}],"wp:term":[{"taxonomy":"product_brand","embeddable":true,"href":"https:\/\/roveyayinevi.com.tr\/index.php\/wp-json\/wp\/v2\/product_brand?post=776332"},{"taxonomy":"product_cat","embeddable":true,"href":"https:\/\/roveyayinevi.com.tr\/index.php\/wp-json\/wp\/v2\/product_cat?post=776332"},{"taxonomy":"product_tag","embeddable":true,"href":"https:\/\/roveyayinevi.com.tr\/index.php\/wp-json\/wp\/v2\/product_tag?post=776332"}],"curies":[{"name":"wp","href":"https:\/\/api.w.org\/{rel}","templated":true}]}}