{"id":776326,"date":"2025-09-24T00:40:21","date_gmt":"2025-09-23T21:40:21","guid":{"rendered":"https:\/\/roveyayinevi.com.tr\/index.php\/urun\/cine-direnisim\/"},"modified":"2026-04-15T03:42:39","modified_gmt":"2026-04-15T00:42:39","slug":"cine-direnisim","status":"publish","type":"product","link":"https:\/\/roveyayinevi.com.tr\/index.php\/urun\/cine-direnisim\/","title":{"rendered":"\u00c7in\u2019e Direni\u015fim"},"content":{"rendered":"<p>Bir halk\u0131n susturulmak istenen \u00e7\u0131\u011fl\u0131\u011f\u0131n\u0131 ve \u00f6zg\u00fcrl\u00fck u\u011fruna verilen amans\u0131z m\u00fccadelesini Dolkun \u0130sa tan\u0131kl\u0131klar\u0131yla anlat\u0131yor. Kitap, yaln\u0131zca Uygurlar\u0131n dram\u0131n\u0131 de\u011fil, insanl\u0131\u011f\u0131n vicdan\u0131na dokunan evrensel adalet aray\u0131\u015f\u0131n\u0131 da g\u00f6zler \u00f6n\u00fcne seriyor.  \u00c7in\u2019in s\u0131n\u0131r \u00f6tesi bask\u0131 siyaseti, Interpol\u2019u  suistimal ederek uluslararas\u0131 hukuku \u00e7i\u011fnemesi ve \u0130sa\u2019n\u0131n 21 y\u0131l boyunca bu zulm\u00fcn do\u011frudan hedefi olu\u015fu, eserin merkezinde yer al\u0131yor. Her sayfa, zulme kar\u015f\u0131 direnen bir y\u00fcrek ve d\u00fcnyan\u0131n duymas\u0131 gereken bir \u00e7a\u011fr\u0131; hem ac\u0131n\u0131n hem de umudun yank\u0131s\u0131n\u0131 ta\u015f\u0131yor.\u201d <\/p>\n","protected":false},"excerpt":{"rendered":"<p>Bir halk\u0131n susturulmak istenen \u00e7\u0131\u011fl\u0131\u011f\u0131n\u0131 ve \u00f6zg\u00fcrl\u00fck u\u011fruna verilen amans\u0131z m\u00fccadelesini Dolkun \u0130sa tan\u0131kl\u0131klar\u0131yla anlat\u0131yor. Kitap, yaln\u0131zca Uygurlar\u0131n dram\u0131n\u0131 de\u011fil, insanl\u0131\u011f\u0131n vicdan\u0131na dokunan evrensel adalet aray\u0131\u015f\u0131n\u0131<span class=\"excerpt-hellip\"> [\u2026]<\/span><\/p>\n","protected":false},"featured_media":0,"template":"","meta":{"_monsterinsights_skip_tracking":false,"_monsterinsights_sitenote_active":false,"_monsterinsights_sitenote_note":"","_monsterinsights_sitenote_category":0},"product_brand":[],"product_cat":[12291,12509],"product_tag":[],"class_list":{"0":"post-776326","1":"product","2":"type-product","3":"status-publish","5":"product_cat-edebiyat","6":"product_cat-siir","7":"pa_cilt-ciltsiz","8":"pa_tur-kitap","9":"pa_yayinevi-kultur-ajans-yayinlari","10":"pa_yazar-dolkun-isa","12":"first","13":"instock","14":"sale","15":"shipping-taxable","16":"purchasable","17":"product-type-simple"},"_links":{"self":[{"href":"https:\/\/roveyayinevi.com.tr\/index.php\/wp-json\/wp\/v2\/product\/776326","targetHints":{"allow":["GET"]}}],"collection":[{"href":"https:\/\/roveyayinevi.com.tr\/index.php\/wp-json\/wp\/v2\/product"}],"about":[{"href":"https:\/\/roveyayinevi.com.tr\/index.php\/wp-json\/wp\/v2\/types\/product"}],"wp:attachment":[{"href":"https:\/\/roveyayinevi.com.tr\/index.php\/wp-json\/wp\/v2\/media?parent=776326"}],"wp:term":[{"taxonomy":"product_brand","embeddable":true,"href":"https:\/\/roveyayinevi.com.tr\/index.php\/wp-json\/wp\/v2\/product_brand?post=776326"},{"taxonomy":"product_cat","embeddable":true,"href":"https:\/\/roveyayinevi.com.tr\/index.php\/wp-json\/wp\/v2\/product_cat?post=776326"},{"taxonomy":"product_tag","embeddable":true,"href":"https:\/\/roveyayinevi.com.tr\/index.php\/wp-json\/wp\/v2\/product_tag?post=776326"}],"curies":[{"name":"wp","href":"https:\/\/api.w.org\/{rel}","templated":true}]}}