{"id":776324,"date":"2025-09-24T00:40:18","date_gmt":"2025-09-23T21:40:18","guid":{"rendered":"https:\/\/roveyayinevi.com.tr\/index.php\/urun\/rastlasinca\/"},"modified":"2026-04-15T03:42:38","modified_gmt":"2026-04-15T00:42:38","slug":"rastlasinca","status":"publish","type":"product","link":"https:\/\/roveyayinevi.com.tr\/index.php\/urun\/rastlasinca\/","title":{"rendered":"Rastla\u015f\u0131nca"},"content":{"rendered":"<p>\u201cBaz\u0131 anlar\u0131n rengi vard\u0131r Baz\u0131 s\u00f6zlerin, baz\u0131 g\u00fcl\u00fc\u015flerin Yaprak d\u00f6ken a\u011fa\u00e7lar\u0131n, do\u011fan g\u00fcne\u015fin Sessizli\u011fin ve bekleyi\u015fin\u2026\u201d <\/p>\n","protected":false},"excerpt":{"rendered":"<p>\u201cBaz\u0131 anlar\u0131n rengi vard\u0131r Baz\u0131 s\u00f6zlerin, baz\u0131 g\u00fcl\u00fc\u015flerin Yaprak d\u00f6ken a\u011fa\u00e7lar\u0131n, do\u011fan g\u00fcne\u015fin Sessizli\u011fin ve bekleyi\u015fin\u2026\u201d<\/p>\n","protected":false},"featured_media":0,"template":"","meta":{"_monsterinsights_skip_tracking":false,"_monsterinsights_sitenote_active":false,"_monsterinsights_sitenote_note":"","_monsterinsights_sitenote_category":0},"product_brand":[],"product_cat":[12291,12509],"product_tag":[],"class_list":{"0":"post-776324","1":"product","2":"type-product","3":"status-publish","5":"product_cat-edebiyat","6":"product_cat-siir","7":"pa_cilt-ciltsiz","8":"pa_tur-kitap","9":"pa_yayinevi-elpis-yayinlari","10":"pa_yazar-nurdan-kasar","12":"first","13":"instock","14":"sale","15":"shipping-taxable","16":"purchasable","17":"product-type-simple"},"_links":{"self":[{"href":"https:\/\/roveyayinevi.com.tr\/index.php\/wp-json\/wp\/v2\/product\/776324","targetHints":{"allow":["GET"]}}],"collection":[{"href":"https:\/\/roveyayinevi.com.tr\/index.php\/wp-json\/wp\/v2\/product"}],"about":[{"href":"https:\/\/roveyayinevi.com.tr\/index.php\/wp-json\/wp\/v2\/types\/product"}],"wp:attachment":[{"href":"https:\/\/roveyayinevi.com.tr\/index.php\/wp-json\/wp\/v2\/media?parent=776324"}],"wp:term":[{"taxonomy":"product_brand","embeddable":true,"href":"https:\/\/roveyayinevi.com.tr\/index.php\/wp-json\/wp\/v2\/product_brand?post=776324"},{"taxonomy":"product_cat","embeddable":true,"href":"https:\/\/roveyayinevi.com.tr\/index.php\/wp-json\/wp\/v2\/product_cat?post=776324"},{"taxonomy":"product_tag","embeddable":true,"href":"https:\/\/roveyayinevi.com.tr\/index.php\/wp-json\/wp\/v2\/product_tag?post=776324"}],"curies":[{"name":"wp","href":"https:\/\/api.w.org\/{rel}","templated":true}]}}