{"id":776322,"date":"2025-09-24T00:40:13","date_gmt":"2025-09-23T21:40:13","guid":{"rendered":"https:\/\/roveyayinevi.com.tr\/index.php\/urun\/cocukluk-arkadasim\/"},"modified":"2026-04-03T03:33:12","modified_gmt":"2026-04-03T00:33:12","slug":"cocukluk-arkadasim","status":"publish","type":"product","link":"https:\/\/roveyayinevi.com.tr\/index.php\/urun\/cocukluk-arkadasim\/","title":{"rendered":"\u00c7ocukluk Arkada\u015f\u0131m"},"content":{"rendered":"<p>\u201cHakikaten, korkacak ne vard\u0131 ki? Ne vard\u0131 sahi? Sa\u00e7malayabilirsin, olur biterdi. \u0130nsanlar sana g\u00fclebilir, olsun, ne zarar\u0131 var? Hayat k\u0131sa, ger\u00e7ekten \u00f6yle. Sevdi\u011fimiz i\u015fi yaparak, yapt\u0131\u011f\u0131m\u0131z i\u015fi severek, insanlar\u0131n d\u00fc\u015f\u00fcncelerini pek o kadar da kafaya takmayarak ya\u015famal\u0131yd\u0131k. Yoksa ya\u015fanan bunca ac\u0131n\u0131n, \u00e7ekilen bunca \u00e7ilenin ne anlam\u0131 kal\u0131rd\u0131?\u201d   S\u0131radan bir hayat s\u00fcren, \u00f6zg\u00fcvensiz ve \u00e7ekingen bir gen\u00e7 k\u0131z olan Defne, 25. ya\u015f g\u00fcn\u00fcnde hayat\u0131n\u0131 tamamen de\u011fi\u015ftirecek biriyle tan\u0131\u015f\u0131r: Yi\u011fit. Yi\u011fit, onun \u00e7ocukluk arkada\u015f\u0131 oldu\u011funu iddia etmektedir ve Defne hakk\u0131nda pek \u00e7ok \u015feyi biliyor gibidir. Ancak Defne, onu ne tan\u0131makta ne de nereden tan\u0131\u015ft\u0131klar\u0131n\u0131 hat\u0131rlamaktad\u0131r. \u0130kili birlikte zaman ge\u00e7irmeye ba\u015flad\u0131k\u00e7a Defne\u2019nin d\u00fcnyas\u0131 yava\u015f yava\u015f geni\u015fler; ge\u00e7mi\u015fin ac\u0131-tatl\u0131 s\u0131rlar\u0131 birer birer g\u00fcn y\u00fcz\u00fcne \u00e7\u0131kar. Ve tabii ki a\u015fk: O da kap\u0131da beklemektedir.   \u00c7ocukluk Arkada\u015f\u0131m, kendini ke\u015ffetme yolculu\u011funa \u00e7\u0131kan gen\u00e7 bir kad\u0131n\u0131n hik\u00e2yesini anlat\u0131rken okurlar\u0131n\u0131 hem e\u011flenceli hem de duygusal anlarla dolu bir ser\u00fcvene davet ediyor. Kimi zaman h\u00fcz\u00fcnl\u00fc, kimi zaman umut dolu bu yolculu\u011fa haz\u0131r m\u0131s\u0131n\u0131z? <\/p>\n","protected":false},"excerpt":{"rendered":"<p>\u201cHakikaten, korkacak ne vard\u0131 ki? Ne vard\u0131 sahi? Sa\u00e7malayabilirsin, olur biterdi. \u0130nsanlar sana g\u00fclebilir, olsun, ne zarar\u0131 var? Hayat k\u0131sa, ger\u00e7ekten \u00f6yle. Sevdi\u011fimiz i\u015fi yaparak, yapt\u0131\u011f\u0131m\u0131z<span class=\"excerpt-hellip\"> [\u2026]<\/span><\/p>\n","protected":false},"featured_media":0,"template":"","meta":{"_monsterinsights_skip_tracking":false,"_monsterinsights_sitenote_active":false,"_monsterinsights_sitenote_note":"","_monsterinsights_sitenote_category":0},"product_brand":[],"product_cat":[12291,12711],"product_tag":[],"class_list":{"0":"post-776322","1":"product","2":"type-product","3":"status-publish","5":"product_cat-edebiyat","6":"product_cat-roman-oyku","7":"pa_cilt-ciltsiz","8":"pa_tur-kitap","9":"pa_yayinevi-theseus-yayinevi","10":"pa_yazar-cemre-isik-koroglu","12":"first","13":"instock","14":"sale","15":"shipping-taxable","16":"purchasable","17":"product-type-simple"},"_links":{"self":[{"href":"https:\/\/roveyayinevi.com.tr\/index.php\/wp-json\/wp\/v2\/product\/776322","targetHints":{"allow":["GET"]}}],"collection":[{"href":"https:\/\/roveyayinevi.com.tr\/index.php\/wp-json\/wp\/v2\/product"}],"about":[{"href":"https:\/\/roveyayinevi.com.tr\/index.php\/wp-json\/wp\/v2\/types\/product"}],"wp:attachment":[{"href":"https:\/\/roveyayinevi.com.tr\/index.php\/wp-json\/wp\/v2\/media?parent=776322"}],"wp:term":[{"taxonomy":"product_brand","embeddable":true,"href":"https:\/\/roveyayinevi.com.tr\/index.php\/wp-json\/wp\/v2\/product_brand?post=776322"},{"taxonomy":"product_cat","embeddable":true,"href":"https:\/\/roveyayinevi.com.tr\/index.php\/wp-json\/wp\/v2\/product_cat?post=776322"},{"taxonomy":"product_tag","embeddable":true,"href":"https:\/\/roveyayinevi.com.tr\/index.php\/wp-json\/wp\/v2\/product_tag?post=776322"}],"curies":[{"name":"wp","href":"https:\/\/api.w.org\/{rel}","templated":true}]}}