{"id":776321,"date":"2025-09-24T00:40:11","date_gmt":"2025-09-23T21:40:11","guid":{"rendered":"https:\/\/roveyayinevi.com.tr\/index.php\/urun\/babama-veda\/"},"modified":"2026-04-03T03:33:12","modified_gmt":"2026-04-03T00:33:12","slug":"babama-veda","status":"publish","type":"product","link":"https:\/\/roveyayinevi.com.tr\/index.php\/urun\/babama-veda\/","title":{"rendered":"Babama Veda"},"content":{"rendered":"<p>Bu kitap, babas\u0131na veda edememi\u015f bir k\u0131z\u0131n kalbinden d\u00f6k\u00fclen c\u00fcmlelerle yaz\u0131ld\u0131. Haziran geldi ama yaz gelmedi. G\u00fcne\u015f a\u00e7t\u0131 ama i\u00e7i \u0131s\u0131nmad\u0131. Bir baba \u00f6ld\u00fc, bir k\u0131z\u0131n zaman\u0131 durdu. Yas, zaman\u0131n d\u0131\u015f\u0131nda bir yer. Orada \u00e7ocukluk geri geliyor, an\u0131lar yeniden do\u011fuyor. K\u0131r\u0131lm\u0131\u015f s\u00f6zc\u00fckler, suskunluklar, y\u00fczle\u015fmeler, pi\u015fmanl\u0131klar ve te\u015fekk\u00fcrler\u2026 Hepsi bir araya geliyor. Babama Veda ismi asl\u0131nda, bir veda de\u011fil, gecikmi\u015f bir te\u015fekk\u00fcr, eksik kalm\u0131\u015f bir elveda, baban\u0131n ard\u0131ndan tutulan bir yas g\u00fcncesi. Kay\u0131p \u00e7ok ani. Beyinde bir yere kondurulam\u0131yorsa. Kitaba s\u0131\u011far m\u0131? Bilmiyorum. Oldu\u011fu kadar<\/p>\n","protected":false},"excerpt":{"rendered":"<p>Bu kitap, babas\u0131na veda edememi\u015f bir k\u0131z\u0131n kalbinden d\u00f6k\u00fclen c\u00fcmlelerle yaz\u0131ld\u0131. Haziran geldi ama yaz gelmedi. G\u00fcne\u015f a\u00e7t\u0131 ama i\u00e7i \u0131s\u0131nmad\u0131. Bir baba \u00f6ld\u00fc, bir k\u0131z\u0131n<span class=\"excerpt-hellip\"> [\u2026]<\/span><\/p>\n","protected":false},"featured_media":0,"template":"","meta":{"_monsterinsights_skip_tracking":false,"_monsterinsights_sitenote_active":false,"_monsterinsights_sitenote_note":"","_monsterinsights_sitenote_category":0},"product_brand":[],"product_cat":[12291,12509],"product_tag":[],"class_list":{"0":"post-776321","1":"product","2":"type-product","3":"status-publish","5":"product_cat-edebiyat","6":"product_cat-siir","7":"pa_cilt-ciltsiz","8":"pa_tur-kitap","9":"pa_yayinevi-perseus","10":"pa_yazar-deniz-serin","12":"first","13":"instock","14":"sale","15":"shipping-taxable","16":"purchasable","17":"product-type-simple"},"_links":{"self":[{"href":"https:\/\/roveyayinevi.com.tr\/index.php\/wp-json\/wp\/v2\/product\/776321","targetHints":{"allow":["GET"]}}],"collection":[{"href":"https:\/\/roveyayinevi.com.tr\/index.php\/wp-json\/wp\/v2\/product"}],"about":[{"href":"https:\/\/roveyayinevi.com.tr\/index.php\/wp-json\/wp\/v2\/types\/product"}],"wp:attachment":[{"href":"https:\/\/roveyayinevi.com.tr\/index.php\/wp-json\/wp\/v2\/media?parent=776321"}],"wp:term":[{"taxonomy":"product_brand","embeddable":true,"href":"https:\/\/roveyayinevi.com.tr\/index.php\/wp-json\/wp\/v2\/product_brand?post=776321"},{"taxonomy":"product_cat","embeddable":true,"href":"https:\/\/roveyayinevi.com.tr\/index.php\/wp-json\/wp\/v2\/product_cat?post=776321"},{"taxonomy":"product_tag","embeddable":true,"href":"https:\/\/roveyayinevi.com.tr\/index.php\/wp-json\/wp\/v2\/product_tag?post=776321"}],"curies":[{"name":"wp","href":"https:\/\/api.w.org\/{rel}","templated":true}]}}