{"id":776320,"date":"2025-09-24T00:40:09","date_gmt":"2025-09-23T21:40:09","guid":{"rendered":"https:\/\/roveyayinevi.com.tr\/index.php\/urun\/insanri-hicligin-yankisi\/"},"modified":"2026-04-15T03:42:38","modified_gmt":"2026-04-15T00:42:38","slug":"insanri-hicligin-yankisi","status":"publish","type":"product","link":"https:\/\/roveyayinevi.com.tr\/index.php\/urun\/insanri-hicligin-yankisi\/","title":{"rendered":"\u0130nsanr\u0131 \u2013 Hi\u00e7li\u011fin Yank\u0131s\u0131"},"content":{"rendered":"<p>\u0130nsan, en \u00e7ok d\u00fcnyan\u0131n kakofonik sesine g\u00f6m\u00fcld\u00fc\u011f\u00fcnde yaln\u0131zd\u0131r belki de. Peki ya kendi yaln\u0131zl\u0131\u011f\u0131n\u0131 dinlemeye karar verirse?   Sesler ge\u00e7er, g\u00f6lgeler ge\u00e7er, y\u00fczler yoktur. Pencerenden izlersin hayat\u0131n ayak seslerini. Anlamaya \u00e7al\u0131\u015f\u0131r, sorgular, yarg\u0131lar, hatta meraklan\u0131rs\u0131n. Ve bazen, bir ses cevap verir en derinlerinden \u2014yabanc\u0131 ama bir o kadar da e\u015f: \u201cBen senin i\u00e7in var\u0131m Adem, bunu biliyorsun.\u201d   O sesi duyabilmek i\u00e7in ne kadar b\u00fcy\u00fcmeli? Ve sesle vedala\u015fmak i\u00e7in, ne kadar yok olmal\u0131?   \u201cNedir ger\u00e7ek Varolan! \u015eu cehennem azab\u0131 yatak! \u015eu ak\u015fama kadar keyif \u00e7atan masa! Sen Varolan! Seni de hissediyorum i\u015fte! Sen var m\u0131s\u0131n Varolan? Sen ger\u00e7ekte var m\u0131s\u0131n?\u201d   Adem\u2019in hik\u00e2yesi kald\u0131\u011f\u0131 yerden devam ediyor. Fakat art\u0131k uyanmak zorunda. Peki, uyand\u0131\u011f\u0131nda ne olacak? \u201cHi\u00e7 derdin olmas\u0131n istiyorsan, hi\u00e7 olmay\u0131 dene\u2026\u201d <\/p>\n","protected":false},"excerpt":{"rendered":"<p>\u0130nsan, en \u00e7ok d\u00fcnyan\u0131n kakofonik sesine g\u00f6m\u00fcld\u00fc\u011f\u00fcnde yaln\u0131zd\u0131r belki de. Peki ya kendi yaln\u0131zl\u0131\u011f\u0131n\u0131 dinlemeye karar verirse? Sesler ge\u00e7er, g\u00f6lgeler ge\u00e7er, y\u00fczler yoktur. Pencerenden izlersin hayat\u0131n<span class=\"excerpt-hellip\"> [\u2026]<\/span><\/p>\n","protected":false},"featured_media":0,"template":"","meta":{"_monsterinsights_skip_tracking":false,"_monsterinsights_sitenote_active":false,"_monsterinsights_sitenote_note":"","_monsterinsights_sitenote_category":0},"product_brand":[],"product_cat":[12291,12711],"product_tag":[],"class_list":{"0":"post-776320","1":"product","2":"type-product","3":"status-publish","5":"product_cat-edebiyat","6":"product_cat-roman-oyku","7":"pa_cilt-ciltsiz","8":"pa_tur-kitap","9":"pa_yayinevi-elpis-yayinlari","10":"pa_yazar-muhammed-altuntas","12":"first","13":"instock","14":"sale","15":"shipping-taxable","16":"purchasable","17":"product-type-simple"},"_links":{"self":[{"href":"https:\/\/roveyayinevi.com.tr\/index.php\/wp-json\/wp\/v2\/product\/776320","targetHints":{"allow":["GET"]}}],"collection":[{"href":"https:\/\/roveyayinevi.com.tr\/index.php\/wp-json\/wp\/v2\/product"}],"about":[{"href":"https:\/\/roveyayinevi.com.tr\/index.php\/wp-json\/wp\/v2\/types\/product"}],"wp:attachment":[{"href":"https:\/\/roveyayinevi.com.tr\/index.php\/wp-json\/wp\/v2\/media?parent=776320"}],"wp:term":[{"taxonomy":"product_brand","embeddable":true,"href":"https:\/\/roveyayinevi.com.tr\/index.php\/wp-json\/wp\/v2\/product_brand?post=776320"},{"taxonomy":"product_cat","embeddable":true,"href":"https:\/\/roveyayinevi.com.tr\/index.php\/wp-json\/wp\/v2\/product_cat?post=776320"},{"taxonomy":"product_tag","embeddable":true,"href":"https:\/\/roveyayinevi.com.tr\/index.php\/wp-json\/wp\/v2\/product_tag?post=776320"}],"curies":[{"name":"wp","href":"https:\/\/api.w.org\/{rel}","templated":true}]}}