{"id":776319,"date":"2025-09-24T00:40:07","date_gmt":"2025-09-23T21:40:07","guid":{"rendered":"https:\/\/roveyayinevi.com.tr\/index.php\/urun\/ah-su-hayallerim\/"},"modified":"2026-04-15T03:42:38","modified_gmt":"2026-04-15T00:42:38","slug":"ah-su-hayallerim","status":"publish","type":"product","link":"https:\/\/roveyayinevi.com.tr\/index.php\/urun\/ah-su-hayallerim\/","title":{"rendered":"Ah \u015eu Hayallerim"},"content":{"rendered":"<p>Herkes hayal kurabilir mi?Yeti\u015fkinler de hayal kurar m\u0131?Yeterince istersek hayal etti\u011fimiz her \u015fey ger\u00e7ek olur mu?Sizleri Galapagos Adas\u0131\u2019nda ge\u00e7en bu macerada adada ya\u015fayan pek \u00e7ok \u00f6zel hayvanla tan\u0131\u015ft\u0131raca\u011f\u0131z.S\u0131k s\u0131k hayal kuran Mavi Ayakl\u0131 ku\u015f Booby, dev dalgalar\u0131 yakalayabilecek mi?Yoksa kurdu\u011fu hayallerden vazge\u00e7ecek mi?Pembe dalgalar\u0131n ve \u00e7ok daha fazlas\u0131n\u0131n oldu\u011fu bu hikayede bolca hayal kuracak, merak edecek, yepyeni bilgiler \u00f6\u011frenece\u011fiz.Galapagos Adas\u0131\u2019n\u0131n maceral\u0131 d\u00fcnyas\u0131na sizleri de bekliyoruz. <\/p>\n","protected":false},"excerpt":{"rendered":"<p>Herkes hayal kurabilir mi?Yeti\u015fkinler de hayal kurar m\u0131?Yeterince istersek hayal etti\u011fimiz her \u015fey ger\u00e7ek olur mu?Sizleri Galapagos Adas\u0131\u2019nda ge\u00e7en bu macerada adada ya\u015fayan pek \u00e7ok \u00f6zel<span class=\"excerpt-hellip\"> [\u2026]<\/span><\/p>\n","protected":false},"featured_media":0,"template":"","meta":{"_monsterinsights_skip_tracking":false,"_monsterinsights_sitenote_active":false,"_monsterinsights_sitenote_note":"","_monsterinsights_sitenote_category":0},"product_brand":[],"product_cat":[141304],"product_tag":[],"class_list":{"0":"post-776319","1":"product","2":"type-product","3":"status-publish","5":"product_cat-yeni-cikanlar","6":"pa_cilt-ciltsiz","7":"pa_tur-kitap","8":"pa_yayinevi-perseus","9":"pa_yazar-nilden-gezek-alabas","11":"first","12":"instock","13":"sale","14":"shipping-taxable","15":"purchasable","16":"product-type-simple"},"_links":{"self":[{"href":"https:\/\/roveyayinevi.com.tr\/index.php\/wp-json\/wp\/v2\/product\/776319","targetHints":{"allow":["GET"]}}],"collection":[{"href":"https:\/\/roveyayinevi.com.tr\/index.php\/wp-json\/wp\/v2\/product"}],"about":[{"href":"https:\/\/roveyayinevi.com.tr\/index.php\/wp-json\/wp\/v2\/types\/product"}],"wp:attachment":[{"href":"https:\/\/roveyayinevi.com.tr\/index.php\/wp-json\/wp\/v2\/media?parent=776319"}],"wp:term":[{"taxonomy":"product_brand","embeddable":true,"href":"https:\/\/roveyayinevi.com.tr\/index.php\/wp-json\/wp\/v2\/product_brand?post=776319"},{"taxonomy":"product_cat","embeddable":true,"href":"https:\/\/roveyayinevi.com.tr\/index.php\/wp-json\/wp\/v2\/product_cat?post=776319"},{"taxonomy":"product_tag","embeddable":true,"href":"https:\/\/roveyayinevi.com.tr\/index.php\/wp-json\/wp\/v2\/product_tag?post=776319"}],"curies":[{"name":"wp","href":"https:\/\/api.w.org\/{rel}","templated":true}]}}