{"id":776314,"date":"2025-09-24T00:39:58","date_gmt":"2025-09-23T21:39:58","guid":{"rendered":"https:\/\/roveyayinevi.com.tr\/index.php\/urun\/sikayetciyim\/"},"modified":"2026-04-15T03:42:38","modified_gmt":"2026-04-15T00:42:38","slug":"sikayetciyim","status":"publish","type":"product","link":"https:\/\/roveyayinevi.com.tr\/index.php\/urun\/sikayetciyim\/","title":{"rendered":"\u015eikayet\u00e7iyim"},"content":{"rendered":"<p>Sava\u015flar\u0131n insan do\u011fas\u0131na dayand\u0131r\u0131larak a\u00e7\u0131klanmas\u0131, genellikle siyaset felsefesi, psikanaliz, sosyo-biyoloji alanlar\u0131nda ortaya koyulmu\u015ftur. Sava\u015flar, temelde insan\u0131n bencil ve sald\u0131rgan do\u011fas\u0131ndan kaynaklanmaktad\u0131r. Milliyet\u00e7ilik d\u00fc\u015f\u00fcncesi ve Sanayi \u0130nk\u0131l\u00e2b\u0131n\u0131n getirdi\u011fi s\u00f6m\u00fcrgecilik anlay\u0131\u015f\u0131, ekonomik kriz, fa\u015fist d\u00fc\u015f\u00fcnce, emperyalist g\u00fc\u00e7lerin yar\u0131\u015fma politikas\u0131, \u00e7\u0131kar anla\u015fmas\u0131 vs. sava\u015flar\u0131n \u00e7\u0131kmas\u0131n\u0131n nedenleridir. \u00c7e\u015fitleri; akustik sava\u015f, amfibik harek\u00e2t, asimetrik sava\u015f, ba\u011f\u0131ms\u0131zl\u0131k sava\u015f\u0131, barutlu silahlarla sava\u015f, biyolojik sava\u015f, deniz sava\u015f\u0131 ve dini sava\u015flard\u0131r\u2026 \u0130\u015fte Hamas, Gazze, Filistin de soyk\u0131r\u0131m sava\u015f\u0131, bu t\u00fcr sava\u015flar insanl\u0131\u011f\u0131n y\u00fcz karas\u0131d\u0131r. Ama vard\u0131r. <\/p>\n","protected":false},"excerpt":{"rendered":"<p>Sava\u015flar\u0131n insan do\u011fas\u0131na dayand\u0131r\u0131larak a\u00e7\u0131klanmas\u0131, genellikle siyaset felsefesi, psikanaliz, sosyo-biyoloji alanlar\u0131nda ortaya koyulmu\u015ftur. Sava\u015flar, temelde insan\u0131n bencil ve sald\u0131rgan do\u011fas\u0131ndan kaynaklanmaktad\u0131r. Milliyet\u00e7ilik d\u00fc\u015f\u00fcncesi ve Sanayi \u0130nk\u0131l\u00e2b\u0131n\u0131n<span class=\"excerpt-hellip\"> [\u2026]<\/span><\/p>\n","protected":false},"featured_media":0,"template":"","meta":{"_monsterinsights_skip_tracking":false,"_monsterinsights_sitenote_active":false,"_monsterinsights_sitenote_note":"","_monsterinsights_sitenote_category":0},"product_brand":[],"product_cat":[12777,12291],"product_tag":[],"class_list":{"0":"post-776314","1":"product","2":"type-product","3":"status-publish","5":"product_cat-deneme","6":"product_cat-edebiyat","7":"pa_cilt-ciltsiz","8":"pa_tur-kitap","9":"pa_yayinevi-gulnar-yayinlari","10":"pa_yazar-alihan-iren","12":"first","13":"instock","14":"sale","15":"shipping-taxable","16":"purchasable","17":"product-type-simple"},"_links":{"self":[{"href":"https:\/\/roveyayinevi.com.tr\/index.php\/wp-json\/wp\/v2\/product\/776314","targetHints":{"allow":["GET"]}}],"collection":[{"href":"https:\/\/roveyayinevi.com.tr\/index.php\/wp-json\/wp\/v2\/product"}],"about":[{"href":"https:\/\/roveyayinevi.com.tr\/index.php\/wp-json\/wp\/v2\/types\/product"}],"wp:attachment":[{"href":"https:\/\/roveyayinevi.com.tr\/index.php\/wp-json\/wp\/v2\/media?parent=776314"}],"wp:term":[{"taxonomy":"product_brand","embeddable":true,"href":"https:\/\/roveyayinevi.com.tr\/index.php\/wp-json\/wp\/v2\/product_brand?post=776314"},{"taxonomy":"product_cat","embeddable":true,"href":"https:\/\/roveyayinevi.com.tr\/index.php\/wp-json\/wp\/v2\/product_cat?post=776314"},{"taxonomy":"product_tag","embeddable":true,"href":"https:\/\/roveyayinevi.com.tr\/index.php\/wp-json\/wp\/v2\/product_tag?post=776314"}],"curies":[{"name":"wp","href":"https:\/\/api.w.org\/{rel}","templated":true}]}}