{"id":776308,"date":"2025-09-24T00:39:39","date_gmt":"2025-09-23T21:39:39","guid":{"rendered":"https:\/\/roveyayinevi.com.tr\/index.php\/urun\/kuma-3-ciltli-2\/"},"modified":"2026-04-15T03:42:37","modified_gmt":"2026-04-15T00:42:37","slug":"kuma-3-ciltli-2","status":"publish","type":"product","link":"https:\/\/roveyayinevi.com.tr\/index.php\/urun\/kuma-3-ciltli-2\/","title":{"rendered":"Kuma -3 (Ciltli)"},"content":{"rendered":"<p>Taraf m\u0131 istiyorsun?Se\u00e7 bir kad\u0131n\u0131, tut elini, yoluna devam et.Arkanda b\u0131rakt\u0131\u011f\u0131n kad\u0131na sak\u0131n d\u00f6nme.Bir hayat m\u0131 istiyorsun?G\u00f6nder bir kad\u0131n\u0131, yolunu \u00e7izmesine izin ver.Arkanda b\u0131rakt\u0131\u011f\u0131n kad\u0131n i\u00e7in asla pi\u015fman olma.\u015eerwan Ero\u011flu i\u00e7in se\u00e7im yapmak bir l\u00fctuf mu yoksa mecburiyet mi?\u0130lk kar\u0131s\u0131na elini uzatarak kuma kar\u0131s\u0131n\u0131 arkas\u0131nda b\u0131rakt\u0131.Ezo teslimiyet i\u00e7inde f\u0131s\u0131ldad\u0131:Benim kaderimde sadece ikimiz vard\u0131k.Arkadan bir ses&#8230;\u015eerwan, kuma kar\u0131s\u0131na d\u00f6nerek ilk kar\u0131s\u0131n\u0131 arkas\u0131nda b\u0131rakt\u0131.Beritan ac\u0131yla g\u00fcl\u00fcmsedi.Benim kaderim ba\u015fkas\u0131na aitti.Kaderleri birbirine ba\u011flanan iki kad\u0131n\u0131n ipi kesilecek mi?\u00d6yleyse \u015eerwan Ero\u011flu kimin ipini kesecekti?Hangi kad\u0131n\u0131n elinden tutup yoluna devam edecekti?<\/p>\n","protected":false},"excerpt":{"rendered":"<p>Taraf m\u0131 istiyorsun?Se\u00e7 bir kad\u0131n\u0131, tut elini, yoluna devam et.Arkanda b\u0131rakt\u0131\u011f\u0131n kad\u0131na sak\u0131n d\u00f6nme.Bir hayat m\u0131 istiyorsun?G\u00f6nder bir kad\u0131n\u0131, yolunu \u00e7izmesine izin ver.Arkanda b\u0131rakt\u0131\u011f\u0131n kad\u0131n i\u00e7in<span class=\"excerpt-hellip\"> [\u2026]<\/span><\/p>\n","protected":false},"featured_media":0,"template":"","meta":{"_monsterinsights_skip_tracking":false,"_monsterinsights_sitenote_active":false,"_monsterinsights_sitenote_note":"","_monsterinsights_sitenote_category":0},"product_brand":[],"product_cat":[12291,12711],"product_tag":[],"class_list":{"0":"post-776308","1":"product","2":"type-product","3":"status-publish","5":"product_cat-edebiyat","6":"product_cat-roman-oyku","7":"pa_cilt-ciltli","8":"pa_tur-kitap","9":"pa_yayinevi-lapis-kitap","10":"pa_yazar-sehnaz-gulsen","12":"first","13":"instock","14":"sale","15":"shipping-taxable","16":"purchasable","17":"product-type-simple"},"_links":{"self":[{"href":"https:\/\/roveyayinevi.com.tr\/index.php\/wp-json\/wp\/v2\/product\/776308","targetHints":{"allow":["GET"]}}],"collection":[{"href":"https:\/\/roveyayinevi.com.tr\/index.php\/wp-json\/wp\/v2\/product"}],"about":[{"href":"https:\/\/roveyayinevi.com.tr\/index.php\/wp-json\/wp\/v2\/types\/product"}],"wp:attachment":[{"href":"https:\/\/roveyayinevi.com.tr\/index.php\/wp-json\/wp\/v2\/media?parent=776308"}],"wp:term":[{"taxonomy":"product_brand","embeddable":true,"href":"https:\/\/roveyayinevi.com.tr\/index.php\/wp-json\/wp\/v2\/product_brand?post=776308"},{"taxonomy":"product_cat","embeddable":true,"href":"https:\/\/roveyayinevi.com.tr\/index.php\/wp-json\/wp\/v2\/product_cat?post=776308"},{"taxonomy":"product_tag","embeddable":true,"href":"https:\/\/roveyayinevi.com.tr\/index.php\/wp-json\/wp\/v2\/product_tag?post=776308"}],"curies":[{"name":"wp","href":"https:\/\/api.w.org\/{rel}","templated":true}]}}