{"id":776306,"date":"2025-09-24T00:39:30","date_gmt":"2025-09-23T21:39:30","guid":{"rendered":"https:\/\/roveyayinevi.com.tr\/index.php\/urun\/al-i-beyt-i-muhammed\/"},"modified":"2026-04-15T03:42:36","modified_gmt":"2026-04-15T00:42:36","slug":"al-i-beyt-i-muhammed","status":"publish","type":"product","link":"https:\/\/roveyayinevi.com.tr\/index.php\/urun\/al-i-beyt-i-muhammed\/","title":{"rendered":"Al-i Beyt-i Muhammed"},"content":{"rendered":"<p>\u201c\u0130\u015fte e\u011fer Zekeriya (\u0130slam \u00e2lemi) bu karanl\u0131k birikimden kurtulabilirse, sava\u015f yerine ilim ve inan\u00e7 ile cihat edebilse; materyalizmden dolay\u0131, b\u00fct\u00fcn d\u00fcnyan\u0131n varl\u0131\u011f\u0131 ve hayat\u0131 abs\u00fcrt g\u00f6rmesini kald\u0131r\u0131p, a\u015fk\u0131nl\u0131k, mana ve y\u00fccelik demek olan tesbihat yapabilse, bu canl\u0131 ve s\u00fcrekli sistem ger\u00e7ekle\u015fecektir.\u201d (19\/11) Bu ayet, bu manalar\u0131 vermek i\u00e7in alt\u0131 kelimesiyle \u015f\u00f6yle diyor: Kavminin \u00fczerine \u00e7\u0131kt\u0131. Yani milliyet\u00e7ili\u011fi ve kavmiyet\u00e7ili\u011fi kald\u0131rsa. Ve b\u00fct\u00fcn sava\u015flar\u0131n sebebi bu kavmiyet\u00e7iliktir, diye bildirse; sava\u015f ortam\u0131ndan \u00e7\u0131ksa\u2026 (Mihrap, siper ve harp arac\u0131 veya harbin kendisi demektir. Namaz k\u0131l\u0131nan yere de mihrap denilir. \u00c7\u00fcnk\u00fc cami mihrab\u0131, ger\u00e7ekten sipere benziyor.) Yani bu d\u00f6nemde \u0130slam \u00e2lemi sava\u015fmad\u0131\u011f\u0131 gibi; sava\u015f i\u00e7in hi\u00e7bir yat\u0131r\u0131m da yapmazsa&#8230; Kavmine Allah\u2019tan vahiy gelmi\u015f gibi onlara ger\u00e7ekleri anlatabilse. (Evha ileyhim.)  Tesbih ile ifade edilen ger\u00e7eklik, y\u00fccelik, a\u015fk\u0131nl\u0131k inanc\u0131n\u0131 ya\u015fatabilse. (En sebbihu&#8230;) Bunu ger\u00e7ekle\u015ftirmek i\u00e7in de ba\u015fta gece-g\u00fcnd\u00fcz olmak \u00fczere b\u00fct\u00fcn z\u0131tlar\u0131n yap\u0131s\u0131n\u0131, hikmetini ve faydas\u0131n\u0131 g\u00f6sterebilse.  \u0130\u015fte o zaman Yahya (Kurtar\u0131c\u0131) d\u00fcnyaya gelir. Demek ayet, alt\u0131 kelimesiyle Zekeriya\u2019n\u0131n istedi\u011fi sebep ve i\u015fareti anlat\u0131yor. \u201cEy bu alt\u0131 temel \u00fczere d\u00fcnyaya gelen Yahya, g\u00fc\u00e7 ile kitaba (yasaya ve bilimlere) sar\u0131l.\u201d (19\/12) Anla\u015f\u0131lan ah\u0131r zamanda \u00e7ok\u00e7a anar\u015fi olacak ki, \u00f6ncelikli olarak yasaya ve yasay\u0131 uygulamak i\u00e7in g\u00fcce vurgu yap\u0131l\u0131yor. Bu gibi d\u00f6nemlerde insanlar, kar\u0131\u015f\u0131kl\u0131ktan ve koku\u015fmu\u015f eski k\u00fclt\u00fcrden o kadar \u00e7ok b\u0131km\u0131\u015f oluyorlar ki; yeni do\u011fmu\u015f oldu\u011fu halde b\u00f6yle bir g\u00fcce binlerce y\u0131ll\u0131k bir devlet gibi sar\u0131l\u0131rlar. \u0130\u015fte bu manay\u0131 bildirmek i\u00e7in ayetin son c\u00fcmlesi \u201cYahya, daha \u00e7ocuk iken biz ona h\u00fck\u00fcm ve y\u00f6netimi verdik.\u201d diyor. <\/p>\n","protected":false},"excerpt":{"rendered":"<p>\u201c\u0130\u015fte e\u011fer Zekeriya (\u0130slam \u00e2lemi) bu karanl\u0131k birikimden kurtulabilirse, sava\u015f yerine ilim ve inan\u00e7 ile cihat edebilse; materyalizmden dolay\u0131, b\u00fct\u00fcn d\u00fcnyan\u0131n varl\u0131\u011f\u0131 ve hayat\u0131 abs\u00fcrt g\u00f6rmesini<span class=\"excerpt-hellip\"> [\u2026]<\/span><\/p>\n","protected":false},"featured_media":0,"template":"","meta":{"_monsterinsights_skip_tracking":false,"_monsterinsights_sitenote_active":false,"_monsterinsights_sitenote_note":"","_monsterinsights_sitenote_category":0},"product_brand":[],"product_cat":[12718],"product_tag":[],"class_list":{"0":"post-776306","1":"product","2":"type-product","3":"status-publish","5":"product_cat-din","6":"pa_cilt-ciltsiz","7":"pa_tur-kitap","8":"pa_yayinevi-gulnar-yayinlari","9":"pa_yazar-bahaeddin-saglam","11":"first","12":"instock","13":"sale","14":"shipping-taxable","15":"purchasable","16":"product-type-simple"},"_links":{"self":[{"href":"https:\/\/roveyayinevi.com.tr\/index.php\/wp-json\/wp\/v2\/product\/776306","targetHints":{"allow":["GET"]}}],"collection":[{"href":"https:\/\/roveyayinevi.com.tr\/index.php\/wp-json\/wp\/v2\/product"}],"about":[{"href":"https:\/\/roveyayinevi.com.tr\/index.php\/wp-json\/wp\/v2\/types\/product"}],"wp:attachment":[{"href":"https:\/\/roveyayinevi.com.tr\/index.php\/wp-json\/wp\/v2\/media?parent=776306"}],"wp:term":[{"taxonomy":"product_brand","embeddable":true,"href":"https:\/\/roveyayinevi.com.tr\/index.php\/wp-json\/wp\/v2\/product_brand?post=776306"},{"taxonomy":"product_cat","embeddable":true,"href":"https:\/\/roveyayinevi.com.tr\/index.php\/wp-json\/wp\/v2\/product_cat?post=776306"},{"taxonomy":"product_tag","embeddable":true,"href":"https:\/\/roveyayinevi.com.tr\/index.php\/wp-json\/wp\/v2\/product_tag?post=776306"}],"curies":[{"name":"wp","href":"https:\/\/api.w.org\/{rel}","templated":true}]}}