{"id":776302,"date":"2025-09-24T00:39:11","date_gmt":"2025-09-23T21:39:11","guid":{"rendered":"https:\/\/roveyayinevi.com.tr\/index.php\/urun\/hircin\/"},"modified":"2026-04-15T03:42:34","modified_gmt":"2026-04-15T00:42:34","slug":"hircin","status":"publish","type":"product","link":"https:\/\/roveyayinevi.com.tr\/index.php\/urun\/hircin\/","title":{"rendered":"H\u0131r\u00e7\u0131n"},"content":{"rendered":"<p>Ate\u015fli, \u00e7\u0131lg\u0131n, kurals\u0131z bir d\u00fcnya ve bu d\u00fcnyan\u0131n sahibi ROCK y\u0131ld\u0131zlar\u0131n\u0131n hayat\u0131na misafir olup en gizli tutkularla tan\u0131\u015fmaya, bu kural tan\u0131mazl\u0131\u011fa ortak olmayane dersiniz?Hayaller bizim i\u00e7in \u00f6zg\u00fcr ve s\u0131n\u0131rs\u0131z olan tek yerdir.Luz i\u00e7in de \u00f6yleydi. Hayallerine ula\u015fmak i\u00e7in dikenli, \u00e7ak\u0131ll\u0131 ve bol engelli yollardan y\u00fcr\u00fcd\u00fc.\u00c7\u0131plak ayaklar\u0131na batarak ac\u0131 veren her engeli a\u015fmay\u0131 ba\u015fard\u0131. Bu engeller onun kalbinde ve ruhunda ne kadar derin yaralar a\u00e7arsa a\u00e7s\u0131n pes etmedi. Her zorluk onu hayaline bir ad\u0131m daha yakla\u015ft\u0131rm\u0131\u015f ve sonunda ba\u015farm\u0131\u015ft\u0131. Neredeyse\u2026Peki, ya ger\u00e7ek a\u015fk? O da bizim hayallerimizde \u00f6nemli bir yere sahip de\u011fil mi? Luke i\u00e7in \u00f6yleydi, bu hayali \u00e7abuk ger\u00e7ekle\u015fmi\u015f ve onu bulmu\u015ftu. Daha do\u011frusu kaybedene kadar buldu\u011funu sanm\u0131\u015ft\u0131. Belki de Luke\u2019un bu k\u00fcsk\u00fcnl\u00fc\u011f\u00fcn\u00fcn ge\u00e7mesi i\u00e7in tek ihtiyac\u0131 olan fazlaca h\u0131r\u00e7\u0131n bir k\u0131z ve tabii ki ROCK\u2019t\u0131! <\/p>\n","protected":false},"excerpt":{"rendered":"<p>Ate\u015fli, \u00e7\u0131lg\u0131n, kurals\u0131z bir d\u00fcnya ve bu d\u00fcnyan\u0131n sahibi ROCK y\u0131ld\u0131zlar\u0131n\u0131n hayat\u0131na misafir olup en gizli tutkularla tan\u0131\u015fmaya, bu kural tan\u0131mazl\u0131\u011fa ortak olmayane dersiniz?Hayaller bizim i\u00e7in<span class=\"excerpt-hellip\"> [\u2026]<\/span><\/p>\n","protected":false},"featured_media":0,"template":"","meta":{"_monsterinsights_skip_tracking":false,"_monsterinsights_sitenote_active":false,"_monsterinsights_sitenote_note":"","_monsterinsights_sitenote_category":0},"product_brand":[],"product_cat":[12291,12711],"product_tag":[],"class_list":{"0":"post-776302","1":"product","2":"type-product","3":"status-publish","5":"product_cat-edebiyat","6":"product_cat-roman-oyku","7":"pa_cilt-ciltsiz","8":"pa_tur-kitap","9":"pa_yayinevi-lapis-kitap","10":"pa_yazar-askin-nur-karatas","12":"first","13":"instock","14":"sale","15":"shipping-taxable","16":"purchasable","17":"product-type-simple"},"_links":{"self":[{"href":"https:\/\/roveyayinevi.com.tr\/index.php\/wp-json\/wp\/v2\/product\/776302","targetHints":{"allow":["GET"]}}],"collection":[{"href":"https:\/\/roveyayinevi.com.tr\/index.php\/wp-json\/wp\/v2\/product"}],"about":[{"href":"https:\/\/roveyayinevi.com.tr\/index.php\/wp-json\/wp\/v2\/types\/product"}],"wp:attachment":[{"href":"https:\/\/roveyayinevi.com.tr\/index.php\/wp-json\/wp\/v2\/media?parent=776302"}],"wp:term":[{"taxonomy":"product_brand","embeddable":true,"href":"https:\/\/roveyayinevi.com.tr\/index.php\/wp-json\/wp\/v2\/product_brand?post=776302"},{"taxonomy":"product_cat","embeddable":true,"href":"https:\/\/roveyayinevi.com.tr\/index.php\/wp-json\/wp\/v2\/product_cat?post=776302"},{"taxonomy":"product_tag","embeddable":true,"href":"https:\/\/roveyayinevi.com.tr\/index.php\/wp-json\/wp\/v2\/product_tag?post=776302"}],"curies":[{"name":"wp","href":"https:\/\/api.w.org\/{rel}","templated":true}]}}