{"id":776300,"date":"2025-09-24T00:38:41","date_gmt":"2025-09-23T21:38:41","guid":{"rendered":"https:\/\/roveyayinevi.com.tr\/index.php\/urun\/korluk-2\/"},"modified":"2026-04-15T03:42:30","modified_gmt":"2026-04-15T00:42:30","slug":"korluk-2","status":"publish","type":"product","link":"https:\/\/roveyayinevi.com.tr\/index.php\/urun\/korluk-2\/","title":{"rendered":"K\u00f6rl\u00fck"},"content":{"rendered":"<p>G\u00f6z a\u00e7\u0131p kapay\u0131ncaya kadar k\u0131sa bir anda her \u015fey karard\u0131. Koga, siyasi tutuklu olarak hapsedildi\u011fi h\u00fccrede ge\u00e7irdi\u011fi zorlu g\u00fcnlerde yaln\u0131zca \u00f6zg\u00fcrl\u00fc\u011f\u00fcn\u00fc de\u011fil, g\u00f6zlerini de kaybetmi\u015ftir. Ama as\u0131l k\u00f6rl\u00fck, g\u00f6rme yetisinin yitimi de\u011fil; insan\u0131n, toplumun ve sistemin ac\u0131mas\u0131z ger\u00e7eklerine kar\u015f\u0131 duyars\u0131zl\u0131\u011f\u0131d\u0131r.        K\u00f6rl\u00fck, modern Japon edebiyat\u0131n\u0131n \u00f6nemli kalemlerinden Kensaku Shimaki\u2019nin, bast\u0131r\u0131lm\u0131\u015f bireyin i\u00e7 d\u00fcnyas\u0131n\u0131 \u00e7arp\u0131c\u0131 bir ger\u00e7eklikle i\u015fledi\u011fi g\u00fc\u00e7l\u00fc bir anlat\u0131d\u0131r. Koga&#8217;n\u0131n fiziksel karanl\u0131\u011f\u0131na ra\u011fmen zihninde \u015fekillenen ge\u00e7mi\u015f, vicdan, su\u00e7, pi\u015fmanl\u0131k ve insan onuru \u00fczerine d\u00fc\u015f\u00fcnceler, okuru derin bir i\u00e7sel yolculu\u011fa \u00e7\u0131kar\u0131r.        Bu kitap, bir mahk\u00fbmun g\u00f6zleriyle de\u011fil, ruhuyla g\u00f6rd\u00fcklerini anlat\u0131yor. Sessizlikte yank\u0131lanan ayak seslerinden, ser\u00e7elerin c\u0131v\u0131lt\u0131s\u0131na; bir annenin fedak\u00e2rl\u0131\u011f\u0131ndan, bir e\u015fin yitip giden sadakatine kadar uzanan ince detaylarla, insan\u0131n i\u00e7indeki en karanl\u0131k ama en ger\u00e7ek yerlere dokunuyor.        Karanl\u0131\u011f\u0131n i\u00e7indeki \u0131\u015f\u0131\u011f\u0131 arayanlar i\u00e7in sars\u0131c\u0131, ama bir o kadar da unutulmaz bir roman.<\/p>\n","protected":false},"excerpt":{"rendered":"<p>G\u00f6z a\u00e7\u0131p kapay\u0131ncaya kadar k\u0131sa bir anda her \u015fey karard\u0131. Koga, siyasi tutuklu olarak hapsedildi\u011fi h\u00fccrede ge\u00e7irdi\u011fi zorlu g\u00fcnlerde yaln\u0131zca \u00f6zg\u00fcrl\u00fc\u011f\u00fcn\u00fc de\u011fil, g\u00f6zlerini de kaybetmi\u015ftir. Ama<span class=\"excerpt-hellip\"> [\u2026]<\/span><\/p>\n","protected":false},"featured_media":0,"template":"","meta":{"_monsterinsights_skip_tracking":false,"_monsterinsights_sitenote_active":false,"_monsterinsights_sitenote_note":"","_monsterinsights_sitenote_category":0},"product_brand":[],"product_cat":[12291,12711],"product_tag":[],"class_list":{"0":"post-776300","1":"product","2":"type-product","3":"status-publish","5":"product_cat-edebiyat","6":"product_cat-roman-oyku","7":"pa_cilt-ciltsiz","8":"pa_tur-kitap","9":"pa_yayinevi-japon-yayinlari","10":"pa_yazar-kensaku-shimaki","12":"first","13":"instock","14":"sale","15":"shipping-taxable","16":"purchasable","17":"product-type-simple"},"_links":{"self":[{"href":"https:\/\/roveyayinevi.com.tr\/index.php\/wp-json\/wp\/v2\/product\/776300","targetHints":{"allow":["GET"]}}],"collection":[{"href":"https:\/\/roveyayinevi.com.tr\/index.php\/wp-json\/wp\/v2\/product"}],"about":[{"href":"https:\/\/roveyayinevi.com.tr\/index.php\/wp-json\/wp\/v2\/types\/product"}],"wp:attachment":[{"href":"https:\/\/roveyayinevi.com.tr\/index.php\/wp-json\/wp\/v2\/media?parent=776300"}],"wp:term":[{"taxonomy":"product_brand","embeddable":true,"href":"https:\/\/roveyayinevi.com.tr\/index.php\/wp-json\/wp\/v2\/product_brand?post=776300"},{"taxonomy":"product_cat","embeddable":true,"href":"https:\/\/roveyayinevi.com.tr\/index.php\/wp-json\/wp\/v2\/product_cat?post=776300"},{"taxonomy":"product_tag","embeddable":true,"href":"https:\/\/roveyayinevi.com.tr\/index.php\/wp-json\/wp\/v2\/product_tag?post=776300"}],"curies":[{"name":"wp","href":"https:\/\/api.w.org\/{rel}","templated":true}]}}