{"id":776295,"date":"2025-09-23T23:01:52","date_gmt":"2025-09-23T20:01:52","guid":{"rendered":"https:\/\/roveyayinevi.com.tr\/index.php\/urun\/su-2\/"},"modified":"2026-04-16T03:13:25","modified_gmt":"2026-04-16T00:13:25","slug":"su-2","status":"publish","type":"product","link":"https:\/\/roveyayinevi.com.tr\/index.php\/urun\/su-2\/","title":{"rendered":"Su"},"content":{"rendered":"<p>Bu kitapta, suyun insanlar ic\u0327in o\u0308nemi ve nas\u0131l kullan\u0131labileceg\u0306ine dair birc\u0327ok bilgi var.Suyun farkl\u0131 hallerini, do\u0308ngu\u0308su\u0308nu\u0308, hayvanlar\u0131n ve insanlar\u0131n onu nas\u0131l kulland\u0131g\u0306\u0131n\u0131 ve c\u0327ok daha fazlas\u0131n\u0131 bu kitaptan o\u0308g\u0306renmek mu\u0308mku\u0308n.Yumus\u0327ac\u0131k ve ac\u0327\u0131klay\u0131c\u0131 c\u0327izimleri, yanlara ac\u0327\u0131lan genis\u0327 sayfalar\u0131 ve soru-cevaplar\u0131yla merakl\u0131 c\u0327ocuklara \u0131s\u0327\u0131k tutuyor.Su ve onun hayat\u0131m\u0131zdaki yeri u\u0308zerine eg\u0306lenceli ve bilgilendirici bir resimli kitap.<\/p>\n","protected":false},"excerpt":{"rendered":"<p>Bu kitapta, suyun insanlar ic\u0327in o\u0308nemi ve nas\u0131l kullan\u0131labileceg\u0306ine dair birc\u0327ok bilgi var.Suyun farkl\u0131 hallerini, do\u0308ngu\u0308su\u0308nu\u0308, hayvanlar\u0131n ve insanlar\u0131n onu nas\u0131l kulland\u0131g\u0306\u0131n\u0131 ve c\u0327ok daha fazlas\u0131n\u0131<span class=\"excerpt-hellip\"> [\u2026]<\/span><\/p>\n","protected":false},"featured_media":0,"template":"","meta":{"_monsterinsights_skip_tracking":false,"_monsterinsights_sitenote_active":false,"_monsterinsights_sitenote_note":"","_monsterinsights_sitenote_category":0},"product_brand":[],"product_cat":[12274,15842],"product_tag":[],"class_list":{"0":"post-776295","1":"product","2":"type-product","3":"status-publish","5":"product_cat-cocuk-ve-genclik-kitaplari","6":"product_cat-egitici-kitaplar","7":"pa_cilt-ciltsiz","8":"pa_tur-kitap","9":"pa_yayinevi-meav-yayincilik","10":"pa_yazar-suzan-boshouwers","12":"first","13":"instock","14":"sale","15":"shipping-taxable","16":"purchasable","17":"product-type-simple"},"_links":{"self":[{"href":"https:\/\/roveyayinevi.com.tr\/index.php\/wp-json\/wp\/v2\/product\/776295","targetHints":{"allow":["GET"]}}],"collection":[{"href":"https:\/\/roveyayinevi.com.tr\/index.php\/wp-json\/wp\/v2\/product"}],"about":[{"href":"https:\/\/roveyayinevi.com.tr\/index.php\/wp-json\/wp\/v2\/types\/product"}],"wp:attachment":[{"href":"https:\/\/roveyayinevi.com.tr\/index.php\/wp-json\/wp\/v2\/media?parent=776295"}],"wp:term":[{"taxonomy":"product_brand","embeddable":true,"href":"https:\/\/roveyayinevi.com.tr\/index.php\/wp-json\/wp\/v2\/product_brand?post=776295"},{"taxonomy":"product_cat","embeddable":true,"href":"https:\/\/roveyayinevi.com.tr\/index.php\/wp-json\/wp\/v2\/product_cat?post=776295"},{"taxonomy":"product_tag","embeddable":true,"href":"https:\/\/roveyayinevi.com.tr\/index.php\/wp-json\/wp\/v2\/product_tag?post=776295"}],"curies":[{"name":"wp","href":"https:\/\/api.w.org\/{rel}","templated":true}]}}