{"id":776285,"date":"2025-09-23T22:16:36","date_gmt":"2025-09-23T19:16:36","guid":{"rendered":"https:\/\/roveyayinevi.com.tr\/index.php\/urun\/suzy-lee-sinir-uclemesi\/"},"modified":"2026-04-16T03:07:22","modified_gmt":"2026-04-16T00:07:22","slug":"suzy-lee-sinir-uclemesi","status":"publish","type":"product","link":"https:\/\/roveyayinevi.com.tr\/index.php\/urun\/suzy-lee-sinir-uclemesi\/","title":{"rendered":"Suzy Lee S\u0131n\u0131r \u00dc\u00e7lemesi"},"content":{"rendered":"<p>Yay\u0131nc\u0131l\u0131kta, kitab\u0131n rahat okunmas\u0131na engel olmamak i\u00e7in, resimli kitap sanat\u00e7\u0131s\u0131n\u0131n \u00e7ift a\u00e7\u0131lan sayfalar\u0131n ortas\u0131na \u00e7izim yapmamas\u0131 gerekti\u011fine dair, a\u00e7\u0131k\u00e7a s\u00f6ylenmeyen bir kural vard\u0131r. Bu kurala uyulmazsa ne olur?    Bu kitapta, Suzy Lee\u2019nin S\u0131n\u0131r \u00dc\u00e7lemesi ad\u0131n\u0131 verdi\u011fi Ayna, Dalga ve G\u00f6lge\u2019nin yap\u0131m a\u015famalar\u0131n\u0131 ayr\u0131nt\u0131l\u0131 bir \u015fekilde bulacaks\u0131n\u0131z. Lee\u2019nin, eserlerini yaratma s\u00fcrecinde geli\u015ftirdi\u011fi fikirlerden ki\u015fisel notlar\u0131na, resimli kitap d\u00fcnyas\u0131n\u0131n inceliklerinden sanat\u00e7\u0131n\u0131n girdi\u011fi \u00e7\u0131kmazlara uzand\u0131\u011f\u0131 bu \u00e7al\u0131\u015fma, S\u0131n\u0131r \u00dc\u00e7lemesi kitaplar\u0131n\u0131n hem tek tek ve birbirinden ba\u011f\u0131ms\u0131z hem de b\u00fcy\u00fck resmi olu\u015fturan par\u00e7alar oldu\u011funu g\u00f6rmeyi m\u00fcmk\u00fcn k\u0131l\u0131yor. <\/p>\n","protected":false},"excerpt":{"rendered":"<p>Yay\u0131nc\u0131l\u0131kta, kitab\u0131n rahat okunmas\u0131na engel olmamak i\u00e7in, resimli kitap sanat\u00e7\u0131s\u0131n\u0131n \u00e7ift a\u00e7\u0131lan sayfalar\u0131n ortas\u0131na \u00e7izim yapmamas\u0131 gerekti\u011fine dair, a\u00e7\u0131k\u00e7a s\u00f6ylenmeyen bir kural vard\u0131r. Bu kurala uyulmazsa<span class=\"excerpt-hellip\"> [\u2026]<\/span><\/p>\n","protected":false},"featured_media":0,"template":"","meta":{"_monsterinsights_skip_tracking":false,"_monsterinsights_sitenote_active":false,"_monsterinsights_sitenote_note":"","_monsterinsights_sitenote_category":0},"product_brand":[],"product_cat":[12291,12711],"product_tag":[],"class_list":{"0":"post-776285","1":"product","2":"type-product","3":"status-publish","5":"product_cat-edebiyat","6":"product_cat-roman-oyku","7":"pa_cilt-ciltsiz","8":"pa_tur-kitap","9":"pa_yayinevi-meav-yayincilik","10":"pa_yazar-suzy-lee","12":"first","13":"instock","14":"sale","15":"shipping-taxable","16":"purchasable","17":"product-type-simple"},"_links":{"self":[{"href":"https:\/\/roveyayinevi.com.tr\/index.php\/wp-json\/wp\/v2\/product\/776285","targetHints":{"allow":["GET"]}}],"collection":[{"href":"https:\/\/roveyayinevi.com.tr\/index.php\/wp-json\/wp\/v2\/product"}],"about":[{"href":"https:\/\/roveyayinevi.com.tr\/index.php\/wp-json\/wp\/v2\/types\/product"}],"wp:attachment":[{"href":"https:\/\/roveyayinevi.com.tr\/index.php\/wp-json\/wp\/v2\/media?parent=776285"}],"wp:term":[{"taxonomy":"product_brand","embeddable":true,"href":"https:\/\/roveyayinevi.com.tr\/index.php\/wp-json\/wp\/v2\/product_brand?post=776285"},{"taxonomy":"product_cat","embeddable":true,"href":"https:\/\/roveyayinevi.com.tr\/index.php\/wp-json\/wp\/v2\/product_cat?post=776285"},{"taxonomy":"product_tag","embeddable":true,"href":"https:\/\/roveyayinevi.com.tr\/index.php\/wp-json\/wp\/v2\/product_tag?post=776285"}],"curies":[{"name":"wp","href":"https:\/\/api.w.org\/{rel}","templated":true}]}}