{"id":776279,"date":"2025-09-23T22:16:16","date_gmt":"2025-09-23T19:16:16","guid":{"rendered":"https:\/\/roveyayinevi.com.tr\/index.php\/urun\/golge-ciltli\/"},"modified":"2026-04-16T03:07:21","modified_gmt":"2026-04-16T00:07:21","slug":"golge-ciltli","status":"publish","type":"product","link":"https:\/\/roveyayinevi.com.tr\/index.php\/urun\/golge-ciltli\/","title":{"rendered":"G\u00f6lge (Ciltli)"},"content":{"rendered":"<p>Basit \u00d6\u011felerle Kurgulanm\u0131\u015f Yarat\u0131c\u0131 Bir Sessiz Kitap: G\u00f6lge   Karanl\u0131k bir tavan aras\u0131. Bir ampul. Hayalperest, k\u00fc\u00e7\u00fck bir k\u0131z. Bu basit \u00f6\u011feleri kullanarak, uluslararas\u0131 be\u011feni toplayan Suzy Lee, yarat\u0131c\u0131 oyunlar\u0131n verdi\u011fi keyfi kusursuzca yans\u0131tan ve hayal g\u00fcc\u00fcn\u00fcn kudretini g\u00f6klere \u00e7\u0131karan g\u00f6rsel bir ba\u015fyap\u0131t yaratm\u0131\u015f. Lee\u2019nin yal\u0131nl\u0131\u011f\u0131yla ba\u015f d\u00f6nd\u00fcren \u00e7izimleri, sadece iki renkle, bir ampulden gelen klik sesiyle ba\u015flayan ve yine bu klik sesiyle biten bir macera sunuyor. <\/p>\n","protected":false},"excerpt":{"rendered":"<p>Basit \u00d6\u011felerle Kurgulanm\u0131\u015f Yarat\u0131c\u0131 Bir Sessiz Kitap: G\u00f6lge Karanl\u0131k bir tavan aras\u0131. Bir ampul. Hayalperest, k\u00fc\u00e7\u00fck bir k\u0131z. Bu basit \u00f6\u011feleri kullanarak, uluslararas\u0131 be\u011feni toplayan Suzy<span class=\"excerpt-hellip\"> [\u2026]<\/span><\/p>\n","protected":false},"featured_media":0,"template":"","meta":{"_monsterinsights_skip_tracking":false,"_monsterinsights_sitenote_active":false,"_monsterinsights_sitenote_note":"","_monsterinsights_sitenote_category":0},"product_brand":[],"product_cat":[12274,12284],"product_tag":[],"class_list":{"0":"post-776279","1":"product","2":"type-product","3":"status-publish","5":"product_cat-cocuk-ve-genclik-kitaplari","6":"product_cat-hikayeler","7":"pa_cilt-ciltli","8":"pa_tur-kitap","9":"pa_yayinevi-meav-yayincilik","10":"pa_yazar-suzy-lee","12":"first","13":"instock","14":"sale","15":"shipping-taxable","16":"purchasable","17":"product-type-simple"},"_links":{"self":[{"href":"https:\/\/roveyayinevi.com.tr\/index.php\/wp-json\/wp\/v2\/product\/776279","targetHints":{"allow":["GET"]}}],"collection":[{"href":"https:\/\/roveyayinevi.com.tr\/index.php\/wp-json\/wp\/v2\/product"}],"about":[{"href":"https:\/\/roveyayinevi.com.tr\/index.php\/wp-json\/wp\/v2\/types\/product"}],"wp:attachment":[{"href":"https:\/\/roveyayinevi.com.tr\/index.php\/wp-json\/wp\/v2\/media?parent=776279"}],"wp:term":[{"taxonomy":"product_brand","embeddable":true,"href":"https:\/\/roveyayinevi.com.tr\/index.php\/wp-json\/wp\/v2\/product_brand?post=776279"},{"taxonomy":"product_cat","embeddable":true,"href":"https:\/\/roveyayinevi.com.tr\/index.php\/wp-json\/wp\/v2\/product_cat?post=776279"},{"taxonomy":"product_tag","embeddable":true,"href":"https:\/\/roveyayinevi.com.tr\/index.php\/wp-json\/wp\/v2\/product_tag?post=776279"}],"curies":[{"name":"wp","href":"https:\/\/api.w.org\/{rel}","templated":true}]}}