{"id":776277,"date":"2025-09-23T22:16:04","date_gmt":"2025-09-23T19:16:04","guid":{"rendered":"https:\/\/roveyayinevi.com.tr\/index.php\/urun\/cilgin-bal-porsugu\/"},"modified":"2026-04-16T03:07:21","modified_gmt":"2026-04-16T00:07:21","slug":"cilgin-bal-porsugu","status":"publish","type":"product","link":"https:\/\/roveyayinevi.com.tr\/index.php\/urun\/cilgin-bal-porsugu\/","title":{"rendered":"\u00c7\u0131lg\u0131n Bal Porsu\u011fu"},"content":{"rendered":"<p>\u00c7\u0131lg\u0131n Bal Porsu\u011fu\u2019yla tan\u0131\u015fmaya haz\u0131r m\u0131s\u0131n? Daha \u00f6nce b\u00f6ylesini g\u00f6rmedin, duymad\u0131n! T\u00fcm zamanlar\u0131n en acayip hayvan\u0131; cesur mu cesur, sinsi mi sinsi&#8230; \u00dcstelik ormandaki b\u00fct\u00fcn hayvanlara sata\u015f\u0131yor, kafa tutuyor, havas\u0131ndan yan\u0131na yana\u015f\u0131lm\u0131yor. Peki ormandakiler onunla nas\u0131l ba\u015fa \u00e7\u0131k\u0131yor dersin? Heyecanl\u0131 ve \u00e7ok e\u011flenceli bir macera seni bekliyor. Yazar Nur Tunay\u2019\u0131n \u00f6zg\u00fcn dili ve karakterleriyle al\u0131\u015f\u0131lm\u0131\u015f hayvan hik\u00e2yelerinden farkl\u0131 bir yere konumlan\u0131yor \u00c7\u0131lg\u0131n Bal Porsu\u011fu. Mustafa G\u00fcndem\u2019in \u00e7arp\u0131c\u0131 \u00e7izimleri, Tunay\u2019\u0131n mizah y\u00fckl\u00fc metnine hayat veriyor.  <\/p>\n","protected":false},"excerpt":{"rendered":"<p>\u00c7\u0131lg\u0131n Bal Porsu\u011fu\u2019yla tan\u0131\u015fmaya haz\u0131r m\u0131s\u0131n? Daha \u00f6nce b\u00f6ylesini g\u00f6rmedin, duymad\u0131n! T\u00fcm zamanlar\u0131n en acayip hayvan\u0131; cesur mu cesur, sinsi mi sinsi&#8230; \u00dcstelik ormandaki b\u00fct\u00fcn hayvanlara<span class=\"excerpt-hellip\"> [\u2026]<\/span><\/p>\n","protected":false},"featured_media":0,"template":"","meta":{"_monsterinsights_skip_tracking":false,"_monsterinsights_sitenote_active":false,"_monsterinsights_sitenote_note":"","_monsterinsights_sitenote_category":0},"product_brand":[],"product_cat":[12274,12284],"product_tag":[],"class_list":{"0":"post-776277","1":"product","2":"type-product","3":"status-publish","5":"product_cat-cocuk-ve-genclik-kitaplari","6":"product_cat-hikayeler","7":"pa_cilt-ciltsiz","8":"pa_tur-kitap","9":"pa_yayinevi-meav-yayincilik","10":"pa_yazar-nur-tunay","12":"first","13":"instock","14":"sale","15":"shipping-taxable","16":"purchasable","17":"product-type-simple"},"_links":{"self":[{"href":"https:\/\/roveyayinevi.com.tr\/index.php\/wp-json\/wp\/v2\/product\/776277","targetHints":{"allow":["GET"]}}],"collection":[{"href":"https:\/\/roveyayinevi.com.tr\/index.php\/wp-json\/wp\/v2\/product"}],"about":[{"href":"https:\/\/roveyayinevi.com.tr\/index.php\/wp-json\/wp\/v2\/types\/product"}],"wp:attachment":[{"href":"https:\/\/roveyayinevi.com.tr\/index.php\/wp-json\/wp\/v2\/media?parent=776277"}],"wp:term":[{"taxonomy":"product_brand","embeddable":true,"href":"https:\/\/roveyayinevi.com.tr\/index.php\/wp-json\/wp\/v2\/product_brand?post=776277"},{"taxonomy":"product_cat","embeddable":true,"href":"https:\/\/roveyayinevi.com.tr\/index.php\/wp-json\/wp\/v2\/product_cat?post=776277"},{"taxonomy":"product_tag","embeddable":true,"href":"https:\/\/roveyayinevi.com.tr\/index.php\/wp-json\/wp\/v2\/product_tag?post=776277"}],"curies":[{"name":"wp","href":"https:\/\/api.w.org\/{rel}","templated":true}]}}