{"id":776276,"date":"2025-09-23T22:16:00","date_gmt":"2025-09-23T19:16:00","guid":{"rendered":"https:\/\/roveyayinevi.com.tr\/index.php\/urun\/beni-yine-de-sever-misin-ciltli\/"},"modified":"2026-03-31T12:39:18","modified_gmt":"2026-03-31T09:39:18","slug":"beni-yine-de-sever-misin-ciltli","status":"publish","type":"product","link":"https:\/\/roveyayinevi.com.tr\/index.php\/urun\/beni-yine-de-sever-misin-ciltli\/","title":{"rendered":"Beni Yine de Sever Misin? (Ciltli)"},"content":{"rendered":"<p>Annelerinin Sevgisini Sorgulayan \u00c7ocuklar i\u00e7in Beni Yine de Sever Misin? \u015eu sevgi denen, g\u00f6zle g\u00f6remedi\u011fimiz \u015fey nedir? Martin \u00e7ok endi\u015feliydi, acaba annesi bir g\u00fcn onu sevmekten vazge\u00e7er miydi? Annesi onun t\u00fcm ku\u015fkular\u0131n\u0131 yok edecek ve ona olan sevgisinin asla bitmeyece\u011fini s\u00f6yleyecekti. Annelerinin bitmek t\u00fckenmek bilmeyen sevgileri hakk\u0131nda \u00e7ocuklar\u0131n kafalar\u0131n\u0131 kurcalayan t\u00fcm sorular, \u00f6ylesine bir incelik, zek\u00e2 ve yumu\u015fakl\u0131kla soruluyor ki, bu konu hakk\u0131nda yaz\u0131lm\u0131\u015f en g\u00fczel hik\u00e2yelerden biri ortaya \u00e7\u0131k\u0131yor. Almanca, \u0130ngilizce, \u0130talyanca, \u00c7ince ve Rus\u00e7a dahil olmak \u00fczere bug\u00fcne kadar 20&#8217;ye yak\u0131n dilde yay\u0131mlanan bu kitap, \u015fimdi T\u00fcrk\u00e7e olarak okurlar\u0131yla bulu\u015fuyor! <\/p>\n","protected":false},"excerpt":{"rendered":"<p>Annelerinin Sevgisini Sorgulayan \u00c7ocuklar i\u00e7in Beni Yine de Sever Misin? \u015eu sevgi denen, g\u00f6zle g\u00f6remedi\u011fimiz \u015fey nedir? Martin \u00e7ok endi\u015feliydi, acaba annesi bir g\u00fcn onu sevmekten<span class=\"excerpt-hellip\"> [\u2026]<\/span><\/p>\n","protected":false},"featured_media":0,"template":"","meta":{"_monsterinsights_skip_tracking":false,"_monsterinsights_sitenote_active":false,"_monsterinsights_sitenote_note":"","_monsterinsights_sitenote_category":0},"product_brand":[],"product_cat":[12274,12284],"product_tag":[],"class_list":{"0":"post-776276","1":"product","2":"type-product","3":"status-publish","5":"product_cat-cocuk-ve-genclik-kitaplari","6":"product_cat-hikayeler","7":"pa_cilt-ciltli","8":"pa_tur-kitap","9":"pa_yayinevi-meav-yayincilik","10":"pa_yazar-catherine-leblanc","12":"first","13":"instock","14":"sale","15":"shipping-taxable","16":"purchasable","17":"product-type-simple"},"_links":{"self":[{"href":"https:\/\/roveyayinevi.com.tr\/index.php\/wp-json\/wp\/v2\/product\/776276","targetHints":{"allow":["GET"]}}],"collection":[{"href":"https:\/\/roveyayinevi.com.tr\/index.php\/wp-json\/wp\/v2\/product"}],"about":[{"href":"https:\/\/roveyayinevi.com.tr\/index.php\/wp-json\/wp\/v2\/types\/product"}],"wp:attachment":[{"href":"https:\/\/roveyayinevi.com.tr\/index.php\/wp-json\/wp\/v2\/media?parent=776276"}],"wp:term":[{"taxonomy":"product_brand","embeddable":true,"href":"https:\/\/roveyayinevi.com.tr\/index.php\/wp-json\/wp\/v2\/product_brand?post=776276"},{"taxonomy":"product_cat","embeddable":true,"href":"https:\/\/roveyayinevi.com.tr\/index.php\/wp-json\/wp\/v2\/product_cat?post=776276"},{"taxonomy":"product_tag","embeddable":true,"href":"https:\/\/roveyayinevi.com.tr\/index.php\/wp-json\/wp\/v2\/product_tag?post=776276"}],"curies":[{"name":"wp","href":"https:\/\/api.w.org\/{rel}","templated":true}]}}