{"id":776275,"date":"2025-09-23T22:15:57","date_gmt":"2025-09-23T19:15:57","guid":{"rendered":"https:\/\/roveyayinevi.com.tr\/index.php\/urun\/ben-jane-ciltli\/"},"modified":"2025-10-09T09:11:04","modified_gmt":"2025-10-09T06:11:04","slug":"ben-jane-ciltli","status":"publish","type":"product","link":"https:\/\/roveyayinevi.com.tr\/index.php\/urun\/ben-jane-ciltli\/","title":{"rendered":"Ben&#8230; Jane (Ciltli)"},"content":{"rendered":"<p>B\u00fcy\u00fcd\u00fc\u011f\u00fcnde Dr. Jane Goodall olan k\u00fc\u00e7\u00fck bir k\u0131z\u0131n hik\u00e2yesi\u2026   D\u00fcnyada \u00e7\u0131\u011f\u0131r a\u00e7an, ya\u015fayan en \u00f6nemli bilim insanlar\u0131ndan biri olmas\u0131n\u0131n yan\u0131 s\u0131ra, bir ilham kayna\u011f\u0131 olarak da \u0131\u015f\u0131ldayan Dr. Jane Goodall&#8217;\u0131 tan\u0131maya \u00e7ocuklu\u011fundan ba\u015flamak gerek. Ben&#8230; Jane, onun hen\u00fcz k\u00fc\u00e7\u00fcc\u00fck bir \u00e7ocukken kurdu\u011fu hayallere ve bu hayalleri ger\u00e7ekle\u015ftirmek i\u00e7in nas\u0131l azim ve heyecanla \u00e7al\u0131\u015ft\u0131\u011f\u0131na dair, b\u00fcy\u00fcleyici bir \u00f6yk\u00fc. Goodall&#8217;\u0131n herkese ama en \u00e7ok da \u00e7ocuklara ilham vermesini diliyor, \u00f6d\u00fcll\u00fc yazar ve \u00e7izer Patrick McDonnell imzal\u0131 bu resimli kitab\u0131n T\u00fcrk\u00e7e \u00e7evirisini okurlar\u0131m\u0131zla bulu\u015fturmaktan mutluluk duyuyoruz.   \u201cMcDonnell\u2019\u0131n bu kitapta (Goodall\u2019\u0131n) c\u0327ocukluk hayallerine yog\u0306unlas\u0327mas\u0131, okurlara kendi hayallerinin, hatta en imka\u0302ns\u0131z go\u0308ru\u0308nenlerin bile gerc\u0327ekles\u0327ebileceg\u0306ine dair gu\u0308c\u0327lu\u0308 bir mesaj tas\u0327\u0131yor.\u2019\u2019 \u2014Publishers Weekly \u201cBu olag\u0306anu\u0308stu\u0308 resimli kitap, her yas\u0327a hitap eden, anlaml\u0131 ve es\u0327ine az rastlan\u0131r bir o\u0308rnek.\u201d \u2014Booklist, y\u0131ld\u0131zl\u0131 eles\u0327tiri   The New York Times En \u0130yi Resimli \u00c7ocuk Kitab\u0131-2011 Caldecott Onur \u00d6d\u00fcl\u00fc- 2012 <\/p>\n","protected":false},"excerpt":{"rendered":"<p>B\u00fcy\u00fcd\u00fc\u011f\u00fcnde Dr. Jane Goodall olan k\u00fc\u00e7\u00fck bir k\u0131z\u0131n hik\u00e2yesi\u2026 D\u00fcnyada \u00e7\u0131\u011f\u0131r a\u00e7an, ya\u015fayan en \u00f6nemli bilim insanlar\u0131ndan biri olmas\u0131n\u0131n yan\u0131 s\u0131ra, bir ilham kayna\u011f\u0131 olarak da<span class=\"excerpt-hellip\"> [\u2026]<\/span><\/p>\n","protected":false},"featured_media":0,"template":"","meta":{"_monsterinsights_skip_tracking":false,"_monsterinsights_sitenote_active":false,"_monsterinsights_sitenote_note":"","_monsterinsights_sitenote_category":0},"product_brand":[],"product_cat":[12274,12284],"product_tag":[],"class_list":{"0":"post-776275","1":"product","2":"type-product","3":"status-publish","5":"product_cat-cocuk-ve-genclik-kitaplari","6":"product_cat-hikayeler","7":"pa_cilt-ciltli","8":"pa_tur-kitap","9":"pa_yayinevi-meav-yayincilik","10":"pa_yazar-patrick-mcdonnell","12":"first","13":"instock","14":"sale","15":"shipping-taxable","16":"purchasable","17":"product-type-simple"},"_links":{"self":[{"href":"https:\/\/roveyayinevi.com.tr\/index.php\/wp-json\/wp\/v2\/product\/776275","targetHints":{"allow":["GET"]}}],"collection":[{"href":"https:\/\/roveyayinevi.com.tr\/index.php\/wp-json\/wp\/v2\/product"}],"about":[{"href":"https:\/\/roveyayinevi.com.tr\/index.php\/wp-json\/wp\/v2\/types\/product"}],"wp:attachment":[{"href":"https:\/\/roveyayinevi.com.tr\/index.php\/wp-json\/wp\/v2\/media?parent=776275"}],"wp:term":[{"taxonomy":"product_brand","embeddable":true,"href":"https:\/\/roveyayinevi.com.tr\/index.php\/wp-json\/wp\/v2\/product_brand?post=776275"},{"taxonomy":"product_cat","embeddable":true,"href":"https:\/\/roveyayinevi.com.tr\/index.php\/wp-json\/wp\/v2\/product_cat?post=776275"},{"taxonomy":"product_tag","embeddable":true,"href":"https:\/\/roveyayinevi.com.tr\/index.php\/wp-json\/wp\/v2\/product_tag?post=776275"}],"curies":[{"name":"wp","href":"https:\/\/api.w.org\/{rel}","templated":true}]}}