{"id":776274,"date":"2025-09-23T22:15:54","date_gmt":"2025-09-23T19:15:54","guid":{"rendered":"https:\/\/roveyayinevi.com.tr\/index.php\/urun\/bay-benjaminin-gizemli-bavulu-cikti-ciltli\/"},"modified":"2026-04-16T03:07:21","modified_gmt":"2026-04-16T00:07:21","slug":"bay-benjaminin-gizemli-bavulu-cikti-ciltli","status":"publish","type":"product","link":"https:\/\/roveyayinevi.com.tr\/index.php\/urun\/bay-benjaminin-gizemli-bavulu-cikti-ciltli\/","title":{"rendered":"Bay Benjamin\u2019in Gizemli Bavulu \u00c7\u0131kt\u0131! (Ciltli)"},"content":{"rendered":"<p>Bay Benjamin, s\u0131ra d\u0131\u015f\u0131 fikirlere sahip bir filozoftu. Bir gu\u0308n kac\u0327mak zorunda kald\u0131 ve yola c\u0327\u0131karken yan\u0131na a\u011f\u0131r bir bavul ald\u0131. Kimse ic\u0327inde ne oldu\u011funu bilmiyordu&#8230;Walter Benjamin hakk\u0131nda gerc\u0327ek bir hika\u0302yeden esinle&#8230; <\/p>\n","protected":false},"excerpt":{"rendered":"<p>Bay Benjamin, s\u0131ra d\u0131\u015f\u0131 fikirlere sahip bir filozoftu. Bir gu\u0308n kac\u0327mak zorunda kald\u0131 ve yola c\u0327\u0131karken yan\u0131na a\u011f\u0131r bir bavul ald\u0131. Kimse ic\u0327inde ne oldu\u011funu bilmiyordu&#8230;Walter<span class=\"excerpt-hellip\"> [\u2026]<\/span><\/p>\n","protected":false},"featured_media":0,"template":"","meta":{"_monsterinsights_skip_tracking":false,"_monsterinsights_sitenote_active":false,"_monsterinsights_sitenote_note":"","_monsterinsights_sitenote_category":0},"product_brand":[],"product_cat":[12274,12284],"product_tag":[],"class_list":{"0":"post-776274","1":"product","2":"type-product","3":"status-publish","5":"product_cat-cocuk-ve-genclik-kitaplari","6":"product_cat-hikayeler","7":"pa_cilt-ciltli","8":"pa_tur-kitap","9":"pa_yayinevi-meav-yayincilik","10":"pa_yazar-pei-yu-chang","12":"first","13":"instock","14":"sale","15":"shipping-taxable","16":"purchasable","17":"product-type-simple"},"_links":{"self":[{"href":"https:\/\/roveyayinevi.com.tr\/index.php\/wp-json\/wp\/v2\/product\/776274","targetHints":{"allow":["GET"]}}],"collection":[{"href":"https:\/\/roveyayinevi.com.tr\/index.php\/wp-json\/wp\/v2\/product"}],"about":[{"href":"https:\/\/roveyayinevi.com.tr\/index.php\/wp-json\/wp\/v2\/types\/product"}],"wp:attachment":[{"href":"https:\/\/roveyayinevi.com.tr\/index.php\/wp-json\/wp\/v2\/media?parent=776274"}],"wp:term":[{"taxonomy":"product_brand","embeddable":true,"href":"https:\/\/roveyayinevi.com.tr\/index.php\/wp-json\/wp\/v2\/product_brand?post=776274"},{"taxonomy":"product_cat","embeddable":true,"href":"https:\/\/roveyayinevi.com.tr\/index.php\/wp-json\/wp\/v2\/product_cat?post=776274"},{"taxonomy":"product_tag","embeddable":true,"href":"https:\/\/roveyayinevi.com.tr\/index.php\/wp-json\/wp\/v2\/product_tag?post=776274"}],"curies":[{"name":"wp","href":"https:\/\/api.w.org\/{rel}","templated":true}]}}