{"id":776273,"date":"2025-09-23T22:15:52","date_gmt":"2025-09-23T19:15:52","guid":{"rendered":"https:\/\/roveyayinevi.com.tr\/index.php\/urun\/ayna-ciltli\/"},"modified":"2026-04-16T03:07:21","modified_gmt":"2026-04-16T00:07:21","slug":"ayna-ciltli","status":"publish","type":"product","link":"https:\/\/roveyayinevi.com.tr\/index.php\/urun\/ayna-ciltli\/","title":{"rendered":"Ayna (Ciltli)"},"content":{"rendered":"<p>Suzy Lee&#8217;nin heyecanla beklenen sessiz kitab\u0131 Ayna, nihayet okurlar\u0131yla bulu\u015fuyor!   Suzy Lee\u2019nin Tu\u0308rkiyeli okurlarla tan\u0131s\u0327mas\u0131 Dalga ile bas\u0327lad\u0131, Go\u0308lge ile devam etti&#8230; S\u0327imdi, hika\u0302yenin en bas\u0327\u0131na do\u0308nu\u0308yor ve uzun zamand\u0131r bekledi\u011finiz, es\u0327siz S\u0131n\u0131r U\u0308c\u0327lemesi (The Border Trilogy)\u2019nin ilk kitab\u0131 olan Ayna\u2019yla sizleri bulus\u0327turmaktan mutluluk duyuyoruz.  Lee&#8217;den yine sadece \u00e7ocuklara de\u011fil yeti\u015fkinlere de hitap eden, b\u00fcy\u00fcleyici, \u00e7arp\u0131c\u0131 ve iz b\u0131rakan bir ba\u015fyap\u0131t. <\/p>\n","protected":false},"excerpt":{"rendered":"<p>Suzy Lee&#8217;nin heyecanla beklenen sessiz kitab\u0131 Ayna, nihayet okurlar\u0131yla bulu\u015fuyor! Suzy Lee\u2019nin Tu\u0308rkiyeli okurlarla tan\u0131s\u0327mas\u0131 Dalga ile bas\u0327lad\u0131, Go\u0308lge ile devam etti&#8230; S\u0327imdi, hika\u0302yenin en bas\u0327\u0131na<span class=\"excerpt-hellip\"> [\u2026]<\/span><\/p>\n","protected":false},"featured_media":0,"template":"","meta":{"_monsterinsights_skip_tracking":false,"_monsterinsights_sitenote_active":false,"_monsterinsights_sitenote_note":"","_monsterinsights_sitenote_category":0},"product_brand":[],"product_cat":[12274,12284],"product_tag":[],"class_list":{"0":"post-776273","1":"product","2":"type-product","3":"status-publish","5":"product_cat-cocuk-ve-genclik-kitaplari","6":"product_cat-hikayeler","7":"pa_cilt-ciltli","8":"pa_tur-kitap","9":"pa_yayinevi-meav-yayincilik","10":"pa_yazar-suzy-lee","12":"first","13":"instock","14":"sale","15":"shipping-taxable","16":"purchasable","17":"product-type-simple"},"_links":{"self":[{"href":"https:\/\/roveyayinevi.com.tr\/index.php\/wp-json\/wp\/v2\/product\/776273","targetHints":{"allow":["GET"]}}],"collection":[{"href":"https:\/\/roveyayinevi.com.tr\/index.php\/wp-json\/wp\/v2\/product"}],"about":[{"href":"https:\/\/roveyayinevi.com.tr\/index.php\/wp-json\/wp\/v2\/types\/product"}],"wp:attachment":[{"href":"https:\/\/roveyayinevi.com.tr\/index.php\/wp-json\/wp\/v2\/media?parent=776273"}],"wp:term":[{"taxonomy":"product_brand","embeddable":true,"href":"https:\/\/roveyayinevi.com.tr\/index.php\/wp-json\/wp\/v2\/product_brand?post=776273"},{"taxonomy":"product_cat","embeddable":true,"href":"https:\/\/roveyayinevi.com.tr\/index.php\/wp-json\/wp\/v2\/product_cat?post=776273"},{"taxonomy":"product_tag","embeddable":true,"href":"https:\/\/roveyayinevi.com.tr\/index.php\/wp-json\/wp\/v2\/product_tag?post=776273"}],"curies":[{"name":"wp","href":"https:\/\/api.w.org\/{rel}","templated":true}]}}