{"id":776267,"date":"2025-09-23T21:47:23","date_gmt":"2025-09-23T18:47:23","guid":{"rendered":"https:\/\/roveyayinevi.com.tr\/index.php\/urun\/hangisi-pirtlar-ciltli\/"},"modified":"2025-12-30T11:07:53","modified_gmt":"2025-12-30T08:07:53","slug":"hangisi-pirtlar-ciltli","status":"publish","type":"product","link":"https:\/\/roveyayinevi.com.tr\/index.php\/urun\/hangisi-pirtlar-ciltli\/","title":{"rendered":"Hangisi P\u0131rtlar (Ciltli)"},"content":{"rendered":"<p>\u00c7ocuklar \u0130\u00e7in Gaz \u00c7\u0131karan Hayvanlar Rehberi   Ko\u0308pekler p\u0131rtlar. Kediler p\u0131rtlar. Atlar da p\u0131rtlar (hem de c\u0327ok). Peki ya y\u0131lanlar? O\u0308ru\u0308mcekler? Ahtapotlar?  En sevdig\u0306in hayvanlar d\u0131s\u0327\u0131nda ad\u0131n\u0131 bile duymad\u0131klar\u0131n\u0131n da yer ald\u0131g\u0306\u0131, ic\u0327i p\u0131rtlarla dolu bu kitap sayesinde, hangi hayvanlar\u0131n en pis kokan p\u0131rt\u0131 c\u0327\u0131kard\u0131g\u0306\u0131n\u0131, hangilerinin en c\u0327ok p\u0131rtlad\u0131g\u0306\u0131n\u0131 ve bu kokular\u0131n nas\u0131l olus\u0327tug\u0306unu o\u0308g\u0306reneceksin. Hatta kendi aralar\u0131nda gizli p\u0131rtlama mesajlas\u0327malar\u0131 olan canl\u0131y\u0131 bile tan\u0131yacaks\u0131n.    <\/p>\n","protected":false},"excerpt":{"rendered":"<p>\u00c7ocuklar \u0130\u00e7in Gaz \u00c7\u0131karan Hayvanlar Rehberi Ko\u0308pekler p\u0131rtlar. Kediler p\u0131rtlar. Atlar da p\u0131rtlar (hem de c\u0327ok). Peki ya y\u0131lanlar? O\u0308ru\u0308mcekler? Ahtapotlar? En sevdig\u0306in hayvanlar d\u0131s\u0327\u0131nda ad\u0131n\u0131<span class=\"excerpt-hellip\"> [\u2026]<\/span><\/p>\n","protected":false},"featured_media":0,"template":"","meta":{"_monsterinsights_skip_tracking":false,"_monsterinsights_sitenote_active":false,"_monsterinsights_sitenote_note":"","_monsterinsights_sitenote_category":0},"product_brand":[],"product_cat":[12274,12284],"product_tag":[],"class_list":{"0":"post-776267","1":"product","2":"type-product","3":"status-publish","5":"product_cat-cocuk-ve-genclik-kitaplari","6":"product_cat-hikayeler","7":"pa_cilt-ciltli","8":"pa_tur-kitap","9":"pa_yayinevi-meav-yayincilik","10":"pa_yazar-dani-rabaiotti-nick-caruso","12":"first","13":"instock","14":"sale","15":"shipping-taxable","16":"purchasable","17":"product-type-simple"},"_links":{"self":[{"href":"https:\/\/roveyayinevi.com.tr\/index.php\/wp-json\/wp\/v2\/product\/776267","targetHints":{"allow":["GET"]}}],"collection":[{"href":"https:\/\/roveyayinevi.com.tr\/index.php\/wp-json\/wp\/v2\/product"}],"about":[{"href":"https:\/\/roveyayinevi.com.tr\/index.php\/wp-json\/wp\/v2\/types\/product"}],"wp:attachment":[{"href":"https:\/\/roveyayinevi.com.tr\/index.php\/wp-json\/wp\/v2\/media?parent=776267"}],"wp:term":[{"taxonomy":"product_brand","embeddable":true,"href":"https:\/\/roveyayinevi.com.tr\/index.php\/wp-json\/wp\/v2\/product_brand?post=776267"},{"taxonomy":"product_cat","embeddable":true,"href":"https:\/\/roveyayinevi.com.tr\/index.php\/wp-json\/wp\/v2\/product_cat?post=776267"},{"taxonomy":"product_tag","embeddable":true,"href":"https:\/\/roveyayinevi.com.tr\/index.php\/wp-json\/wp\/v2\/product_tag?post=776267"}],"curies":[{"name":"wp","href":"https:\/\/api.w.org\/{rel}","templated":true}]}}