{"id":776266,"date":"2025-09-23T21:47:20","date_gmt":"2025-09-23T18:47:20","guid":{"rendered":"https:\/\/roveyayinevi.com.tr\/index.php\/urun\/dogal-yasam-ciltli\/"},"modified":"2026-04-16T03:03:12","modified_gmt":"2026-04-16T00:03:12","slug":"dogal-yasam-ciltli","status":"publish","type":"product","link":"https:\/\/roveyayinevi.com.tr\/index.php\/urun\/dogal-yasam-ciltli\/","title":{"rendered":"Do\u011fal Ya\u015fam (Ciltli)"},"content":{"rendered":"<p>Do\u011fadaki t\u00fcm canl\u0131lar\u0131n ya\u015fam m\u00fccadelesine ve i\u00e7lerindeki m\u00fckemmel uyuma hayran olacaks\u0131n\u0131z!   Do\u011fal Ya\u015fam, hayvan ve bitkilerin soylar\u0131n\u0131 s\u00fcrd\u00fcrebilmek i\u00e7in geli\u015ftirdikleri say\u0131s\u0131z uyum becerisiyle ilgili bilgiler ve muhte\u015fem resimlerle dolu tablolardan olu\u015fuyor. Dahas\u0131, okura kendi \u00f6\u011frenme maceras\u0131n\u0131 olu\u015fturmada yol g\u00f6steriyor.    Kitaptaki konularla ilgili tablolara g\u00f6t\u00fcren oklar\u0131 izleyerek canl\u0131lar\u0131n g\u00f6r\u00fcn\u00fc\u015f ve davran\u0131\u015flar\u0131n\u0131n nedenlerini ara\u015ft\u0131r\u0131p do\u011fada her \u015feyin nas\u0131l birbiriyle ba\u011flant\u0131l\u0131 oldu\u011funu ke\u015ffedin. Owen Davey&#8217;nin b\u00fcy\u00fcleyici \u00e7izimleri e\u015fli\u011finde do\u011fan\u0131n izini s\u00fcr\u00fcn.   <\/p>\n","protected":false},"excerpt":{"rendered":"<p>Do\u011fadaki t\u00fcm canl\u0131lar\u0131n ya\u015fam m\u00fccadelesine ve i\u00e7lerindeki m\u00fckemmel uyuma hayran olacaks\u0131n\u0131z! Do\u011fal Ya\u015fam, hayvan ve bitkilerin soylar\u0131n\u0131 s\u00fcrd\u00fcrebilmek i\u00e7in geli\u015ftirdikleri say\u0131s\u0131z uyum becerisiyle ilgili bilgiler ve<span class=\"excerpt-hellip\"> [\u2026]<\/span><\/p>\n","protected":false},"featured_media":0,"template":"","meta":{"_monsterinsights_skip_tracking":false,"_monsterinsights_sitenote_active":false,"_monsterinsights_sitenote_note":"","_monsterinsights_sitenote_category":0},"product_brand":[],"product_cat":[12274,12284],"product_tag":[],"class_list":{"0":"post-776266","1":"product","2":"type-product","3":"status-publish","5":"product_cat-cocuk-ve-genclik-kitaplari","6":"product_cat-hikayeler","7":"pa_cilt-ciltli","8":"pa_tur-kitap","9":"pa_yayinevi-meav-yayincilik","10":"pa_yazar-amanda-wood-mike-jolley","12":"first","13":"instock","14":"sale","15":"shipping-taxable","16":"purchasable","17":"product-type-simple"},"_links":{"self":[{"href":"https:\/\/roveyayinevi.com.tr\/index.php\/wp-json\/wp\/v2\/product\/776266","targetHints":{"allow":["GET"]}}],"collection":[{"href":"https:\/\/roveyayinevi.com.tr\/index.php\/wp-json\/wp\/v2\/product"}],"about":[{"href":"https:\/\/roveyayinevi.com.tr\/index.php\/wp-json\/wp\/v2\/types\/product"}],"wp:attachment":[{"href":"https:\/\/roveyayinevi.com.tr\/index.php\/wp-json\/wp\/v2\/media?parent=776266"}],"wp:term":[{"taxonomy":"product_brand","embeddable":true,"href":"https:\/\/roveyayinevi.com.tr\/index.php\/wp-json\/wp\/v2\/product_brand?post=776266"},{"taxonomy":"product_cat","embeddable":true,"href":"https:\/\/roveyayinevi.com.tr\/index.php\/wp-json\/wp\/v2\/product_cat?post=776266"},{"taxonomy":"product_tag","embeddable":true,"href":"https:\/\/roveyayinevi.com.tr\/index.php\/wp-json\/wp\/v2\/product_tag?post=776266"}],"curies":[{"name":"wp","href":"https:\/\/api.w.org\/{rel}","templated":true}]}}