{"id":776262,"date":"2025-09-23T20:57:20","date_gmt":"2025-09-23T17:57:20","guid":{"rendered":"https:\/\/roveyayinevi.com.tr\/index.php\/urun\/sato-14\/"},"modified":"2026-04-16T02:53:50","modified_gmt":"2026-04-15T23:53:50","slug":"sato-14","status":"publish","type":"product","link":"https:\/\/roveyayinevi.com.tr\/index.php\/urun\/sato-14\/","title":{"rendered":"\u015eato"},"content":{"rendered":"<p>Franz Kafka\u2019n\u0131n Dava ve Amerika\u2019yla birlikte tamamlamadan b\u0131rakt\u0131\u011f\u0131 \u015eato, ilk kez 1926\u2019da Max Brod taraf\u0131ndan yay\u0131mland\u0131. Kadastrocu K.\u2019n\u0131n profesyonel ve bireysel kimli\u011finin gizemli bir \u015fato ve temsilcileri taraf\u0131ndan tan\u0131nmas\u0131 i\u00e7in verdi\u011fi beyhude m\u00fccadeleyi anlatan eser, iktidar yap\u0131lar\u0131n\u0131n yaratt\u0131\u011f\u0131 sistematik d\u00fczeni sorunsalla\u015ft\u0131r\u0131r ve bu yap\u0131lar\u0131n \u00fcr\u00fcn\u00fc olan b\u00fcrokratik labirentin kar\u015f\u0131s\u0131nda pasif boyun e\u011fi\u015fi y\u00fcz\u00fcm\u00fcze \u00e7arpar. Devlet ayg\u0131t\u0131n\u0131n keyfili\u011fi, orant\u0131s\u0131z g\u00fcc\u00fc ve a\u015f\u0131r\u0131 b\u00fcrokratikle\u015fmesi \u00fczerine kara bir hiciv olarak okunan \u015eato, insan\u0131n anlamdan yoksun bir d\u00fcnyada sonu\u00e7suz kalmaya mahk\u00fbm anlam aray\u0131\u015f\u0131na d\u00f6n\u00fc\u015f\u00fcr. <\/p>\n","protected":false},"excerpt":{"rendered":"<p>Franz Kafka\u2019n\u0131n Dava ve Amerika\u2019yla birlikte tamamlamadan b\u0131rakt\u0131\u011f\u0131 \u015eato, ilk kez 1926\u2019da Max Brod taraf\u0131ndan yay\u0131mland\u0131. Kadastrocu K.\u2019n\u0131n profesyonel ve bireysel kimli\u011finin gizemli bir \u015fato ve<span class=\"excerpt-hellip\"> [\u2026]<\/span><\/p>\n","protected":false},"featured_media":0,"template":"","meta":{"_monsterinsights_skip_tracking":false,"_monsterinsights_sitenote_active":false,"_monsterinsights_sitenote_note":"","_monsterinsights_sitenote_category":0},"product_brand":[],"product_cat":[12291,13376],"product_tag":[],"class_list":{"0":"post-776262","1":"product","2":"type-product","3":"status-publish","5":"product_cat-edebiyat","6":"product_cat-fransiz-edebiyati","7":"pa_cilt-ciltsiz","8":"pa_tur-kitap","9":"pa_yayinevi-can-yayinlari","10":"pa_yazar-franz-kafka","12":"first","13":"instock","14":"sale","15":"shipping-taxable","16":"purchasable","17":"product-type-simple"},"_links":{"self":[{"href":"https:\/\/roveyayinevi.com.tr\/index.php\/wp-json\/wp\/v2\/product\/776262","targetHints":{"allow":["GET"]}}],"collection":[{"href":"https:\/\/roveyayinevi.com.tr\/index.php\/wp-json\/wp\/v2\/product"}],"about":[{"href":"https:\/\/roveyayinevi.com.tr\/index.php\/wp-json\/wp\/v2\/types\/product"}],"wp:attachment":[{"href":"https:\/\/roveyayinevi.com.tr\/index.php\/wp-json\/wp\/v2\/media?parent=776262"}],"wp:term":[{"taxonomy":"product_brand","embeddable":true,"href":"https:\/\/roveyayinevi.com.tr\/index.php\/wp-json\/wp\/v2\/product_brand?post=776262"},{"taxonomy":"product_cat","embeddable":true,"href":"https:\/\/roveyayinevi.com.tr\/index.php\/wp-json\/wp\/v2\/product_cat?post=776262"},{"taxonomy":"product_tag","embeddable":true,"href":"https:\/\/roveyayinevi.com.tr\/index.php\/wp-json\/wp\/v2\/product_tag?post=776262"}],"curies":[{"name":"wp","href":"https:\/\/api.w.org\/{rel}","templated":true}]}}