{"id":776261,"date":"2025-09-23T18:01:29","date_gmt":"2025-09-23T15:01:29","guid":{"rendered":"https:\/\/roveyayinevi.com.tr\/index.php\/urun\/ankaranin-ilk-plani-1924-25-lorcher-plani\/"},"modified":"2026-04-16T02:24:39","modified_gmt":"2026-04-15T23:24:39","slug":"ankaranin-ilk-plani-1924-25-lorcher-plani","status":"publish","type":"product","link":"https:\/\/roveyayinevi.com.tr\/index.php\/urun\/ankaranin-ilk-plani-1924-25-lorcher-plani\/","title":{"rendered":"Ankara\u2019n\u0131n \u0130lk Plan\u0131 1924-25 L\u00f6rcher Plan\u0131"},"content":{"rendered":"<p>Bu kitap, Ankara&#8217;n\u0131n I. D\u00fcnya Sava\u015f\u0131 sonras\u0131ndan Kurtulu\u015f Sava\u015f\u0131 ve sonras\u0131ndaki &#8216;kal\u0131c\u0131 d\u00fczene ge\u00e7i\u015fi&#8217; belirleyen durumu, 1922-1928 y\u0131llar\u0131 aras\u0131nda ortaya \u00e7\u0131kan kentle\u015fmeye modernle\u015fme konusundaki aray\u0131\u015flar\u0131n\u0131, bunlar\u0131n g\u00fcndeme getirdi\u011fi planlama ve yerle\u015fim kararlar\u0131n\u0131 birinci elden yeniden \u00f6\u011frenmemizi ve yorumlamam\u0131z\u0131 sa\u011fl\u0131yor. \u00c7al\u0131\u015fmada sunulan yeni belgeler ve ba\u011flant\u0131l\u0131 yorumlanan yeni planlar e\u015fli\u011finde, gen\u00e7 ba\u015fkentin gereksindi\u011fi fiziki plan aray\u0131\u015f\u0131 \u00e7abalar\u0131na ve sonu\u00e7lar\u0131na ilk kez \u0131\u015f\u0131k tutulmaktad\u0131r. Ara\u015ft\u0131rma, &#8220;Ankara 1924-25 L\u00f6rcherPlan\u0131&#8221;n\u0131n, b\u00fct\u00fcn belgeleri ve ku\u015fat\u0131c\u0131 \u00f6zellikleriyle, &#8216;s\u0131radan bir haritac\u0131l\u0131k \u00e7al\u0131\u015fmas\u0131 ve \u00f6n altl\u0131k haz\u0131rl\u0131\u011f\u0131&#8217; ya da &#8216;yol istikamet plan\u0131 basitli\u011finde bir kroki&#8217; olmad\u0131\u011f\u0131n\u0131 ortaya koymakta, &#8220;Ankara&#8217;n\u0131n ilk plan\u0131&#8221; oldu\u011funu kan\u0131tlamaktad\u0131r. 1928 y\u0131l\u0131nda Ankara \u015eehremaneti&#8217;nin ger\u00e7ekle\u015ftirdi\u011fi Ankara Plan Yar\u0131\u015fmas\u0131 ve sonras\u0131 bilgisiyle kar\u015f\u0131la\u015ft\u0131r\u0131ld\u0131\u011f\u0131nda h\u00e2l\u00e2 karanl\u0131kta olan bu erken d\u00f6nem, y\u0131llarca s\u00f6ylenti d\u00fczeyindeki bilgi ile ku\u015fat\u0131lm\u0131\u015ft\u0131. Bug\u00fcn art\u0131k, 1932 JansenPlan\u0131&#8217;nn b\u00fct\u00fcn \u00f6nemli \u00f6zelliklerinin 1924-25 L\u00f6rcher Plan\u0131 ile tasarland\u0131\u011f\u0131; Eski Ankara ve Yeni \u015eehir i\u00e7in yap\u0131lan birbirini izleyen planlama ile kentin kal\u0131c\u0131 ve h\u00e2l\u00e2 nitelikli olan S\u0131hhiye, K\u0131z\u0131lay, Mithat Pa\u015fa, Nec\u00e2ti Bey, Demirtepe, Kolej, Bakanl\u0131klar, TBMM alt b\u00f6lgelerinin karara ba\u011fland\u0131\u011f\u0131; Charlottenburglu Cari Christoph L\u00f6rcher&#8217;in \u00e7abas\u0131n\u0131n ise onu izleyen planc\u0131lar ve plan y\u00f6netimince \u00f6rtbas edilmeye \u00e7al\u0131\u015f\u0131ld\u0131\u011f\u0131 g\u00f6r\u00fcl\u00fcyor.<\/p>\n","protected":false},"excerpt":{"rendered":"<p>Bu kitap, Ankara&#8217;n\u0131n I. D\u00fcnya Sava\u015f\u0131 sonras\u0131ndan Kurtulu\u015f Sava\u015f\u0131 ve sonras\u0131ndaki &#8216;kal\u0131c\u0131 d\u00fczene ge\u00e7i\u015fi&#8217; belirleyen durumu, 1922-1928 y\u0131llar\u0131 aras\u0131nda ortaya \u00e7\u0131kan kentle\u015fmeye modernle\u015fme konusundaki aray\u0131\u015flar\u0131n\u0131, bunlar\u0131n<span class=\"excerpt-hellip\"> [\u2026]<\/span><\/p>\n","protected":false},"featured_media":0,"template":"","meta":{"_monsterinsights_skip_tracking":false,"_monsterinsights_sitenote_active":false,"_monsterinsights_sitenote_note":"","_monsterinsights_sitenote_category":0},"product_brand":[],"product_cat":[14787,13488],"product_tag":[],"class_list":{"0":"post-776261","1":"product","2":"type-product","3":"status-publish","5":"product_cat-diger-toplum-ve-insan","6":"product_cat-toplum-ve-insan","7":"pa_cilt-ciltsiz","8":"pa_tur-kitap","9":"pa_yayinevi-akil-celen-kitaplar","10":"pa_yazar-ali-cengizkan","12":"first","13":"instock","14":"sale","15":"shipping-taxable","16":"purchasable","17":"product-type-simple"},"_links":{"self":[{"href":"https:\/\/roveyayinevi.com.tr\/index.php\/wp-json\/wp\/v2\/product\/776261","targetHints":{"allow":["GET"]}}],"collection":[{"href":"https:\/\/roveyayinevi.com.tr\/index.php\/wp-json\/wp\/v2\/product"}],"about":[{"href":"https:\/\/roveyayinevi.com.tr\/index.php\/wp-json\/wp\/v2\/types\/product"}],"wp:attachment":[{"href":"https:\/\/roveyayinevi.com.tr\/index.php\/wp-json\/wp\/v2\/media?parent=776261"}],"wp:term":[{"taxonomy":"product_brand","embeddable":true,"href":"https:\/\/roveyayinevi.com.tr\/index.php\/wp-json\/wp\/v2\/product_brand?post=776261"},{"taxonomy":"product_cat","embeddable":true,"href":"https:\/\/roveyayinevi.com.tr\/index.php\/wp-json\/wp\/v2\/product_cat?post=776261"},{"taxonomy":"product_tag","embeddable":true,"href":"https:\/\/roveyayinevi.com.tr\/index.php\/wp-json\/wp\/v2\/product_tag?post=776261"}],"curies":[{"name":"wp","href":"https:\/\/api.w.org\/{rel}","templated":true}]}}