{"id":776260,"date":"2025-09-23T16:54:05","date_gmt":"2025-09-23T13:54:05","guid":{"rendered":"https:\/\/roveyayinevi.com.tr\/index.php\/urun\/alice-harikalar-diyarinda-20\/"},"modified":"2026-04-16T02:14:57","modified_gmt":"2026-04-15T23:14:57","slug":"alice-harikalar-diyarinda-20","status":"publish","type":"product","link":"https:\/\/roveyayinevi.com.tr\/index.php\/urun\/alice-harikalar-diyarinda-20\/","title":{"rendered":"Alice Harikalar Diyar\u0131nda"},"content":{"rendered":"<p>\u201cGittik\u00e7e tuhafla\u015f\u0131yor!\u201d diye hayk\u0131rd\u0131 Alice\u2026Beyaz bir tav\u015fan\u0131n pe\u015finden bir deli\u011fe dalar ve kendisini bir anda Harikalar Diyar\u0131\u2019nda bulur Alice. B\u00f6ylece b\u00fcy\u00fcl\u00fc bir macera ba\u015flam\u0131\u015f olur. \u015ea\u015fk\u0131nl\u0131k i\u00e7inde bu ola\u011fan\u00fcst\u00fc d\u00fcnyada gezinmeye ba\u015flayan Alice\u2019in ba\u015f\u0131na inan\u0131lmaz olaylar gelir; kendi g\u00f6zya\u015flar\u0131ndan olu\u015fan bir nehirde y\u00fczmek zorunda kal\u0131r, \u00e7ok tuhaf bir \u00e7ay partisine kat\u0131l\u0131r ve acayip bir kriket ma\u00e7\u0131nda yer al\u0131r. Bu inan\u0131lmaz macerada Alice\u2019e \u00c7\u0131lg\u0131n \u015eapkac\u0131, Kupa Krali\u00e7esi ve Yalanc\u0131 Kaplumba\u011fa gibi gizemli ve unutulmaz kahramanlar e\u015flik eder. Bu ola\u011fan\u00fcst\u00fc diyarda her \u015fey \u00f6yle s\u0131ra d\u0131\u015f\u0131d\u0131r ki Alice i\u00e7in bir dakika sonra neyle kar\u015f\u0131la\u015faca\u011f\u0131n\u0131 tahmin etmek bile imkans\u0131zd\u0131r.Lewis Carroll\u2019\u0131n y\u00fcz y\u0131l\u0131 a\u015fk\u0131n bir s\u00fcredir her ya\u015ftan okuru b\u00fcy\u00fcleyen ve art\u0131k bir klasik haline gelen masal\u0131, bu kitapta yeniden hayat buluyor.<\/p>\n","protected":false},"excerpt":{"rendered":"<p>\u201cGittik\u00e7e tuhafla\u015f\u0131yor!\u201d diye hayk\u0131rd\u0131 Alice\u2026Beyaz bir tav\u015fan\u0131n pe\u015finden bir deli\u011fe dalar ve kendisini bir anda Harikalar Diyar\u0131\u2019nda bulur Alice. B\u00f6ylece b\u00fcy\u00fcl\u00fc bir macera ba\u015flam\u0131\u015f olur. \u015ea\u015fk\u0131nl\u0131k<span class=\"excerpt-hellip\"> [\u2026]<\/span><\/p>\n","protected":false},"featured_media":0,"template":"","meta":{"_monsterinsights_skip_tracking":false,"_monsterinsights_sitenote_active":false,"_monsterinsights_sitenote_note":"","_monsterinsights_sitenote_category":0},"product_brand":[],"product_cat":[12274,12284],"product_tag":[],"class_list":{"0":"post-776260","1":"product","2":"type-product","3":"status-publish","5":"product_cat-cocuk-ve-genclik-kitaplari","6":"product_cat-hikayeler","7":"pa_cilt-ciltsiz","8":"pa_tur-kitap","9":"pa_yayinevi-1001-cicek-kitaplar","10":"pa_yazar-emma-chichester-clark","12":"first","13":"instock","14":"sale","15":"shipping-taxable","16":"purchasable","17":"product-type-simple"},"_links":{"self":[{"href":"https:\/\/roveyayinevi.com.tr\/index.php\/wp-json\/wp\/v2\/product\/776260","targetHints":{"allow":["GET"]}}],"collection":[{"href":"https:\/\/roveyayinevi.com.tr\/index.php\/wp-json\/wp\/v2\/product"}],"about":[{"href":"https:\/\/roveyayinevi.com.tr\/index.php\/wp-json\/wp\/v2\/types\/product"}],"wp:attachment":[{"href":"https:\/\/roveyayinevi.com.tr\/index.php\/wp-json\/wp\/v2\/media?parent=776260"}],"wp:term":[{"taxonomy":"product_brand","embeddable":true,"href":"https:\/\/roveyayinevi.com.tr\/index.php\/wp-json\/wp\/v2\/product_brand?post=776260"},{"taxonomy":"product_cat","embeddable":true,"href":"https:\/\/roveyayinevi.com.tr\/index.php\/wp-json\/wp\/v2\/product_cat?post=776260"},{"taxonomy":"product_tag","embeddable":true,"href":"https:\/\/roveyayinevi.com.tr\/index.php\/wp-json\/wp\/v2\/product_tag?post=776260"}],"curies":[{"name":"wp","href":"https:\/\/api.w.org\/{rel}","templated":true}]}}