{"id":776256,"date":"2025-09-23T12:18:34","date_gmt":"2025-09-23T09:18:34","guid":{"rendered":"https:\/\/roveyayinevi.com.tr\/?post_type=product&#038;p=776256"},"modified":"2026-04-15T03:42:34","modified_gmt":"2026-04-15T00:42:34","slug":"bekle-beni","status":"publish","type":"product","link":"https:\/\/roveyayinevi.com.tr\/index.php\/urun\/bekle-beni\/","title":{"rendered":"Bekle Beni"},"content":{"rendered":"<p>Polisler Selim\u2019i al\u0131p g\u00f6t\u00fcrd\u00fcler. Gitmeden \u00f6nce Leyla\u2019ya son bir kez sar\u0131ld\u0131, kula\u011f\u0131na f\u0131s\u0131ldad\u0131: \u201cG\u00fc\u00e7l\u00fc ol Leyla. Bu da ge\u00e7ecek.\u201d Ama ikisi de biliyordu ki \u00f6nlerinde zorlu ve belirsiz g\u00fcnler vard\u0131. Selim\u2019in yoklu\u011fu evin her k\u00f6\u015fesine sinmi\u015f, sessiz bir \u00e7\u0131\u011fl\u0131k gibi Leyla\u2019n\u0131n y\u00fcre\u011fini da\u011fl\u0131yordu. Her \u015fey bir anda de\u011fi\u015fmi\u015fti, geri d\u00f6n\u00fc\u015f\u00fc olmayan bir noktaya gelinmi\u015fti, bir u\u00e7urumun kenar\u0131ndayd\u0131lar, d\u00fc\u015f\u00fc\u015f ba\u015flam\u0131\u015ft\u0131. Z\u00fclf\u00fc Livaneli\u2019den bir a\u015fk ve direni\u015f hik\u00e2yesi: Bekle Beni. Leyla ile Selim, a\u015fk\u0131n co\u015fkusuyla bir hayat kurmak i\u00e7in m\u00fccadele ederlerken kendilerini t\u00fcrl\u00fc zorlu\u011fun, ayr\u0131l\u0131\u011f\u0131n i\u00e7erisinde bulurlar. Bir yanda birbirine kavu\u015fma tela\u015f\u0131, di\u011fer yanda \u00f6zg\u00fcrl\u00fck m\u00fccadelesi onlar\u0131 roman boyunca farkl\u0131 yerlere s\u00fcr\u00fckler. A\u015fklar\u0131 direni\u015flerini besleyecek, direni\u015fleri de a\u015fklar\u0131n\u0131 g\u00fc\u00e7lendirecektir. A\u015fk\u0131, dostlu\u011fu, aile ba\u011f\u0131n\u0131 ve \u00f6zg\u00fcrl\u00fck tutkusunu ince ince \u00f6ren Bekle Beni; bir \u00fclkenin \u00f6zg\u00fcrl\u00fck yolunda \u00e7ekti\u011fi zorluklar\u0131n, bask\u0131ya kar\u015f\u0131 giri\u015filen m\u00fccadelenin, direnmenin, yaln\u0131z b\u0131rak\u0131lman\u0131n ve dayan\u0131\u015fman\u0131n roman\u0131. Livaneli\u2019nin e\u015fsiz kaleminden\u2026<\/p>\n","protected":false},"excerpt":{"rendered":"<p>Polisler Selim\u2019i al\u0131p g\u00f6t\u00fcrd\u00fcler. Gitmeden \u00f6nce Leyla\u2019ya son bir kez sar\u0131ld\u0131, kula\u011f\u0131na f\u0131s\u0131ldad\u0131: \u201cG\u00fc\u00e7l\u00fc ol Leyla. Bu da ge\u00e7ecek.\u201d Ama ikisi de biliyordu ki \u00f6nlerinde zorlu ve belirsiz g\u00fcnler vard\u0131. Selim\u2019in yoklu\u011fu evin her k\u00f6\u015fesine sinmi\u015f, sessiz bir \u00e7\u0131\u011fl\u0131k gibi Leyla\u2019n\u0131n y\u00fcre\u011fini da\u011fl\u0131yordu. Her \u015fey bir anda de\u011fi\u015fmi\u015fti, geri d\u00f6n\u00fc\u015f\u00fc olmayan bir noktaya gelinmi\u015fti, bir u\u00e7urumun kenar\u0131ndayd\u0131lar, d\u00fc\u015f\u00fc\u015f ba\u015flam\u0131\u015ft\u0131. Z\u00fclf\u00fc Livaneli\u2019den bir a\u015fk ve direni\u015f hik\u00e2yesi: Bekle Beni. Leyla ile Selim, a\u015fk\u0131n co\u015fkusuyla bir hayat kurmak i\u00e7in m\u00fccadele ederlerken kendilerini t\u00fcrl\u00fc zorlu\u011fun, ayr\u0131l\u0131\u011f\u0131n i\u00e7erisinde bulurlar. Bir yanda birbirine kavu\u015fma tela\u015f\u0131, di\u011fer yanda \u00f6zg\u00fcrl\u00fck m\u00fccadelesi onlar\u0131 roman boyunca farkl\u0131 yerlere s\u00fcr\u00fckler. A\u015fklar\u0131 direni\u015flerini besleyecek, direni\u015fleri de a\u015fklar\u0131n\u0131 g\u00fc\u00e7lendirecektir. A\u015fk\u0131, dostlu\u011fu, aile ba\u011f\u0131n\u0131 ve \u00f6zg\u00fcrl\u00fck tutkusunu ince ince \u00f6ren Bekle Beni; bir \u00fclkenin \u00f6zg\u00fcrl\u00fck yolunda \u00e7ekti\u011fi zorluklar\u0131n, bask\u0131ya kar\u015f\u0131 giri\u015filen m\u00fccadelenin, direnmenin, yaln\u0131z b\u0131rak\u0131lman\u0131n ve dayan\u0131\u015fman\u0131n roman\u0131. Livaneli\u2019nin e\u015fsiz kaleminden\u2026<\/p>\n","protected":false},"featured_media":776257,"template":"","meta":{"_monsterinsights_skip_tracking":false,"_monsterinsights_sitenote_active":false,"_monsterinsights_sitenote_note":"","_monsterinsights_sitenote_category":0},"product_brand":[],"product_cat":[141304],"product_tag":[],"class_list":{"0":"post-776256","1":"product","2":"type-product","3":"status-publish","4":"has-post-thumbnail","6":"product_cat-yeni-cikanlar","7":"pa_baski-boyutu-1250-x-1950-cm","8":"pa_baski-sayisi-1-baski","9":"pa_baski-tarihi-eylul-2025","10":"pa_cilt-ciltsiz","11":"pa_kagit-cinsi-2-hamur","12":"pa_sayfa-sayisi-12855","13":"pa_stok-kodu-141840","14":"pa_yayin-dili-turkce","15":"pa_yayinevi-can-yayinlari","17":"first","18":"instock","19":"sale","20":"shipping-taxable","21":"purchasable","22":"product-type-simple"},"_links":{"self":[{"href":"https:\/\/roveyayinevi.com.tr\/index.php\/wp-json\/wp\/v2\/product\/776256","targetHints":{"allow":["GET"]}}],"collection":[{"href":"https:\/\/roveyayinevi.com.tr\/index.php\/wp-json\/wp\/v2\/product"}],"about":[{"href":"https:\/\/roveyayinevi.com.tr\/index.php\/wp-json\/wp\/v2\/types\/product"}],"wp:featuredmedia":[{"embeddable":true,"href":"https:\/\/roveyayinevi.com.tr\/index.php\/wp-json\/wp\/v2\/media\/776257"}],"wp:attachment":[{"href":"https:\/\/roveyayinevi.com.tr\/index.php\/wp-json\/wp\/v2\/media?parent=776256"}],"wp:term":[{"taxonomy":"product_brand","embeddable":true,"href":"https:\/\/roveyayinevi.com.tr\/index.php\/wp-json\/wp\/v2\/product_brand?post=776256"},{"taxonomy":"product_cat","embeddable":true,"href":"https:\/\/roveyayinevi.com.tr\/index.php\/wp-json\/wp\/v2\/product_cat?post=776256"},{"taxonomy":"product_tag","embeddable":true,"href":"https:\/\/roveyayinevi.com.tr\/index.php\/wp-json\/wp\/v2\/product_tag?post=776256"}],"curies":[{"name":"wp","href":"https:\/\/api.w.org\/{rel}","templated":true}]}}