{"id":776251,"date":"2025-09-23T11:35:10","date_gmt":"2025-09-23T08:35:10","guid":{"rendered":"https:\/\/roveyayinevi.com.tr\/index.php\/urun\/beden-formulasyonlari\/"},"modified":"2026-04-15T03:42:39","modified_gmt":"2026-04-15T00:42:39","slug":"beden-formulasyonlari","status":"publish","type":"product","link":"https:\/\/roveyayinevi.com.tr\/index.php\/urun\/beden-formulasyonlari\/","title":{"rendered":"Beden Form\u00fclasyonlar\u0131"},"content":{"rendered":"<p>Beden nedir? Bir varolu\u015f zemini mi, yoksa bir hedef tahtas\u0131 m\u0131? Seyirlik bir manzara m\u0131, yoksa bir sava\u015f alan\u0131 m\u0131? Modern d\u00fc\u015f\u00fcnce, bedeni uzun bir s\u00fcre boyunca yaln\u0131zca do\u011fal, biyolojik ya da ikincil bir varl\u0131k olarak ele al\u0131rken, 20. y\u00fczy\u0131lda beden hem felsefi d\u00fc\u015f\u00fcncenin hem de siyasal m\u00fccadelelerin merkezine yerle\u015fti. Bu kitap, bedenin felsefi, siyasi ve estetik izlerini, \u00e7a\u011fda\u015f d\u00fc\u015f\u00fcnceye y\u00f6n vermi\u015f iki g\u00fc\u00e7l\u00fc ismin, Maurice Merleau-Ponty ve Frantz Fanon\u2019un rehberli\u011finde s\u00fcr\u00fcyor. Fenomenolojinin dokunulur evreninde \u015fekillenen, d\u00fcnyayla i\u00e7 i\u00e7e ge\u00e7mi\u015f felsefi bir beden anlay\u0131\u015f\u0131 ile \u0131rk\u00e7\u0131l\u0131kla delinen ve s\u00f6m\u00fcrgeci bak\u0131\u015fla damgalanan siyah bedenin isyan\u0131nda ifade bulan bir siyaset anlay\u0131\u015f\u0131n\u0131 birle\u015ftiriyor. Bedeni bir ara\u00e7 ya da nesne olarak de\u011fil, d\u00fcnyayla kar\u015f\u0131la\u015fman\u0131n ve d\u00fcnyay\u0131 d\u00f6n\u00fc\u015ft\u00fcrmenin oda\u011f\u0131 olarak ele al\u0131yor. Merleau-Ponty\u2019nin \u201cben bedenimim\u201d \u00f6nermesinden Fanon\u2019un \u201cben d\u00fcnyay\u0131m\u201d \u00e7\u0131\u011fl\u0131\u011f\u0131na uzanan yolculukta, cogito\u2019nun sesini bast\u0131rd\u0131\u011f\u0131 bedeni, mitin, delili\u011fin ve hal\u00fcsinasyonun a\u00e7t\u0131\u011f\u0131 yar\u0131klar, bak\u0131\u015f\u0131n tene kaz\u0131nan kudreti, \u015fiddetin kaslara yazd\u0131\u011f\u0131 tarih ve politik olan\u0131n dokulara s\u0131zan karde\u015fli\u011fi ekseninde, \u00e7a\u011fda\u015f geli\u015fmelerden ve edebiyattan g\u00fcncel \u00f6rneklerle inceliyor. Beden Form\u00fclasyonlar\u0131, bedeni hem felsefi hem siyasal bir akt\u00f6r olarak d\u00fc\u015f\u00fcnmeye \u00e7a\u011f\u0131ran, iki d\u00fc\u015f\u00fcn\u00fcr\u00fcn kesi\u015fiminde bir beden politikas\u0131 ve bir d\u00fcnya eti\u011fi geli\u015ftirmeye c\u00fcret eden \u00f6zg\u00fcn bir tart\u0131\u015fma zemini sunuyor.<\/p>\n","protected":false},"excerpt":{"rendered":"<p>Beden nedir? Bir varolu\u015f zemini mi, yoksa bir hedef tahtas\u0131 m\u0131? Seyirlik bir manzara m\u0131, yoksa bir sava\u015f alan\u0131 m\u0131? Modern d\u00fc\u015f\u00fcnce, bedeni uzun bir s\u00fcre<span class=\"excerpt-hellip\"> [\u2026]<\/span><\/p>\n","protected":false},"featured_media":0,"template":"","meta":{"_monsterinsights_skip_tracking":false,"_monsterinsights_sitenote_active":false,"_monsterinsights_sitenote_note":"","_monsterinsights_sitenote_category":0},"product_brand":[],"product_cat":[12388],"product_tag":[],"class_list":{"0":"post-776251","1":"product","2":"type-product","3":"status-publish","5":"product_cat-felsefe","6":"pa_cilt-ciltsiz","7":"pa_tur-kitap","8":"pa_yayinevi-fol-kitap","9":"pa_yazar-onur-kartal","11":"first","12":"instock","13":"sale","14":"shipping-taxable","15":"purchasable","16":"product-type-simple"},"_links":{"self":[{"href":"https:\/\/roveyayinevi.com.tr\/index.php\/wp-json\/wp\/v2\/product\/776251","targetHints":{"allow":["GET"]}}],"collection":[{"href":"https:\/\/roveyayinevi.com.tr\/index.php\/wp-json\/wp\/v2\/product"}],"about":[{"href":"https:\/\/roveyayinevi.com.tr\/index.php\/wp-json\/wp\/v2\/types\/product"}],"wp:attachment":[{"href":"https:\/\/roveyayinevi.com.tr\/index.php\/wp-json\/wp\/v2\/media?parent=776251"}],"wp:term":[{"taxonomy":"product_brand","embeddable":true,"href":"https:\/\/roveyayinevi.com.tr\/index.php\/wp-json\/wp\/v2\/product_brand?post=776251"},{"taxonomy":"product_cat","embeddable":true,"href":"https:\/\/roveyayinevi.com.tr\/index.php\/wp-json\/wp\/v2\/product_cat?post=776251"},{"taxonomy":"product_tag","embeddable":true,"href":"https:\/\/roveyayinevi.com.tr\/index.php\/wp-json\/wp\/v2\/product_tag?post=776251"}],"curies":[{"name":"wp","href":"https:\/\/api.w.org\/{rel}","templated":true}]}}