{"id":776248,"date":"2025-09-23T11:35:01","date_gmt":"2025-09-23T08:35:01","guid":{"rendered":"https:\/\/roveyayinevi.com.tr\/index.php\/urun\/dalga\/"},"modified":"2026-04-15T03:42:38","modified_gmt":"2026-04-15T00:42:38","slug":"dalga","status":"publish","type":"product","link":"https:\/\/roveyayinevi.com.tr\/index.php\/urun\/dalga\/","title":{"rendered":"Dalga"},"content":{"rendered":"<p>K\u00fc\u00e7\u00fck bir k\u0131z\u0131n plajdaki bir g\u00fcn\u00fcn\u00fc anlatan bu sessiz kitap, d\u00fcnyaca \u00fcnl\u00fc sanat\u00e7\u0131 Suzy Lee&#8217;nin \u00e7arp\u0131c\u0131 \u00e7izimleriyle s\u00fcsl\u00fc. Lee&#8217;nin sadece iki renkten olu\u015fan sulu boya resimleri, sizi e\u011flence ve kahkaha dolu bir deneyime davet ediyor. 2008&#8217;de The New York Times taraf\u0131ndan En \u0130yi Resimli \u00c7ocuk Kitab\u0131 se\u00e7ilen Dalga, daha \u00f6nce bir\u00e7ok \u00fclkede yay\u0131mland\u0131. <\/p>\n","protected":false},"excerpt":{"rendered":"<p>K\u00fc\u00e7\u00fck bir k\u0131z\u0131n plajdaki bir g\u00fcn\u00fcn\u00fc anlatan bu sessiz kitap, d\u00fcnyaca \u00fcnl\u00fc sanat\u00e7\u0131 Suzy Lee&#8217;nin \u00e7arp\u0131c\u0131 \u00e7izimleriyle s\u00fcsl\u00fc. Lee&#8217;nin sadece iki renkten olu\u015fan sulu boya resimleri,<span class=\"excerpt-hellip\"> [\u2026]<\/span><\/p>\n","protected":false},"featured_media":0,"template":"","meta":{"_monsterinsights_skip_tracking":false,"_monsterinsights_sitenote_active":false,"_monsterinsights_sitenote_note":"","_monsterinsights_sitenote_category":0},"product_brand":[],"product_cat":[12274,12284],"product_tag":[],"class_list":{"0":"post-776248","1":"product","2":"type-product","3":"status-publish","5":"product_cat-cocuk-ve-genclik-kitaplari","6":"product_cat-hikayeler","7":"pa_cilt-ciltsiz","8":"pa_tur-kitap","9":"pa_yayinevi-mea-kitap","10":"pa_yazar-suzy-lee","12":"first","13":"instock","14":"sale","15":"shipping-taxable","16":"purchasable","17":"product-type-simple"},"_links":{"self":[{"href":"https:\/\/roveyayinevi.com.tr\/index.php\/wp-json\/wp\/v2\/product\/776248","targetHints":{"allow":["GET"]}}],"collection":[{"href":"https:\/\/roveyayinevi.com.tr\/index.php\/wp-json\/wp\/v2\/product"}],"about":[{"href":"https:\/\/roveyayinevi.com.tr\/index.php\/wp-json\/wp\/v2\/types\/product"}],"wp:attachment":[{"href":"https:\/\/roveyayinevi.com.tr\/index.php\/wp-json\/wp\/v2\/media?parent=776248"}],"wp:term":[{"taxonomy":"product_brand","embeddable":true,"href":"https:\/\/roveyayinevi.com.tr\/index.php\/wp-json\/wp\/v2\/product_brand?post=776248"},{"taxonomy":"product_cat","embeddable":true,"href":"https:\/\/roveyayinevi.com.tr\/index.php\/wp-json\/wp\/v2\/product_cat?post=776248"},{"taxonomy":"product_tag","embeddable":true,"href":"https:\/\/roveyayinevi.com.tr\/index.php\/wp-json\/wp\/v2\/product_tag?post=776248"}],"curies":[{"name":"wp","href":"https:\/\/api.w.org\/{rel}","templated":true}]}}