{"id":776245,"date":"2025-09-23T11:33:49","date_gmt":"2025-09-23T08:33:49","guid":{"rendered":"https:\/\/roveyayinevi.com.tr\/index.php\/urun\/tado-yapay-zeka-ve-insan\/"},"modified":"2026-01-30T04:13:47","modified_gmt":"2026-01-30T01:13:47","slug":"tado-yapay-zeka-ve-insan","status":"publish","type":"product","link":"https:\/\/roveyayinevi.com.tr\/index.php\/urun\/tado-yapay-zeka-ve-insan\/","title":{"rendered":"Tado : Yapay Zeka ve \u0130nsan"},"content":{"rendered":"<p>Yapay Zek\u00e2 ve \u0130nsan: Ayna Ayna S\u00f6yle Bana, insanl\u0131k tarihinin en radikal d\u00f6n\u00fc\u015f\u00fcm evresine odaklan\u0131yor: D\u00fc\u015f\u00fcnen makineler \u00e7a\u011f\u0131nda insan olmak ne demektir? Bu kitap, yapay zek\u00e2n\u0131n yaln\u0131zca teknolojik bir geli\u015fme olmad\u0131\u011f\u0131n\u0131, ayn\u0131 zamanda k\u00fclt\u00fcrel, etik, siyasal ve varolu\u015fsal bir meydan okuma oldu\u011funu ortaya koyuyor. E\u011fitimden sa\u011fl\u0131\u011fa, ekonomiden hukuka, sanattan toplumsal ya\u015fama kadar yapay zek\u00e2n\u0131n n\u00fcfuz etti\u011fi t\u00fcm alanlar; \u00e7arp\u0131c\u0131 \u00f6rnekler, g\u00fcncel tart\u0131\u015fmalar ve ele\u015ftirel bak\u0131\u015f a\u00e7\u0131lar\u0131yla inceleniyor.  Her b\u00f6l\u00fcm\u00fcnde, yapay zek\u00e2n\u0131n ya\u015fam\u0131n hangi katmanlar\u0131na s\u0131zd\u0131\u011f\u0131n\u0131; bireyden topluma, bilgiden ahlaka uzanan etkilerini sade ama derinlikli bir \u015fekilde ele al\u0131yor. Bu kitap bir \u00f6ng\u00f6r\u00fc listesi ya da kurgu hik\u00e2ye de\u011fil; bug\u00fcn\u00fcn verileriyle, insanl\u0131\u011f\u0131n yar\u0131nki h\u00e2line tutulan analitik bir \u0131\u015f\u0131k. Teknolojinin insana de\u011fil, insan\u0131n teknolojiye nas\u0131l \u015fekil verdi\u011fini tart\u0131\u015fmaya a\u00e7\u0131yor. Gelece\u011fi yaln\u0131zca teknolojik bir ilerleme \u00e7izgisi olarak de\u011fil; insan\u0131n kendi s\u0131n\u0131rlar\u0131n\u0131 yeniden tan\u0131mlad\u0131\u011f\u0131 bir sorumluluk \u00e7a\u011fr\u0131s\u0131 olarak g\u00f6rmeye davet ediyor. &#8220;Teknoloji geli\u015fiyor; ya insan?&#8221;  <\/p>\n","protected":false},"excerpt":{"rendered":"<p>Yapay Zek\u00e2 ve \u0130nsan: Ayna Ayna S\u00f6yle Bana, insanl\u0131k tarihinin en radikal d\u00f6n\u00fc\u015f\u00fcm evresine odaklan\u0131yor: D\u00fc\u015f\u00fcnen makineler \u00e7a\u011f\u0131nda insan olmak ne demektir? Bu kitap, yapay zek\u00e2n\u0131n<span class=\"excerpt-hellip\"> [\u2026]<\/span><\/p>\n","protected":false},"featured_media":0,"template":"","meta":{"_monsterinsights_skip_tracking":false,"_monsterinsights_sitenote_active":false,"_monsterinsights_sitenote_note":"","_monsterinsights_sitenote_category":0},"product_brand":[],"product_cat":[13005,37328],"product_tag":[],"class_list":{"0":"post-776245","1":"product","2":"type-product","3":"status-publish","5":"product_cat-bilim-muhendislik","6":"product_cat-diger-bilim-muhendislik","7":"pa_cilt-ciltsiz","8":"pa_tur-kitap","9":"pa_yayinevi-vova-yayinlari","10":"pa_yazar-adil-tugyan","12":"first","13":"instock","14":"sale","15":"shipping-taxable","16":"purchasable","17":"product-type-simple"},"_links":{"self":[{"href":"https:\/\/roveyayinevi.com.tr\/index.php\/wp-json\/wp\/v2\/product\/776245","targetHints":{"allow":["GET"]}}],"collection":[{"href":"https:\/\/roveyayinevi.com.tr\/index.php\/wp-json\/wp\/v2\/product"}],"about":[{"href":"https:\/\/roveyayinevi.com.tr\/index.php\/wp-json\/wp\/v2\/types\/product"}],"wp:attachment":[{"href":"https:\/\/roveyayinevi.com.tr\/index.php\/wp-json\/wp\/v2\/media?parent=776245"}],"wp:term":[{"taxonomy":"product_brand","embeddable":true,"href":"https:\/\/roveyayinevi.com.tr\/index.php\/wp-json\/wp\/v2\/product_brand?post=776245"},{"taxonomy":"product_cat","embeddable":true,"href":"https:\/\/roveyayinevi.com.tr\/index.php\/wp-json\/wp\/v2\/product_cat?post=776245"},{"taxonomy":"product_tag","embeddable":true,"href":"https:\/\/roveyayinevi.com.tr\/index.php\/wp-json\/wp\/v2\/product_tag?post=776245"}],"curies":[{"name":"wp","href":"https:\/\/api.w.org\/{rel}","templated":true}]}}