{"id":776244,"date":"2025-09-23T11:32:30","date_gmt":"2025-09-23T08:32:30","guid":{"rendered":"https:\/\/roveyayinevi.com.tr\/index.php\/urun\/sukinin-kimonosu\/"},"modified":"2026-04-15T03:41:42","modified_gmt":"2026-04-15T00:41:42","slug":"sukinin-kimonosu","status":"publish","type":"product","link":"https:\/\/roveyayinevi.com.tr\/index.php\/urun\/sukinin-kimonosu\/","title":{"rendered":"Suki\u2019nin Kimonosu"},"content":{"rendered":"<p>\u2018\u2018Onu giyemezsin,\u2019\u2019 dedi Mari. \u2018\u2018\u0130nsanlar tuhaf oldu\u011funu d\u00fc\u015f\u00fcn\u00fcr.\u2019\u2019 Suki\u2019nin en sevdi\u011fi \u015fey, mavi kimonosudur. B\u00fcy\u00fckannesinin hediyesi olan kimono, onun ge\u00e7en yaz yapt\u0131\u011f\u0131 ziyarete dair \u00f6zel hat\u0131ralar ta\u015f\u0131r. Ve Suki -kim ne derse desin- okulun ilk g\u00fcn\u00fc onu giyecektir. Suki\u2019nin Kimonosu, her ad\u0131m\u0131nda -hatta dans ederken bile- yaln\u0131zca kendi i\u00e7indeki m\u00fczi\u011fe kulak veren k\u00fc\u00e7\u00fck bir k\u0131z\u0131n ne\u015feli \u00f6yk\u00fcs\u00fcd\u00fcr. \u00d6d\u00fcller Chocolate Lily \u00d6d\u00fcl\u00fc, Final-2005 Christie Harris Resimli \u00c7ocuk Edebiyat\u0131 \u00d6d\u00fcl\u00fc, Final-2004 Ruth Schwartz \u00c7ocuk Kitab\u0131 \u00d6d\u00fcl\u00fc, Final-2004 Mr. Christie Kitap \u00f6d\u00fcl\u00fc, \u0130kinci-2004 Amelia Frances Howard-Gibbon \u00c7izerler \u00d6d\u00fcl\u00fc, \u0130kinci-2004 Y\u0131ll\u0131n En iyi Kitab\u0131 &#8211; Bronz Madalya, ForeWord Dergisi, Kazanan-2004 <\/p>\n","protected":false},"excerpt":{"rendered":"<p>\u2018\u2018Onu giyemezsin,\u2019\u2019 dedi Mari. \u2018\u2018\u0130nsanlar tuhaf oldu\u011funu d\u00fc\u015f\u00fcn\u00fcr.\u2019\u2019 Suki\u2019nin en sevdi\u011fi \u015fey, mavi kimonosudur. B\u00fcy\u00fckannesinin hediyesi olan kimono, onun ge\u00e7en yaz yapt\u0131\u011f\u0131 ziyarete dair \u00f6zel hat\u0131ralar<span class=\"excerpt-hellip\"> [\u2026]<\/span><\/p>\n","protected":false},"featured_media":0,"template":"","meta":{"_monsterinsights_skip_tracking":false,"_monsterinsights_sitenote_active":false,"_monsterinsights_sitenote_note":"","_monsterinsights_sitenote_category":0},"product_brand":[],"product_cat":[12274,12518],"product_tag":[],"class_list":{"0":"post-776244","1":"product","2":"type-product","3":"status-publish","5":"product_cat-cocuk-ve-genclik-kitaplari","6":"product_cat-okul-oncesi-kitaplar","7":"pa_cilt-ciltsiz","8":"pa_tur-kitap","9":"pa_yayinevi-mea-kitap","10":"pa_yazar-chieri-uegaki","12":"first","13":"instock","14":"sale","15":"shipping-taxable","16":"purchasable","17":"product-type-simple"},"_links":{"self":[{"href":"https:\/\/roveyayinevi.com.tr\/index.php\/wp-json\/wp\/v2\/product\/776244","targetHints":{"allow":["GET"]}}],"collection":[{"href":"https:\/\/roveyayinevi.com.tr\/index.php\/wp-json\/wp\/v2\/product"}],"about":[{"href":"https:\/\/roveyayinevi.com.tr\/index.php\/wp-json\/wp\/v2\/types\/product"}],"wp:attachment":[{"href":"https:\/\/roveyayinevi.com.tr\/index.php\/wp-json\/wp\/v2\/media?parent=776244"}],"wp:term":[{"taxonomy":"product_brand","embeddable":true,"href":"https:\/\/roveyayinevi.com.tr\/index.php\/wp-json\/wp\/v2\/product_brand?post=776244"},{"taxonomy":"product_cat","embeddable":true,"href":"https:\/\/roveyayinevi.com.tr\/index.php\/wp-json\/wp\/v2\/product_cat?post=776244"},{"taxonomy":"product_tag","embeddable":true,"href":"https:\/\/roveyayinevi.com.tr\/index.php\/wp-json\/wp\/v2\/product_tag?post=776244"}],"curies":[{"name":"wp","href":"https:\/\/api.w.org\/{rel}","templated":true}]}}