{"id":776243,"date":"2025-09-23T11:32:27","date_gmt":"2025-09-23T08:32:27","guid":{"rendered":"https:\/\/roveyayinevi.com.tr\/index.php\/urun\/biri-merhaba-mi-dedi\/"},"modified":"2026-04-15T03:41:42","modified_gmt":"2026-04-15T00:41:42","slug":"biri-merhaba-mi-dedi","status":"publish","type":"product","link":"https:\/\/roveyayinevi.com.tr\/index.php\/urun\/biri-merhaba-mi-dedi\/","title":{"rendered":"Biri Merhaba m\u0131 Dedi?"},"content":{"rendered":"<p>G\u00fczelce d\u00fczl\u00fcklerinde ya\u015fayan hayvanlar, uyand\u0131klar\u0131nda kar\u015f\u0131lar\u0131na \u00e7\u0131kacak o gizemli varl\u0131ktan hen\u00fcz habersizler. Acaba kim olabilir bu? Ona nas\u0131l yakla\u015fmak, ne s\u00f6ylemek gerek?  Sevilen \u00e7ocuk kitaplar\u0131 yazar\u0131 Nihan Temiz, bu e\u011flenceli \u00f6yk\u00fcs\u00fcnde okurun dikkatini arkada\u015fl\u0131k ve ileti\u015fim kurmaya \u00e7ekiyor. Genellikle unutulan ama asl\u0131nda \u00e7ok basit ve sihirli bir s\u00f6zc\u00fc\u011f\u00fc bize f\u0131s\u0131lday\u0131veriyor: \u201cMerhaba!\u201d <\/p>\n","protected":false},"excerpt":{"rendered":"<p>G\u00fczelce d\u00fczl\u00fcklerinde ya\u015fayan hayvanlar, uyand\u0131klar\u0131nda kar\u015f\u0131lar\u0131na \u00e7\u0131kacak o gizemli varl\u0131ktan hen\u00fcz habersizler. Acaba kim olabilir bu? Ona nas\u0131l yakla\u015fmak, ne s\u00f6ylemek gerek? Sevilen \u00e7ocuk kitaplar\u0131 yazar\u0131<span class=\"excerpt-hellip\"> [\u2026]<\/span><\/p>\n","protected":false},"featured_media":0,"template":"","meta":{"_monsterinsights_skip_tracking":false,"_monsterinsights_sitenote_active":false,"_monsterinsights_sitenote_note":"","_monsterinsights_sitenote_category":0},"product_brand":[],"product_cat":[12274,12518],"product_tag":[],"class_list":{"0":"post-776243","1":"product","2":"type-product","3":"status-publish","5":"product_cat-cocuk-ve-genclik-kitaplari","6":"product_cat-okul-oncesi-kitaplar","7":"pa_cilt-ciltsiz","8":"pa_tur-kitap","9":"pa_yayinevi-mea-kitap","10":"pa_yazar-nihan-temiz","12":"first","13":"instock","14":"sale","15":"shipping-taxable","16":"purchasable","17":"product-type-simple"},"_links":{"self":[{"href":"https:\/\/roveyayinevi.com.tr\/index.php\/wp-json\/wp\/v2\/product\/776243","targetHints":{"allow":["GET"]}}],"collection":[{"href":"https:\/\/roveyayinevi.com.tr\/index.php\/wp-json\/wp\/v2\/product"}],"about":[{"href":"https:\/\/roveyayinevi.com.tr\/index.php\/wp-json\/wp\/v2\/types\/product"}],"wp:attachment":[{"href":"https:\/\/roveyayinevi.com.tr\/index.php\/wp-json\/wp\/v2\/media?parent=776243"}],"wp:term":[{"taxonomy":"product_brand","embeddable":true,"href":"https:\/\/roveyayinevi.com.tr\/index.php\/wp-json\/wp\/v2\/product_brand?post=776243"},{"taxonomy":"product_cat","embeddable":true,"href":"https:\/\/roveyayinevi.com.tr\/index.php\/wp-json\/wp\/v2\/product_cat?post=776243"},{"taxonomy":"product_tag","embeddable":true,"href":"https:\/\/roveyayinevi.com.tr\/index.php\/wp-json\/wp\/v2\/product_tag?post=776243"}],"curies":[{"name":"wp","href":"https:\/\/api.w.org\/{rel}","templated":true}]}}