{"id":776240,"date":"2025-09-23T11:32:20","date_gmt":"2025-09-23T08:32:20","guid":{"rendered":"https:\/\/roveyayinevi.com.tr\/index.php\/urun\/bu-ne-gurultu-patirti\/"},"modified":"2026-04-08T03:37:14","modified_gmt":"2026-04-08T00:37:14","slug":"bu-ne-gurultu-patirti","status":"publish","type":"product","link":"https:\/\/roveyayinevi.com.tr\/index.php\/urun\/bu-ne-gurultu-patirti\/","title":{"rendered":"Bu Ne G\u00fcr\u00fclt\u00fc Pat\u0131rt\u0131!"},"content":{"rendered":"<p>G\u00f6kku\u015fa\u011f\u0131 Soka\u011f\u0131 sakinleri i\u00e7in s\u0131radan bir g\u00fcn&#8230; Ama o da ne? Bir anda patlamaya ba\u015flayan havai fi\u015fekler her \u015feyi de\u011fi\u015ftiriyor. Hem \u00e7ocuklar hem de korkuyla ka\u00e7\u0131\u015fan sokak hayvanlar\u0131 i\u00e7in! Bu Ne G\u00fcr\u00fclt\u00fc Pat\u0131rt\u0131!, y\u0131llard\u0131r t\u00fcm d\u00fcnyada pek \u00e7ok ki\u015finin keyifle izledi\u011fi, ancak epey g\u00fcr\u00fclt\u00fcl\u00fc olmas\u0131n\u0131n yan\u0131nda do\u011faya, hayvanlara ve elbette insanlara \u00e7ok b\u00fcy\u00fck zararlar\u0131 olan havai fi\u015fek g\u00f6sterilerinin ger\u00e7ek y\u00fcz\u00fcn\u00fc, samimi bir anlat\u0131m ve pastel tonlardaki m\u00fcthi\u015f \u00e7izimlerle g\u00f6zler \u00f6n\u00fcne seriyor.  G\u00f6k\u00e7e G\u00f6k\u00e7eer&#8217;in kaleminden, de\u011fi\u015fime a\u00e7\u0131k olan ve d\u00fcnyay\u0131 daha g\u00fczel bir yer yapman\u0131n m\u00fcmk\u00fcn oldu\u011funa inanan herkes i\u00e7in umut dolu bir \u00f6yk\u00fc\u2026 <\/p>\n","protected":false},"excerpt":{"rendered":"<p>G\u00f6kku\u015fa\u011f\u0131 Soka\u011f\u0131 sakinleri i\u00e7in s\u0131radan bir g\u00fcn&#8230; Ama o da ne? Bir anda patlamaya ba\u015flayan havai fi\u015fekler her \u015feyi de\u011fi\u015ftiriyor. Hem \u00e7ocuklar hem de korkuyla ka\u00e7\u0131\u015fan<span class=\"excerpt-hellip\"> [\u2026]<\/span><\/p>\n","protected":false},"featured_media":0,"template":"","meta":{"_monsterinsights_skip_tracking":false,"_monsterinsights_sitenote_active":false,"_monsterinsights_sitenote_note":"","_monsterinsights_sitenote_category":0},"product_brand":[],"product_cat":[12274,12284],"product_tag":[],"class_list":{"0":"post-776240","1":"product","2":"type-product","3":"status-publish","5":"product_cat-cocuk-ve-genclik-kitaplari","6":"product_cat-hikayeler","7":"pa_cilt-ciltsiz","8":"pa_tur-kitap","9":"pa_yayinevi-mea-kitap","10":"pa_yazar-gokce-gokceer","12":"first","13":"instock","14":"sale","15":"shipping-taxable","16":"purchasable","17":"product-type-simple"},"_links":{"self":[{"href":"https:\/\/roveyayinevi.com.tr\/index.php\/wp-json\/wp\/v2\/product\/776240","targetHints":{"allow":["GET"]}}],"collection":[{"href":"https:\/\/roveyayinevi.com.tr\/index.php\/wp-json\/wp\/v2\/product"}],"about":[{"href":"https:\/\/roveyayinevi.com.tr\/index.php\/wp-json\/wp\/v2\/types\/product"}],"wp:attachment":[{"href":"https:\/\/roveyayinevi.com.tr\/index.php\/wp-json\/wp\/v2\/media?parent=776240"}],"wp:term":[{"taxonomy":"product_brand","embeddable":true,"href":"https:\/\/roveyayinevi.com.tr\/index.php\/wp-json\/wp\/v2\/product_brand?post=776240"},{"taxonomy":"product_cat","embeddable":true,"href":"https:\/\/roveyayinevi.com.tr\/index.php\/wp-json\/wp\/v2\/product_cat?post=776240"},{"taxonomy":"product_tag","embeddable":true,"href":"https:\/\/roveyayinevi.com.tr\/index.php\/wp-json\/wp\/v2\/product_tag?post=776240"}],"curies":[{"name":"wp","href":"https:\/\/api.w.org\/{rel}","templated":true}]}}