{"id":776238,"date":"2025-09-23T11:07:35","date_gmt":"2025-09-23T08:07:35","guid":{"rendered":"https:\/\/roveyayinevi.com.tr\/index.php\/urun\/elki-kimin-kopegi-ciltli\/"},"modified":"2026-04-15T03:37:13","modified_gmt":"2026-04-15T00:37:13","slug":"elki-kimin-kopegi-ciltli","status":"publish","type":"product","link":"https:\/\/roveyayinevi.com.tr\/index.php\/urun\/elki-kimin-kopegi-ciltli\/","title":{"rendered":"Elki Kimin K\u00f6pe\u011fi? (Ciltli)"},"content":{"rendered":"<p>Elki, her g\u00fcn okula giderken bize e\u015flik eder, sonra bizi kap\u0131da kar\u015f\u0131lard\u0131.Hep birlikte parka ko\u015far, t\u00fcm \u00f6\u011fleden sonram\u0131z\u0131 birlikte ge\u00e7irirdik.Mahallemiz, Elki i\u00e7in bir ev gibiydi.Sokak hayvanlar\u0131na ve onlarla payla\u015ft\u0131\u011f\u0131m\u0131z ya\u015fama yak\u0131ndan bakan, s\u0131cac\u0131k bir resimli kitap.<\/p>\n","protected":false},"excerpt":{"rendered":"<p>Elki, her g\u00fcn okula giderken bize e\u015flik eder, sonra bizi kap\u0131da kar\u015f\u0131lard\u0131.Hep birlikte parka ko\u015far, t\u00fcm \u00f6\u011fleden sonram\u0131z\u0131 birlikte ge\u00e7irirdik.Mahallemiz, Elki i\u00e7in bir ev gibiydi.Sokak hayvanlar\u0131na<span class=\"excerpt-hellip\"> [\u2026]<\/span><\/p>\n","protected":false},"featured_media":0,"template":"","meta":{"_monsterinsights_skip_tracking":false,"_monsterinsights_sitenote_active":false,"_monsterinsights_sitenote_note":"","_monsterinsights_sitenote_category":0},"product_brand":[],"product_cat":[12274,12518],"product_tag":[],"class_list":{"0":"post-776238","1":"product","2":"type-product","3":"status-publish","5":"product_cat-cocuk-ve-genclik-kitaplari","6":"product_cat-okul-oncesi-kitaplar","7":"pa_cilt-ciltli","8":"pa_tur-kitap","9":"pa_yayinevi-meav-yayincilik","10":"pa_yazar-elena-arevalo-melville","12":"first","13":"instock","14":"sale","15":"shipping-taxable","16":"purchasable","17":"product-type-simple"},"_links":{"self":[{"href":"https:\/\/roveyayinevi.com.tr\/index.php\/wp-json\/wp\/v2\/product\/776238","targetHints":{"allow":["GET"]}}],"collection":[{"href":"https:\/\/roveyayinevi.com.tr\/index.php\/wp-json\/wp\/v2\/product"}],"about":[{"href":"https:\/\/roveyayinevi.com.tr\/index.php\/wp-json\/wp\/v2\/types\/product"}],"wp:attachment":[{"href":"https:\/\/roveyayinevi.com.tr\/index.php\/wp-json\/wp\/v2\/media?parent=776238"}],"wp:term":[{"taxonomy":"product_brand","embeddable":true,"href":"https:\/\/roveyayinevi.com.tr\/index.php\/wp-json\/wp\/v2\/product_brand?post=776238"},{"taxonomy":"product_cat","embeddable":true,"href":"https:\/\/roveyayinevi.com.tr\/index.php\/wp-json\/wp\/v2\/product_cat?post=776238"},{"taxonomy":"product_tag","embeddable":true,"href":"https:\/\/roveyayinevi.com.tr\/index.php\/wp-json\/wp\/v2\/product_tag?post=776238"}],"curies":[{"name":"wp","href":"https:\/\/api.w.org\/{rel}","templated":true}]}}